{"id":369140,"date":"2025-09-18T14:40:51","date_gmt":"2025-09-18T14:40:51","guid":{"rendered":"https:\/\/occasions-teile.ch\/product\/renault-scenic-anlasser-2\/"},"modified":"2025-09-18T14:41:06","modified_gmt":"2025-09-18T14:41:06","slug":"renault-scenic-anlasser-2","status":"publish","type":"product","link":"https:\/\/occasions-teile.ch\/en\/produkt\/renault-scenic-anlasser-2\/","title":{"rendered":"Renault Scenic  Anlasser"},"content":{"rendered":"<p><span><b>Technische Daten<\/b><\/p>\n<p> Fahrzeug: Renault Scenic<br \/>\n Chassis Nr.: VF1RFA00564438413<br \/>\n Baujahr: 2020<br \/>\n Kilometer: 42871 KM<br \/>\n Leistung: 163 KW<br \/>\n Hubraum: 1332 ccm<br \/>\n Typ: 1RD102<br \/>\n Farbcode: blau<br \/>\n Hinweise: &#8211;<\/p>\n<p> Versand: Versand nur in der Schweiz m\u00f6glich.Im Ausland ist der Transport k\u00e4uferseits.<br \/>\n Garantie: 3 Monate Garantie. Bitte beachten Sie, dass die Gew\u00e4hrleistung nur g\u00fcltig ist, wenn der Ersatzteileinbau durch eine Fachwerkstatt\/Meisterwerkstatt erfolgt. Das Ein- und Ausbau des Ersatzteiles kann nicht an uns verrechnet werden. <\/p>\n<p> Ersatzteil: f\u00fcr andere Fahrzeugen (Marken) verf\u00fcgbar auf anfrage. Tel.041 980 27 47. Mobil. 076 589 27 47<\/p>\n<p> Kontakt<br \/>\n  Adresse: Autoverwertung Brun AG<br \/>\n           M\u00f6\u00f6slimatten 13<br \/>\n           6218 Ettiswil<br \/>\n  Telefon: 0041 (041) 980 27 47<br \/>\n  Telefax: 0041 (041) 980 03 47<\/p>\n<p> Wir bieten Ihnen weitere gebrauchte Autoteile zum Kauf an.<br \/>\n Tags: Anlasser, Starter motor, De\u00b4marreur<br \/>\n<\/span><\/p>\n","protected":false},"excerpt":{"rendered":"<p>Technische Daten Fahrzeug: Renault Scenic Chassis Nr.: VF1RFA00564438413 Baujahr: 2020 Kilometer: 42871 KM Leistung: 163 KW Hubraum: 1332 ccm Typ: 1RD102 Farbcode: blau Hinweise: &#8211; Versand: Versand nur in der Schweiz m\u00f6glich.Im Ausland ist der Transport k\u00e4uferseits. Garantie: 3 Monate Garantie. Bitte beachten Sie, dass die Gew\u00e4hrleistung nur g\u00fcltig ist, wenn der Ersatzteileinbau durch eine&hellip; <a class=\"more-link\" href=\"https:\/\/occasions-teile.ch\/en\/produkt\/renault-scenic-anlasser-2\/\">Continue reading <span class=\"screen-reader-text\">Renault Scenic  Anlasser<\/span><\/a><\/p>\n","protected":false},"featured_media":369137,"template":"","meta":[],"product_brand":[],"product_cat":[693,694,697,698,627,624,621,2433,2436,2439,3527,3528,3529,695,696,24643,24641,24642],"product_tag":[],"class_list":{"0":"post-369140","1":"product","2":"type-product","3":"status-publish","4":"has-post-thumbnail","6":"product_cat-de-anlasser","7":"product_cat-de-anlasser-de-anlasser","8":"product_cat-fr-demarreur","9":"product_cat-fr-demarreur-fr-demarreur","10":"product_cat-fr-electricite-dispositifs-de-commande","11":"product_cat-en-electrics-control-units","12":"product_cat-de-elektrik-steuergeraete","13":"product_cat-de_renault","14":"product_cat-en_renault","15":"product_cat-fr_renault","16":"product_cat-de_slug_renault_scenic_718","17":"product_cat-en_slug_renault_scenic_665","18":"product_cat-fr_slug_renault_scenic_252","19":"product_cat-en-starter-motor","20":"product_cat-en-starter-motor-en-starter-motor","21":"product_cat-fr-vf1rfa00564438413-200000514","22":"product_cat-de-vf1rfa00564438413-200000514","23":"product_cat-en-vf1rfa00564438413-200000514","24":"product_shipping_class-tarif-1","25":"entry","27":"first","28":"instock","29":"taxable","30":"shipping-taxable","31":"purchasable","32":"product-type-simple"},"jetpack_sharing_enabled":true,"_links":{"self":[{"href":"https:\/\/occasions-teile.ch\/en\/wp-json\/wp\/v2\/product\/369140","targetHints":{"allow":["GET"]}}],"collection":[{"href":"https:\/\/occasions-teile.ch\/en\/wp-json\/wp\/v2\/product"}],"about":[{"href":"https:\/\/occasions-teile.ch\/en\/wp-json\/wp\/v2\/types\/product"}],"wp:featuredmedia":[{"embeddable":true,"href":"https:\/\/occasions-teile.ch\/en\/wp-json\/wp\/v2\/media\/369137"}],"wp:attachment":[{"href":"https:\/\/occasions-teile.ch\/en\/wp-json\/wp\/v2\/media?parent=369140"}],"wp:term":[{"taxonomy":"product_brand","embeddable":true,"href":"https:\/\/occasions-teile.ch\/en\/wp-json\/wp\/v2\/product_brand?post=369140"},{"taxonomy":"product_cat","embeddable":true,"href":"https:\/\/occasions-teile.ch\/en\/wp-json\/wp\/v2\/product_cat?post=369140"},{"taxonomy":"product_tag","embeddable":true,"href":"https:\/\/occasions-teile.ch\/en\/wp-json\/wp\/v2\/product_tag?post=369140"}],"curies":[{"name":"wp","href":"https:\/\/api.w.org\/{rel}","templated":true}]}}