{"id":369100,"date":"2025-09-18T13:14:25","date_gmt":"2025-09-18T13:14:25","guid":{"rendered":"https:\/\/occasions-teile.ch\/product\/renault-scenic-kraftstoffpumpe-tankgeber\/"},"modified":"2025-09-18T13:14:37","modified_gmt":"2025-09-18T13:14:37","slug":"renault-scenic-kraftstoffpumpe-tankgeber","status":"publish","type":"product","link":"https:\/\/occasions-teile.ch\/en\/produkt\/renault-scenic-kraftstoffpumpe-tankgeber\/","title":{"rendered":"Renault Scenic  Kraftstoffpumpe Tankgeber"},"content":{"rendered":"<p><span><b>Technische Daten<\/b><\/p>\n<p> Fahrzeug: Renault Scenic<br \/>\n Chassis Nr.: VF1RFA00564438413<br \/>\n Baujahr: 2020<br \/>\n Kilometer: 42871 KM<br \/>\n Leistung: 163 KW<br \/>\n Hubraum: 1332 ccm<br \/>\n Typ: 1RD102<br \/>\n Farbcode: blau<br \/>\n Hinweise: &#8211;<\/p>\n<p> Versand: Versand nur in der Schweiz m\u00f6glich.Im Ausland ist der Transport k\u00e4uferseits.<br \/>\n Garantie: 3 Monate Garantie. Bitte beachten Sie, dass die Gew\u00e4hrleistung nur g\u00fcltig ist, wenn der Ersatzteileinbau durch eine Fachwerkstatt\/Meisterwerkstatt erfolgt. Das Ein- und Ausbau des Ersatzteiles kann nicht an uns verrechnet werden. <\/p>\n<p> Ersatzteil: f\u00fcr andere Fahrzeugen (Marken) verf\u00fcgbar auf anfrage. Tel.041 980 27 47. Mobil. 076 589 27 47<\/p>\n<p> Kontakt<br \/>\n  Adresse: Autoverwertung Brun AG<br \/>\n           M\u00f6\u00f6slimatten 13<br \/>\n           6218 Ettiswil<br \/>\n  Telefon: 0041 (041) 980 27 47<br \/>\n  Telefax: 0041 (041) 980 03 47<\/p>\n<p> Wir bieten Ihnen weitere gebrauchte Autoteile zum Kauf an.<br \/>\n Tags: Kraftstoffpumpe Tankgeber, Fuel pump\/tank sender, Pompe a` carburant\/re\u00b4servoir<br \/>\n<\/span><\/p>\n","protected":false},"excerpt":{"rendered":"<p>Technische Daten Fahrzeug: Renault Scenic Chassis Nr.: VF1RFA00564438413 Baujahr: 2020 Kilometer: 42871 KM Leistung: 163 KW Hubraum: 1332 ccm Typ: 1RD102 Farbcode: blau Hinweise: &#8211; Versand: Versand nur in der Schweiz m\u00f6glich.Im Ausland ist der Transport k\u00e4uferseits. Garantie: 3 Monate Garantie. Bitte beachten Sie, dass die Gew\u00e4hrleistung nur g\u00fcltig ist, wenn der Ersatzteileinbau durch eine&hellip; <a class=\"more-link\" href=\"https:\/\/occasions-teile.ch\/en\/produkt\/renault-scenic-kraftstoffpumpe-tankgeber\/\">Continue reading <span class=\"screen-reader-text\">Renault Scenic  Kraftstoffpumpe Tankgeber<\/span><\/a><\/p>\n","protected":false},"featured_media":369097,"template":"","meta":[],"product_brand":[],"product_cat":[6122,6371,6370,6121,500,494,497,6372,2433,2436,2439,3528,3529,3527,6123,24643,24641,24642],"product_tag":[],"class_list":{"0":"post-369100","1":"product","2":"type-product","3":"status-publish","4":"has-post-thumbnail","6":"product_cat-en-air-fuel-system-motor","7":"product_cat-en-fuel-pump-tank-sender-luft-kraftstoffsystem","8":"product_cat-de-kraftstoffpumpe-tankgeber-luft-kraftstoffsystem","9":"product_cat-de-luft-kraftstoffsystem-motor","10":"product_cat-fr-moteur","11":"product_cat-de-motor","12":"product_cat-en-motor","13":"product_cat-fr-pompe-a-carburant-reservoir-luft-kraftstoffsystem","14":"product_cat-de_renault","15":"product_cat-en_renault","16":"product_cat-fr_renault","17":"product_cat-en_slug_renault_scenic_665","18":"product_cat-fr_slug_renault_scenic_252","19":"product_cat-de_slug_renault_scenic_718","20":"product_cat-fr-systeme-de-carburant-a-air-motor","21":"product_cat-fr-vf1rfa00564438413-200000514","22":"product_cat-de-vf1rfa00564438413-200000514","23":"product_cat-en-vf1rfa00564438413-200000514","24":"product_shipping_class-tarif-1","25":"entry","27":"first","28":"instock","29":"taxable","30":"shipping-taxable","31":"purchasable","32":"product-type-simple"},"jetpack_sharing_enabled":true,"_links":{"self":[{"href":"https:\/\/occasions-teile.ch\/en\/wp-json\/wp\/v2\/product\/369100","targetHints":{"allow":["GET"]}}],"collection":[{"href":"https:\/\/occasions-teile.ch\/en\/wp-json\/wp\/v2\/product"}],"about":[{"href":"https:\/\/occasions-teile.ch\/en\/wp-json\/wp\/v2\/types\/product"}],"wp:featuredmedia":[{"embeddable":true,"href":"https:\/\/occasions-teile.ch\/en\/wp-json\/wp\/v2\/media\/369097"}],"wp:attachment":[{"href":"https:\/\/occasions-teile.ch\/en\/wp-json\/wp\/v2\/media?parent=369100"}],"wp:term":[{"taxonomy":"product_brand","embeddable":true,"href":"https:\/\/occasions-teile.ch\/en\/wp-json\/wp\/v2\/product_brand?post=369100"},{"taxonomy":"product_cat","embeddable":true,"href":"https:\/\/occasions-teile.ch\/en\/wp-json\/wp\/v2\/product_cat?post=369100"},{"taxonomy":"product_tag","embeddable":true,"href":"https:\/\/occasions-teile.ch\/en\/wp-json\/wp\/v2\/product_tag?post=369100"}],"curies":[{"name":"wp","href":"https:\/\/api.w.org\/{rel}","templated":true}]}}