{"id":368675,"date":"2025-09-16T09:31:06","date_gmt":"2025-09-16T09:31:06","guid":{"rendered":"https:\/\/occasions-teile.ch\/product\/renault-scenic-reserveradhalter\/"},"modified":"2025-09-16T09:31:21","modified_gmt":"2025-09-16T09:31:21","slug":"renault-scenic-reserveradhalter","status":"publish","type":"product","link":"https:\/\/occasions-teile.ch\/en\/produkt\/renault-scenic-reserveradhalter\/","title":{"rendered":"Renault Scenic  Reserveradhalter"},"content":{"rendered":"<p><span><b>Technische Daten<\/b><\/p>\n<p> Fahrzeug: Renault Scenic<br \/>\n Chassis Nr.: VF1RFA00564438413<br \/>\n Baujahr: 2020<br \/>\n Kilometer: 42871 KM<br \/>\n Leistung: 163 KW<br \/>\n Hubraum: 1332 ccm<br \/>\n Typ: 1RD102<br \/>\n Farbcode: blau<br \/>\n Hinweise: &#8211;<\/p>\n<p> Versand: Versand nur in der Schweiz m\u00f6glich.Im Ausland ist der Transport k\u00e4uferseits.<br \/>\n Garantie: 3 Monate Garantie. Bitte beachten Sie, dass die Gew\u00e4hrleistung nur g\u00fcltig ist, wenn der Ersatzteileinbau durch eine Fachwerkstatt\/Meisterwerkstatt erfolgt. Das Ein- und Ausbau des Ersatzteiles kann nicht an uns verrechnet werden. <\/p>\n<p> Ersatzteil: f\u00fcr andere Fahrzeugen (Marken) verf\u00fcgbar auf anfrage. Tel.041 980 27 47. Mobil. 076 589 27 47<\/p>\n<p> Kontakt<br \/>\n  Adresse: Autoverwertung Brun AG<br \/>\n           M\u00f6\u00f6slimatten 13<br \/>\n           6218 Ettiswil<br \/>\n  Telefon: 0041 (041) 980 27 47<br \/>\n  Telefax: 0041 (041) 980 03 47<\/p>\n<p> Wir bieten Ihnen weitere gebrauchte Autoteile zum Kauf an.<br \/>\n Tags: Reserveradhalter, Spare wheel holder, Support de roue de secours<br \/>\n<\/span><\/p>\n","protected":false},"excerpt":{"rendered":"<p>Technische Daten Fahrzeug: Renault Scenic Chassis Nr.: VF1RFA00564438413 Baujahr: 2020 Kilometer: 42871 KM Leistung: 163 KW Hubraum: 1332 ccm Typ: 1RD102 Farbcode: blau Hinweise: &#8211; Versand: Versand nur in der Schweiz m\u00f6glich.Im Ausland ist der Transport k\u00e4uferseits. Garantie: 3 Monate Garantie. Bitte beachten Sie, dass die Gew\u00e4hrleistung nur g\u00fcltig ist, wenn der Ersatzteileinbau durch eine&hellip; <a class=\"more-link\" href=\"https:\/\/occasions-teile.ch\/en\/produkt\/renault-scenic-reserveradhalter\/\">Continue reading <span class=\"screen-reader-text\">Renault Scenic  Reserveradhalter<\/span><\/a><\/p>\n","protected":false},"featured_media":368672,"template":"","meta":[],"product_brand":[],"product_cat":[1179,1177,550,2439,2433,2436,24644,1181,556,3527,3528,3529,24645,24646,24642,24643,24641,553],"product_tag":[],"class_list":{"0":"post-368675","1":"product","2":"type-product","3":"status-publish","4":"has-post-thumbnail","6":"product_cat-en-emergency-wheel-spare-wheel","7":"product_cat-de-notrad-reserverad","8":"product_cat-de-raeder-reifen-felgen","9":"product_cat-fr_renault","10":"product_cat-de_renault","11":"product_cat-en_renault","12":"product_cat-de-reserveradhalter","13":"product_cat-fr-roue-de-secours-roue-de-secours","14":"product_cat-fr-roues-pneus-jantes","15":"product_cat-de_slug_renault_scenic_718","16":"product_cat-en_slug_renault_scenic_665","17":"product_cat-fr_slug_renault_scenic_252","18":"product_cat-en-spare-wheel-holder-en-emergency-wheel-spare-wheel-en-wheels-tires-rims","19":"product_cat-fr-support-de-roue-de-secours-fr-roue-de-secours-roue-de-secours","20":"product_cat-en-vf1rfa00564438413-200000514","21":"product_cat-fr-vf1rfa00564438413-200000514","22":"product_cat-de-vf1rfa00564438413-200000514","23":"product_cat-en-wheels-tires-rims","24":"product_shipping_class-tarif-1","25":"entry","27":"first","28":"instock","29":"taxable","30":"shipping-taxable","31":"purchasable","32":"product-type-simple"},"jetpack_sharing_enabled":true,"_links":{"self":[{"href":"https:\/\/occasions-teile.ch\/en\/wp-json\/wp\/v2\/product\/368675","targetHints":{"allow":["GET"]}}],"collection":[{"href":"https:\/\/occasions-teile.ch\/en\/wp-json\/wp\/v2\/product"}],"about":[{"href":"https:\/\/occasions-teile.ch\/en\/wp-json\/wp\/v2\/types\/product"}],"wp:featuredmedia":[{"embeddable":true,"href":"https:\/\/occasions-teile.ch\/en\/wp-json\/wp\/v2\/media\/368672"}],"wp:attachment":[{"href":"https:\/\/occasions-teile.ch\/en\/wp-json\/wp\/v2\/media?parent=368675"}],"wp:term":[{"taxonomy":"product_brand","embeddable":true,"href":"https:\/\/occasions-teile.ch\/en\/wp-json\/wp\/v2\/product_brand?post=368675"},{"taxonomy":"product_cat","embeddable":true,"href":"https:\/\/occasions-teile.ch\/en\/wp-json\/wp\/v2\/product_cat?post=368675"},{"taxonomy":"product_tag","embeddable":true,"href":"https:\/\/occasions-teile.ch\/en\/wp-json\/wp\/v2\/product_tag?post=368675"}],"curies":[{"name":"wp","href":"https:\/\/api.w.org\/{rel}","templated":true}]}}