{"id":367167,"date":"2025-09-04T10:00:08","date_gmt":"2025-09-04T10:00:08","guid":{"rendered":"https:\/\/occasions-teile.ch\/product\/suzuki-swift-hybrid-batterie\/"},"modified":"2025-09-04T10:00:17","modified_gmt":"2025-09-04T10:00:17","slug":"suzuki-swift-hybrid-batterie","status":"publish","type":"product","link":"https:\/\/occasions-teile.ch\/en\/produkt\/suzuki-swift-hybrid-batterie\/","title":{"rendered":"Suzuki Swift  Hybrid-Batterie"},"content":{"rendered":"<p><span><b>Technische Daten<\/b><\/p>\n<p> Fahrzeug: Suzuki Swift<br \/>\n Chassis Nr.: JSAAZD53S00105323<br \/>\n Baujahr: 2018<br \/>\n Kilometer: 91686 KM<br \/>\n Leistung: 90 KW<br \/>\n Hubraum: 1242 ccm<br \/>\n Typ: 1SD814<br \/>\n Farbcode: grau<br \/>\n Hinweise: &#8211;<\/p>\n<p> Versand: Versand nur in der Schweiz m\u00f6glich.Im Ausland ist der Transport k\u00e4uferseits.<br \/>\n Garantie: 3 Monate Garantie. Bitte beachten Sie, dass die Gew\u00e4hrleistung nur g\u00fcltig ist, wenn der Ersatzteileinbau durch eine Fachwerkstatt\/Meisterwerkstatt erfolgt. Das Ein- und Ausbau des Ersatzteiles kann nicht an uns verrechnet werden. <\/p>\n<p> Ersatzteil: f\u00fcr andere Fahrzeugen (Marken) verf\u00fcgbar auf anfrage. Tel.041 980 27 47. Mobil. 076 589 27 47<\/p>\n<p> Kontakt<br \/>\n  Adresse: Autoverwertung Brun AG<br \/>\n           M\u00f6\u00f6slimatten 13<br \/>\n           6218 Ettiswil<br \/>\n  Telefon: 0041 (041) 980 27 47<br \/>\n  Telefax: 0041 (041) 980 03 47<\/p>\n<p> Wir bieten Ihnen weitere gebrauchte Autoteile zum Kauf an.<br \/>\n Tags: Hybrid-Batterie, Hybrid Battery, Batterie hybride<br \/>\n<\/span><\/p>\n","protected":false},"excerpt":{"rendered":"<p>Technische Daten Fahrzeug: Suzuki Swift Chassis Nr.: JSAAZD53S00105323 Baujahr: 2018 Kilometer: 91686 KM Leistung: 90 KW Hubraum: 1242 ccm Typ: 1SD814 Farbcode: grau Hinweise: &#8211; Versand: Versand nur in der Schweiz m\u00f6glich.Im Ausland ist der Transport k\u00e4uferseits. Garantie: 3 Monate Garantie. Bitte beachten Sie, dass die Gew\u00e4hrleistung nur g\u00fcltig ist, wenn der Ersatzteileinbau durch eine&hellip; <a class=\"more-link\" href=\"https:\/\/occasions-teile.ch\/en\/produkt\/suzuki-swift-hybrid-batterie\/\">Continue reading <span class=\"screen-reader-text\">Suzuki Swift  Hybrid-Batterie<\/span><\/a><\/p>\n","protected":false},"featured_media":367164,"template":"","meta":[],"product_brand":[],"product_cat":[1813,23340,1810,1807,23339,23338,1809,1806,1812,24626,24627,24628,449,452,455,2047,2049,2051],"product_tag":[],"class_list":{"0":"post-367167","1":"product","2":"type-product","3":"status-publish","4":"has-post-thumbnail","6":"product_cat-fr-batterie-haute-tension","7":"product_cat-fr-batterie-hybride","8":"product_cat-en-high-voltage-battery","9":"product_cat-de-hochvoltbatterie","10":"product_cat-en-hybrid-battery","11":"product_cat-de-hybrid-batterie","12":"product_cat-en-hybrid-electric","13":"product_cat-de-hybrid-elektro","14":"product_cat-fr-hybride-electrique","15":"product_cat-de-jsaazd53s00105323-200000509","16":"product_cat-en-jsaazd53s00105323-200000509","17":"product_cat-fr-jsaazd53s00105323-200000509","18":"product_cat-suzuki","19":"product_cat-en_suzuki","20":"product_cat-fr_suzuki","21":"product_cat-de_swift","22":"product_cat-en_swift","23":"product_cat-fr_swift","24":"product_shipping_class-tarif-5","25":"entry","27":"first","28":"instock","29":"taxable","30":"shipping-taxable","31":"purchasable","32":"product-type-simple"},"jetpack_sharing_enabled":true,"_links":{"self":[{"href":"https:\/\/occasions-teile.ch\/en\/wp-json\/wp\/v2\/product\/367167","targetHints":{"allow":["GET"]}}],"collection":[{"href":"https:\/\/occasions-teile.ch\/en\/wp-json\/wp\/v2\/product"}],"about":[{"href":"https:\/\/occasions-teile.ch\/en\/wp-json\/wp\/v2\/types\/product"}],"wp:featuredmedia":[{"embeddable":true,"href":"https:\/\/occasions-teile.ch\/en\/wp-json\/wp\/v2\/media\/367164"}],"wp:attachment":[{"href":"https:\/\/occasions-teile.ch\/en\/wp-json\/wp\/v2\/media?parent=367167"}],"wp:term":[{"taxonomy":"product_brand","embeddable":true,"href":"https:\/\/occasions-teile.ch\/en\/wp-json\/wp\/v2\/product_brand?post=367167"},{"taxonomy":"product_cat","embeddable":true,"href":"https:\/\/occasions-teile.ch\/en\/wp-json\/wp\/v2\/product_cat?post=367167"},{"taxonomy":"product_tag","embeddable":true,"href":"https:\/\/occasions-teile.ch\/en\/wp-json\/wp\/v2\/product_tag?post=367167"}],"curies":[{"name":"wp","href":"https:\/\/api.w.org\/{rel}","templated":true}]}}