{"id":366908,"date":"2025-09-03T09:47:49","date_gmt":"2025-09-03T09:47:49","guid":{"rendered":"https:\/\/occasions-teile.ch\/product\/audi-a5-ladeluftkuehler-2\/"},"modified":"2025-09-03T09:48:02","modified_gmt":"2025-09-03T09:48:02","slug":"audi-a5-ladeluftkuehler-2","status":"publish","type":"product","link":"https:\/\/occasions-teile.ch\/en\/produkt\/audi-a5-ladeluftkuehler-2\/","title":{"rendered":"Audi A5  Ladeluftk\u00fchler"},"content":{"rendered":"<p><span><b>Technische Daten<\/b><\/p>\n<p> Fahrzeug: Audi A5<br \/>\n Chassis Nr.: WAUZZZF56KA040386<br \/>\n Baujahr: 2019<br \/>\n Kilometer: 110000 KM<br \/>\n Leistung: 245 KW<br \/>\n Hubraum: 1984 ccm<br \/>\n Typ: 1AH508<br \/>\n Farbcode: White\/Weiss<br \/>\n Hinweise: &#8211;<\/p>\n<p> Versand: Versand nur in der Schweiz m\u00f6glich.Im Ausland ist der Transport k\u00e4uferseits.<br \/>\n Garantie: 3 Monate Garantie. Bitte beachten Sie, dass die Gew\u00e4hrleistung nur g\u00fcltig ist, wenn der Ersatzteileinbau durch eine Fachwerkstatt\/Meisterwerkstatt erfolgt. Das Ein- und Ausbau des Ersatzteiles kann nicht an uns verrechnet werden. <\/p>\n<p> Ersatzteil: f\u00fcr andere Fahrzeugen (Marken) verf\u00fcgbar auf anfrage. Tel.041 980 27 47. Mobil. 076 589 27 47<\/p>\n<p> Kontakt<br \/>\n  Adresse: Autoverwertung Brun AG<br \/>\n           M\u00f6\u00f6slimatten 13<br \/>\n           6218 Ettiswil<br \/>\n  Telefon: 0041 (041) 980 27 47<br \/>\n  Telefax: 0041 (041) 980 03 47<\/p>\n<p> Wir bieten Ihnen weitere gebrauchte Autoteile zum Kauf an.<br \/>\n Tags: Ladeluftk\u00fchler, Intercooler , Refroidisseur d&#8217;air de suralimentation<br \/>\n<\/span><\/p>\n","protected":false},"excerpt":{"rendered":"<p>Technische Daten Fahrzeug: Audi A5 Chassis Nr.: WAUZZZF56KA040386 Baujahr: 2019 Kilometer: 110000 KM Leistung: 245 KW Hubraum: 1984 ccm Typ: 1AH508 Farbcode: White\/Weiss Hinweise: &#8211; Versand: Versand nur in der Schweiz m\u00f6glich.Im Ausland ist der Transport k\u00e4uferseits. Garantie: 3 Monate Garantie. Bitte beachten Sie, dass die Gew\u00e4hrleistung nur g\u00fcltig ist, wenn der Ersatzteileinbau durch eine&hellip; <a class=\"more-link\" href=\"https:\/\/occasions-teile.ch\/en\/produkt\/audi-a5-ladeluftkuehler-2\/\">Continue reading <span class=\"screen-reader-text\">Audi A5  Ladeluftk\u00fchler<\/span><\/a><\/p>\n","protected":false},"featured_media":366905,"template":"","meta":[],"product_brand":[],"product_cat":[4324,4322,4323,6122,458,461,464,6377,6376,6121,500,494,497,6378,6123,24622,24620,24621],"product_tag":[],"class_list":{"0":"post-366908","1":"product","2":"type-product","3":"status-publish","4":"has-post-thumbnail","6":"product_cat-fr_slug_audi_a5_556","7":"product_cat-de_slug_audi_a5_590","8":"product_cat-en_slug_audi_a5_87","9":"product_cat-en-air-fuel-system-motor","10":"product_cat-de_audi","11":"product_cat-en_audi","12":"product_cat-fr_audi","13":"product_cat-en-intercooler-luft-kraftstoffsystem","14":"product_cat-de-ladeluftkuehler-luft-kraftstoffsystem","15":"product_cat-de-luft-kraftstoffsystem-motor","16":"product_cat-fr-moteur","17":"product_cat-de-motor","18":"product_cat-en-motor","19":"product_cat-fr-refroidisseur-dair-de-suralimentation-luft-kraftstoffsystem","20":"product_cat-fr-systeme-de-carburant-a-air-motor","21":"product_cat-fr-wauzzzf56ka040386-200000507","22":"product_cat-de-wauzzzf56ka040386-200000507","23":"product_cat-en-wauzzzf56ka040386-200000507","24":"product_shipping_class-tarif-5","25":"entry","27":"first","28":"instock","29":"taxable","30":"shipping-taxable","31":"purchasable","32":"product-type-simple"},"jetpack_sharing_enabled":true,"_links":{"self":[{"href":"https:\/\/occasions-teile.ch\/en\/wp-json\/wp\/v2\/product\/366908","targetHints":{"allow":["GET"]}}],"collection":[{"href":"https:\/\/occasions-teile.ch\/en\/wp-json\/wp\/v2\/product"}],"about":[{"href":"https:\/\/occasions-teile.ch\/en\/wp-json\/wp\/v2\/types\/product"}],"wp:featuredmedia":[{"embeddable":true,"href":"https:\/\/occasions-teile.ch\/en\/wp-json\/wp\/v2\/media\/366905"}],"wp:attachment":[{"href":"https:\/\/occasions-teile.ch\/en\/wp-json\/wp\/v2\/media?parent=366908"}],"wp:term":[{"taxonomy":"product_brand","embeddable":true,"href":"https:\/\/occasions-teile.ch\/en\/wp-json\/wp\/v2\/product_brand?post=366908"},{"taxonomy":"product_cat","embeddable":true,"href":"https:\/\/occasions-teile.ch\/en\/wp-json\/wp\/v2\/product_cat?post=366908"},{"taxonomy":"product_tag","embeddable":true,"href":"https:\/\/occasions-teile.ch\/en\/wp-json\/wp\/v2\/product_tag?post=366908"}],"curies":[{"name":"wp","href":"https:\/\/api.w.org\/{rel}","templated":true}]}}