{"id":366854,"date":"2025-09-03T07:28:02","date_gmt":"2025-09-03T07:28:02","guid":{"rendered":"https:\/\/occasions-teile.ch\/product\/bmw-x-serien-x1-xenonsteuergeraet-4\/"},"modified":"2025-09-03T07:28:15","modified_gmt":"2025-09-03T07:28:15","slug":"bmw-x-serien-x1-xenonsteuergeraet-4","status":"publish","type":"product","link":"https:\/\/occasions-teile.ch\/en\/produkt\/bmw-x-serien-x1-xenonsteuergeraet-4\/","title":{"rendered":"BMW X-serien X1 Xenonsteuerger\u00e4t"},"content":{"rendered":"<p><span><b>Technische Daten<\/b><\/p>\n<p> Fahrzeug: BMW X-serien X1<br \/>\n Chassis Nr.: WBAHU310205H56407<br \/>\n Baujahr: 2017<br \/>\n Kilometer: 88269 KM<br \/>\n Leistung: 190 KW<br \/>\n Hubraum: 1995 ccm<br \/>\n Typ: 1BJ591<br \/>\n Farbcode: silber<br \/>\n Hinweise: &#8211;<\/p>\n<p> Versand: Versand nur in der Schweiz m\u00f6glich.Im Ausland ist der Transport k\u00e4uferseits.<br \/>\n Garantie: 3 Monate Garantie. Bitte beachten Sie, dass die Gew\u00e4hrleistung nur g\u00fcltig ist, wenn der Ersatzteileinbau durch eine Fachwerkstatt\/Meisterwerkstatt erfolgt. Das Ein- und Ausbau des Ersatzteiles kann nicht an uns verrechnet werden. <\/p>\n<p> Ersatzteil: f\u00fcr andere Fahrzeugen (Marken) verf\u00fcgbar auf anfrage. Tel.041 980 27 47. Mobil. 076 589 27 47<\/p>\n<p> Kontakt<br \/>\n  Adresse: Autoverwertung Brun AG<br \/>\n           M\u00f6\u00f6slimatten 13<br \/>\n           6218 Ettiswil<br \/>\n  Telefon: 0041 (041) 980 27 47<br \/>\n  Telefax: 0041 (041) 980 03 47<\/p>\n<p> Wir bieten Ihnen weitere gebrauchte Autoteile zum Kauf an.<br \/>\n Tags: Xenonsteuerger\u00e4t , xenon control unit, unit\u00e9 de commande x\u00e9non<br \/>\n<\/span><\/p>\n","protected":false},"excerpt":{"rendered":"<p>Technische Daten Fahrzeug: BMW X-serien X1 Chassis Nr.: WBAHU310205H56407 Baujahr: 2017 Kilometer: 88269 KM Leistung: 190 KW Hubraum: 1995 ccm Typ: 1BJ591 Farbcode: silber Hinweise: &#8211; Versand: Versand nur in der Schweiz m\u00f6glich.Im Ausland ist der Transport k\u00e4uferseits. Garantie: 3 Monate Garantie. Bitte beachten Sie, dass die Gew\u00e4hrleistung nur g\u00fcltig ist, wenn der Ersatzteileinbau durch&hellip; <a class=\"more-link\" href=\"https:\/\/occasions-teile.ch\/en\/produkt\/bmw-x-serien-x1-xenonsteuergeraet-4\/\">Continue reading <span class=\"screen-reader-text\">BMW X-serien X1 Xenonsteuerger\u00e4t<\/span><\/a><\/p>\n","protected":false},"featured_media":366851,"template":"","meta":[],"product_brand":[],"product_cat":[897,1515,1509,1512,901,627,624,621,899,1025,24623,24624,24625,2323,2325,2327,1024,1023],"product_tag":[],"class_list":{"0":"post-366854","1":"product","2":"type-product","3":"status-publish","4":"has-post-thumbnail","6":"product_cat-de-beleuchtung","7":"product_cat-fr_bmw","8":"product_cat-de_bmw","9":"product_cat-en_bmw","10":"product_cat-fr-eclairage","11":"product_cat-fr-electricite-dispositifs-de-commande","12":"product_cat-en-electrics-control-units","13":"product_cat-de-elektrik-steuergeraete","14":"product_cat-en-lighting","15":"product_cat-fr-unite-de-commande-xenon","16":"product_cat-de-wbahu310205h56407-200000508","17":"product_cat-en-wbahu310205h56407-200000508","18":"product_cat-fr-wbahu310205h56407-200000508","19":"product_cat-de_x-serien-x1","20":"product_cat-en_x-serien-x1","21":"product_cat-fr_x-serien-x1","22":"product_cat-en-xenon-control-unit","23":"product_cat-de-xenonsteuergeraet","24":"product_shipping_class-tarif-1","25":"entry","27":"first","28":"instock","29":"taxable","30":"shipping-taxable","31":"purchasable","32":"product-type-simple"},"jetpack_sharing_enabled":true,"_links":{"self":[{"href":"https:\/\/occasions-teile.ch\/en\/wp-json\/wp\/v2\/product\/366854","targetHints":{"allow":["GET"]}}],"collection":[{"href":"https:\/\/occasions-teile.ch\/en\/wp-json\/wp\/v2\/product"}],"about":[{"href":"https:\/\/occasions-teile.ch\/en\/wp-json\/wp\/v2\/types\/product"}],"wp:featuredmedia":[{"embeddable":true,"href":"https:\/\/occasions-teile.ch\/en\/wp-json\/wp\/v2\/media\/366851"}],"wp:attachment":[{"href":"https:\/\/occasions-teile.ch\/en\/wp-json\/wp\/v2\/media?parent=366854"}],"wp:term":[{"taxonomy":"product_brand","embeddable":true,"href":"https:\/\/occasions-teile.ch\/en\/wp-json\/wp\/v2\/product_brand?post=366854"},{"taxonomy":"product_cat","embeddable":true,"href":"https:\/\/occasions-teile.ch\/en\/wp-json\/wp\/v2\/product_cat?post=366854"},{"taxonomy":"product_tag","embeddable":true,"href":"https:\/\/occasions-teile.ch\/en\/wp-json\/wp\/v2\/product_tag?post=366854"}],"curies":[{"name":"wp","href":"https:\/\/api.w.org\/{rel}","templated":true}]}}