{"id":366528,"date":"2025-09-01T15:03:43","date_gmt":"2025-09-01T15:03:43","guid":{"rendered":"https:\/\/occasions-teile.ch\/product\/bmw-x-serien-x1-tuere-hinten-2\/"},"modified":"2025-09-01T15:03:55","modified_gmt":"2025-09-01T15:03:55","slug":"bmw-x-serien-x1-tuere-hinten-2","status":"publish","type":"product","link":"https:\/\/occasions-teile.ch\/en\/produkt\/bmw-x-serien-x1-tuere-hinten-2\/","title":{"rendered":"BMW X-serien X1 T\u00fcre hinten"},"content":{"rendered":"<p><span><b>Technische Daten<\/b><\/p>\n<p> Fahrzeug: BMW X-serien X1<br \/>\n Chassis Nr.: WBAHU310205H56407<br \/>\n Baujahr: 2017<br \/>\n Kilometer: 88269 KM<br \/>\n Leistung: 190 KW<br \/>\n Hubraum: 1995 ccm<br \/>\n Typ: 1BJ591<br \/>\n Farbcode: silber<br \/>\n Hinweise: &#8211;<\/p>\n<p> Versand: Versand nur in der Schweiz m\u00f6glich.Im Ausland ist der Transport k\u00e4uferseits.<br \/>\n Garantie: 3 Monate Garantie. Bitte beachten Sie, dass die Gew\u00e4hrleistung nur g\u00fcltig ist, wenn der Ersatzteileinbau durch eine Fachwerkstatt\/Meisterwerkstatt erfolgt. Das Ein- und Ausbau des Ersatzteiles kann nicht an uns verrechnet werden. <\/p>\n<p> Ersatzteil: f\u00fcr andere Fahrzeugen (Marken) verf\u00fcgbar auf anfrage. Tel.041 980 27 47. Mobil. 076 589 27 47<\/p>\n<p> Kontakt<br \/>\n  Adresse: Autoverwertung Brun AG<br \/>\n           M\u00f6\u00f6slimatten 13<br \/>\n           6218 Ettiswil<br \/>\n  Telefon: 0041 (041) 980 27 47<br \/>\n  Telefax: 0041 (041) 980 03 47<\/p>\n<p> Wir bieten Ihnen weitere gebrauchte Autoteile zum Kauf an.<br \/>\n Tags: T\u00fcre hinten, Doors rear , Arrie`re des portes<br \/>\n<\/span><\/p>\n","protected":false},"excerpt":{"rendered":"<p>Technische Daten Fahrzeug: BMW X-serien X1 Chassis Nr.: WBAHU310205H56407 Baujahr: 2017 Kilometer: 88269 KM Leistung: 190 KW Hubraum: 1995 ccm Typ: 1BJ591 Farbcode: silber Hinweise: &#8211; Versand: Versand nur in der Schweiz m\u00f6glich.Im Ausland ist der Transport k\u00e4uferseits. Garantie: 3 Monate Garantie. Bitte beachten Sie, dass die Gew\u00e4hrleistung nur g\u00fcltig ist, wenn der Ersatzteileinbau durch&hellip; <a class=\"more-link\" href=\"https:\/\/occasions-teile.ch\/en\/produkt\/bmw-x-serien-x1-tuere-hinten-2\/\">Continue reading <span class=\"screen-reader-text\">BMW X-serien X1 T\u00fcre hinten<\/span><\/a><\/p>\n","protected":false},"featured_media":366525,"template":"","meta":[],"product_brand":[],"product_cat":[734,1509,1512,1515,488,491,489,733,485,492,732,486,24625,24623,24624,2323,2325,2327],"product_tag":[],"class_list":{"0":"post-366528","1":"product","2":"type-product","3":"status-publish","4":"has-post-thumbnail","6":"product_cat-fr-arriere-des-portes","7":"product_cat-de_bmw","8":"product_cat-en_bmw","9":"product_cat-fr_bmw","10":"product_cat-en-body-center","11":"product_cat-fr-centre-de-la-carrosserie","12":"product_cat-en-doors","13":"product_cat-en-doors-rear","14":"product_cat-de-karosserie-mitte","15":"product_cat-fr-portes","16":"product_cat-de-tuere-hinten","17":"product_cat-de-tueren","18":"product_cat-fr-wbahu310205h56407-200000508","19":"product_cat-de-wbahu310205h56407-200000508","20":"product_cat-en-wbahu310205h56407-200000508","21":"product_cat-de_x-serien-x1","22":"product_cat-en_x-serien-x1","23":"product_cat-fr_x-serien-x1","24":"product_shipping_class-tarif-4","25":"entry","27":"first","28":"instock","29":"taxable","30":"shipping-taxable","31":"purchasable","32":"product-type-simple"},"jetpack_sharing_enabled":true,"_links":{"self":[{"href":"https:\/\/occasions-teile.ch\/en\/wp-json\/wp\/v2\/product\/366528","targetHints":{"allow":["GET"]}}],"collection":[{"href":"https:\/\/occasions-teile.ch\/en\/wp-json\/wp\/v2\/product"}],"about":[{"href":"https:\/\/occasions-teile.ch\/en\/wp-json\/wp\/v2\/types\/product"}],"wp:featuredmedia":[{"embeddable":true,"href":"https:\/\/occasions-teile.ch\/en\/wp-json\/wp\/v2\/media\/366525"}],"wp:attachment":[{"href":"https:\/\/occasions-teile.ch\/en\/wp-json\/wp\/v2\/media?parent=366528"}],"wp:term":[{"taxonomy":"product_brand","embeddable":true,"href":"https:\/\/occasions-teile.ch\/en\/wp-json\/wp\/v2\/product_brand?post=366528"},{"taxonomy":"product_cat","embeddable":true,"href":"https:\/\/occasions-teile.ch\/en\/wp-json\/wp\/v2\/product_cat?post=366528"},{"taxonomy":"product_tag","embeddable":true,"href":"https:\/\/occasions-teile.ch\/en\/wp-json\/wp\/v2\/product_tag?post=366528"}],"curies":[{"name":"wp","href":"https:\/\/api.w.org\/{rel}","templated":true}]}}