{"id":365303,"date":"2025-08-13T15:33:57","date_gmt":"2025-08-13T15:33:57","guid":{"rendered":"https:\/\/occasions-teile.ch\/product\/renault-scenic-partikelfilter\/"},"modified":"2026-02-09T12:55:47","modified_gmt":"2026-02-09T12:55:47","slug":"renault-scenic-partikelfilter","status":"publish","type":"product","link":"https:\/\/occasions-teile.ch\/en\/produkt\/renault-scenic-partikelfilter\/","title":{"rendered":"Renault Scenic  Partikelfilter"},"content":{"rendered":"<p><span><b>Technische Daten<\/b><\/p>\n<p> Fahrzeug: Renault Scenic<br \/>\n Chassis Nr.: VF1RFA00960623703<br \/>\n Baujahr: 2018<br \/>\n Kilometer: 35650 KM<br \/>\n Leistung: 110 KW<br \/>\n Hubraum: 1461 ccm<br \/>\n Typ: 1RC460<br \/>\n Farbcode: Schwarz<br \/>\n Hinweise: &#8211;<\/p>\n<p> Versand: Versand nur in der Schweiz m\u00f6glich.Im Ausland ist der Transport k\u00e4uferseits.<br \/>\n Garantie: 3 Monate Garantie. Bitte beachten Sie, dass die Gew\u00e4hrleistung nur g\u00fcltig ist, wenn der Ersatzteileinbau durch eine Fachwerkstatt\/Meisterwerkstatt erfolgt. Das Ein- und Ausbau des Ersatzteiles kann nicht an uns verrechnet werden. <\/p>\n<p> Ersatzteil: f\u00fcr andere Fahrzeugen (Marken) verf\u00fcgbar auf anfrage. Tel.041 980 27 47. Mobil. 076 589 27 47<\/p>\n<p> Kontakt<br \/>\n  Adresse: Autoverwertung Brun AG<br \/>\n           M\u00f6\u00f6slimatten 13<br \/>\n           6218 Ettiswil<br \/>\n  Telefon: 0041 (041) 980 27 47<br \/>\n  Telefax: 0041 (041) 980 03 47<\/p>\n<p> Wir bieten Ihnen weitere gebrauchte Autoteile zum Kauf an.<br \/>\n Tags: Partikelfilter , Particle Filter, Filtre \u00e0 particule<br \/>\n<\/span><\/p>\n","protected":false},"excerpt":{"rendered":"<p>Technische Daten Fahrzeug: Renault Scenic Chassis Nr.: VF1RFA00960623703 Baujahr: 2018 Kilometer: 35650 KM Leistung: 110 KW Hubraum: 1461 ccm Typ: 1RC460 Farbcode: Schwarz Hinweise: &#8211; Versand: Versand nur in der Schweiz m\u00f6glich.Im Ausland ist der Transport k\u00e4uferseits. Garantie: 3 Monate Garantie. Bitte beachten Sie, dass die Gew\u00e4hrleistung nur g\u00fcltig ist, wenn der Ersatzteileinbau durch eine&hellip; <a class=\"more-link\" href=\"https:\/\/occasions-teile.ch\/en\/produkt\/renault-scenic-partikelfilter\/\">Continue reading <span class=\"screen-reader-text\">Renault Scenic  Partikelfilter<\/span><\/a><\/p>\n","protected":false},"featured_media":365300,"template":"","meta":[],"product_brand":[],"product_cat":[597,646,644,600,2290,642,2289,2288,2433,2436,2439,3529,3527,3528,603,24602,24603,24604],"product_tag":[],"class_list":{"0":"post-365303","1":"product","2":"type-product","3":"status-publish","4":"has-post-thumbnail","6":"product_cat-de-abgasanlage","7":"product_cat-fr-catalyseur-filtre-a-particules","8":"product_cat-en-catalytic-converter-particle-filter","9":"product_cat-en-exhaust-system","10":"product_cat-fr-filtre-a-particule","11":"product_cat-de-katalysator-partikelfilter","12":"product_cat-en-particle-filter","13":"product_cat-de-partikelfilter","14":"product_cat-de_renault","15":"product_cat-en_renault","16":"product_cat-fr_renault","17":"product_cat-fr_slug_renault_scenic_252","18":"product_cat-de_slug_renault_scenic_718","19":"product_cat-en_slug_renault_scenic_665","20":"product_cat-fr-systeme-dechappement","21":"product_cat-de-vf1rfa00960623703-200000501","22":"product_cat-en-vf1rfa00960623703-200000501","23":"product_cat-fr-vf1rfa00960623703-200000501","24":"product_shipping_class-tarif-2","25":"entry","27":"first","28":"instock","29":"taxable","30":"shipping-taxable","31":"purchasable","32":"product-type-simple"},"jetpack_sharing_enabled":true,"_links":{"self":[{"href":"https:\/\/occasions-teile.ch\/en\/wp-json\/wp\/v2\/product\/365303","targetHints":{"allow":["GET"]}}],"collection":[{"href":"https:\/\/occasions-teile.ch\/en\/wp-json\/wp\/v2\/product"}],"about":[{"href":"https:\/\/occasions-teile.ch\/en\/wp-json\/wp\/v2\/types\/product"}],"wp:featuredmedia":[{"embeddable":true,"href":"https:\/\/occasions-teile.ch\/en\/wp-json\/wp\/v2\/media\/365300"}],"wp:attachment":[{"href":"https:\/\/occasions-teile.ch\/en\/wp-json\/wp\/v2\/media?parent=365303"}],"wp:term":[{"taxonomy":"product_brand","embeddable":true,"href":"https:\/\/occasions-teile.ch\/en\/wp-json\/wp\/v2\/product_brand?post=365303"},{"taxonomy":"product_cat","embeddable":true,"href":"https:\/\/occasions-teile.ch\/en\/wp-json\/wp\/v2\/product_cat?post=365303"},{"taxonomy":"product_tag","embeddable":true,"href":"https:\/\/occasions-teile.ch\/en\/wp-json\/wp\/v2\/product_tag?post=365303"}],"curies":[{"name":"wp","href":"https:\/\/api.w.org\/{rel}","templated":true}]}}