{"id":365189,"date":"2025-08-13T13:28:14","date_gmt":"2025-08-13T13:28:14","guid":{"rendered":"https:\/\/occasions-teile.ch\/product\/renault-scenic-stossstange-stossfaenger-hinten\/"},"modified":"2025-08-13T13:28:25","modified_gmt":"2025-08-13T13:28:25","slug":"renault-scenic-stossstange-stossfaenger-hinten","status":"publish","type":"product","link":"https:\/\/occasions-teile.ch\/en\/produkt\/renault-scenic-stossstange-stossfaenger-hinten\/","title":{"rendered":"Renault Scenic  Stossstange Stossf\u00e4nger hinten"},"content":{"rendered":"<p><span><b>Technische Daten<\/b><\/p>\n<p> Fahrzeug: Renault Scenic<br \/>\n Chassis Nr.: VF1RFA00960623703<br \/>\n Baujahr: 2018<br \/>\n Kilometer: 35650 KM<br \/>\n Leistung: 110 KW<br \/>\n Hubraum: 1461 ccm<br \/>\n Typ: 1RC460<br \/>\n Farbcode: Schwarz<br \/>\n Hinweise: &#8211;<\/p>\n<p> Versand: Versand nur in der Schweiz m\u00f6glich.Im Ausland ist der Transport k\u00e4uferseits.<br \/>\n Garantie: 3 Monate Garantie. Bitte beachten Sie, dass die Gew\u00e4hrleistung nur g\u00fcltig ist, wenn der Ersatzteileinbau durch eine Fachwerkstatt\/Meisterwerkstatt erfolgt. Das Ein- und Ausbau des Ersatzteiles kann nicht an uns verrechnet werden. <\/p>\n<p> Ersatzteil: f\u00fcr andere Fahrzeugen (Marken) verf\u00fcgbar auf anfrage. Tel.041 980 27 47. Mobil. 076 589 27 47<\/p>\n<p> Kontakt<br \/>\n  Adresse: Autoverwertung Brun AG<br \/>\n           M\u00f6\u00f6slimatten 13<br \/>\n           6218 Ettiswil<br \/>\n  Telefon: 0041 (041) 980 27 47<br \/>\n  Telefax: 0041 (041) 980 03 47<\/p>\n<p> Wir bieten Ihnen weitere gebrauchte Autoteile zum Kauf an.<br \/>\n Tags: Stossstange Stossf\u00e4nger hinten, Rear bumper, Pare-chocs arrie`re<br \/>\n<\/span><\/p>\n","protected":false},"excerpt":{"rendered":"<p>Technische Daten Fahrzeug: Renault Scenic Chassis Nr.: VF1RFA00960623703 Baujahr: 2018 Kilometer: 35650 KM Leistung: 110 KW Hubraum: 1461 ccm Typ: 1RC460 Farbcode: Schwarz Hinweise: &#8211; Versand: Versand nur in der Schweiz m\u00f6glich.Im Ausland ist der Transport k\u00e4uferseits. Garantie: 3 Monate Garantie. Bitte beachten Sie, dass die Gew\u00e4hrleistung nur g\u00fcltig ist, wenn der Ersatzteileinbau durch eine&hellip; <a class=\"more-link\" href=\"https:\/\/occasions-teile.ch\/en\/produkt\/renault-scenic-stossstange-stossfaenger-hinten\/\">Continue reading <span class=\"screen-reader-text\">Renault Scenic  Stossstange Stossf\u00e4nger hinten<\/span><\/a><\/p>\n","protected":false},"featured_media":365186,"template":"","meta":[],"product_brand":[],"product_cat":[524,752,527,521,755,754,753,2439,2433,2436,3527,3528,3529,750,751,24602,24603,24604],"product_tag":[],"class_list":{"0":"post-365189","1":"product","2":"type-product","3":"status-publish","4":"has-post-thumbnail","6":"product_cat-en-body-rear","7":"product_cat-en-bumper-rearparts","8":"product_cat-fr-carrosserie-arriere","9":"product_cat-de-karosserie-heck","10":"product_cat-fr-pare-chocs-arriere","11":"product_cat-fr-pare-chocs-arrierepieces","12":"product_cat-en-rear-bumper","13":"product_cat-fr_renault","14":"product_cat-de_renault","15":"product_cat-en_renault","16":"product_cat-de_slug_renault_scenic_718","17":"product_cat-en_slug_renault_scenic_665","18":"product_cat-fr_slug_renault_scenic_252","19":"product_cat-de-stossfaengerhintenteile","20":"product_cat-de-stossstange-stossfaenger-hinten","21":"product_cat-de-vf1rfa00960623703-200000501","22":"product_cat-en-vf1rfa00960623703-200000501","23":"product_cat-fr-vf1rfa00960623703-200000501","24":"product_shipping_class-tarif-4","25":"entry","27":"first","28":"instock","29":"taxable","30":"shipping-taxable","31":"purchasable","32":"product-type-simple"},"jetpack_sharing_enabled":true,"_links":{"self":[{"href":"https:\/\/occasions-teile.ch\/en\/wp-json\/wp\/v2\/product\/365189","targetHints":{"allow":["GET"]}}],"collection":[{"href":"https:\/\/occasions-teile.ch\/en\/wp-json\/wp\/v2\/product"}],"about":[{"href":"https:\/\/occasions-teile.ch\/en\/wp-json\/wp\/v2\/types\/product"}],"wp:featuredmedia":[{"embeddable":true,"href":"https:\/\/occasions-teile.ch\/en\/wp-json\/wp\/v2\/media\/365186"}],"wp:attachment":[{"href":"https:\/\/occasions-teile.ch\/en\/wp-json\/wp\/v2\/media?parent=365189"}],"wp:term":[{"taxonomy":"product_brand","embeddable":true,"href":"https:\/\/occasions-teile.ch\/en\/wp-json\/wp\/v2\/product_brand?post=365189"},{"taxonomy":"product_cat","embeddable":true,"href":"https:\/\/occasions-teile.ch\/en\/wp-json\/wp\/v2\/product_cat?post=365189"},{"taxonomy":"product_tag","embeddable":true,"href":"https:\/\/occasions-teile.ch\/en\/wp-json\/wp\/v2\/product_tag?post=365189"}],"curies":[{"name":"wp","href":"https:\/\/api.w.org\/{rel}","templated":true}]}}