{"id":365141,"date":"2025-08-13T09:09:13","date_gmt":"2025-08-13T09:09:13","guid":{"rendered":"https:\/\/occasions-teile.ch\/product\/renault-scenic-ausgleichsbehaelter\/"},"modified":"2025-08-13T09:09:23","modified_gmt":"2025-08-13T09:09:23","slug":"renault-scenic-ausgleichsbehaelter","status":"publish","type":"product","link":"https:\/\/occasions-teile.ch\/en\/produkt\/renault-scenic-ausgleichsbehaelter\/","title":{"rendered":"Renault Scenic  Ausgleichsbeh\u00e4lter"},"content":{"rendered":"<p><span><b>Technische Daten<\/b><\/p>\n<p> Fahrzeug: Renault Scenic<br \/>\n Chassis Nr.: VF1RFA00960623703<br \/>\n Baujahr: 2018<br \/>\n Kilometer: 35650 KM<br \/>\n Leistung: 110 KW<br \/>\n Hubraum: 1461 ccm<br \/>\n Typ: 1RC460<br \/>\n Farbcode: Schwarz<br \/>\n Hinweise: &#8211;<\/p>\n<p> Versand: Versand nur in der Schweiz m\u00f6glich.Im Ausland ist der Transport k\u00e4uferseits.<br \/>\n Garantie: 3 Monate Garantie. Bitte beachten Sie, dass die Gew\u00e4hrleistung nur g\u00fcltig ist, wenn der Ersatzteileinbau durch eine Fachwerkstatt\/Meisterwerkstatt erfolgt. Das Ein- und Ausbau des Ersatzteiles kann nicht an uns verrechnet werden. <\/p>\n<p> Ersatzteil: f\u00fcr andere Fahrzeugen (Marken) verf\u00fcgbar auf anfrage. Tel.041 980 27 47. Mobil. 076 589 27 47<\/p>\n<p> Kontakt<br \/>\n  Adresse: Autoverwertung Brun AG<br \/>\n           M\u00f6\u00f6slimatten 13<br \/>\n           6218 Ettiswil<br \/>\n  Telefon: 0041 (041) 980 27 47<br \/>\n  Telefax: 0041 (041) 980 03 47<\/p>\n<p> Wir bieten Ihnen weitere gebrauchte Autoteile zum Kauf an.<br \/>\n Tags: Ausgleichsbeh\u00e4lter, Equalizing tank, Re\u00b4servoir de compensation<br \/>\n<\/span><\/p>\n","protected":false},"excerpt":{"rendered":"<p>Technische Daten Fahrzeug: Renault Scenic Chassis Nr.: VF1RFA00960623703 Baujahr: 2018 Kilometer: 35650 KM Leistung: 110 KW Hubraum: 1461 ccm Typ: 1RC460 Farbcode: Schwarz Hinweise: &#8211; Versand: Versand nur in der Schweiz m\u00f6glich.Im Ausland ist der Transport k\u00e4uferseits. Garantie: 3 Monate Garantie. Bitte beachten Sie, dass die Gew\u00e4hrleistung nur g\u00fcltig ist, wenn der Ersatzteileinbau durch eine&hellip; <a class=\"more-link\" href=\"https:\/\/occasions-teile.ch\/en\/produkt\/renault-scenic-ausgleichsbehaelter\/\">Continue reading <span class=\"screen-reader-text\">Renault Scenic  Ausgleichsbeh\u00e4lter<\/span><\/a><\/p>\n","protected":false},"featured_media":365138,"template":"","meta":[],"product_brand":[],"product_cat":[1000,1001,1002,999,500,497,494,1004,1003,2439,2433,2436,3527,3528,3529,24602,24603,24604],"product_tag":[],"class_list":{"0":"post-365141","1":"product","2":"type-product","3":"status-publish","4":"has-post-thumbnail","6":"product_cat-de-ausgleichsbehaelter","7":"product_cat-en-coolingmotor","8":"product_cat-en-equalizing-tank","9":"product_cat-de-kuehlungmotor","10":"product_cat-fr-moteur","11":"product_cat-en-motor","12":"product_cat-de-motor","13":"product_cat-fr-reservoir-de-compensation","14":"product_cat-fr-refroidissement-moteur","15":"product_cat-fr_renault","16":"product_cat-de_renault","17":"product_cat-en_renault","18":"product_cat-de_slug_renault_scenic_718","19":"product_cat-en_slug_renault_scenic_665","20":"product_cat-fr_slug_renault_scenic_252","21":"product_cat-de-vf1rfa00960623703-200000501","22":"product_cat-en-vf1rfa00960623703-200000501","23":"product_cat-fr-vf1rfa00960623703-200000501","24":"product_shipping_class-tarif-1","25":"entry","27":"first","28":"instock","29":"taxable","30":"shipping-taxable","31":"purchasable","32":"product-type-simple"},"jetpack_sharing_enabled":true,"_links":{"self":[{"href":"https:\/\/occasions-teile.ch\/en\/wp-json\/wp\/v2\/product\/365141","targetHints":{"allow":["GET"]}}],"collection":[{"href":"https:\/\/occasions-teile.ch\/en\/wp-json\/wp\/v2\/product"}],"about":[{"href":"https:\/\/occasions-teile.ch\/en\/wp-json\/wp\/v2\/types\/product"}],"wp:featuredmedia":[{"embeddable":true,"href":"https:\/\/occasions-teile.ch\/en\/wp-json\/wp\/v2\/media\/365138"}],"wp:attachment":[{"href":"https:\/\/occasions-teile.ch\/en\/wp-json\/wp\/v2\/media?parent=365141"}],"wp:term":[{"taxonomy":"product_brand","embeddable":true,"href":"https:\/\/occasions-teile.ch\/en\/wp-json\/wp\/v2\/product_brand?post=365141"},{"taxonomy":"product_cat","embeddable":true,"href":"https:\/\/occasions-teile.ch\/en\/wp-json\/wp\/v2\/product_cat?post=365141"},{"taxonomy":"product_tag","embeddable":true,"href":"https:\/\/occasions-teile.ch\/en\/wp-json\/wp\/v2\/product_tag?post=365141"}],"curies":[{"name":"wp","href":"https:\/\/api.w.org\/{rel}","templated":true}]}}