{"id":364767,"date":"2025-08-08T15:55:39","date_gmt":"2025-08-08T15:55:39","guid":{"rendered":"https:\/\/occasions-teile.ch\/product\/suzuki-swift-heckleuchten\/"},"modified":"2025-08-08T15:55:51","modified_gmt":"2025-08-08T15:55:51","slug":"suzuki-swift-heckleuchten","status":"publish","type":"product","link":"https:\/\/occasions-teile.ch\/en\/produkt\/suzuki-swift-heckleuchten\/","title":{"rendered":"Suzuki Swift  Heckleuchten"},"content":{"rendered":"<p><span><b>Technische Daten<\/b><\/p>\n<p> Fahrzeug: Suzuki Swift<br \/>\n Chassis Nr.: JSAAZC33S00115315<br \/>\n Baujahr: 2019<br \/>\n Kilometer: 114840 KM<br \/>\n Leistung: 140 KW<br \/>\n Hubraum: 1373 ccm<br \/>\n Typ: 1SD818<br \/>\n Farbcode: White\/Weiss<br \/>\n Hinweise: &#8211;<\/p>\n<p> Versand: Versand nur in der Schweiz m\u00f6glich.Im Ausland ist der Transport k\u00e4uferseits.<br \/>\n Garantie: 3 Monate Garantie. Bitte beachten Sie, dass die Gew\u00e4hrleistung nur g\u00fcltig ist, wenn der Ersatzteileinbau durch eine Fachwerkstatt\/Meisterwerkstatt erfolgt. Das Ein- und Ausbau des Ersatzteiles kann nicht an uns verrechnet werden. <\/p>\n<p> Ersatzteil: f\u00fcr andere Fahrzeugen (Marken) verf\u00fcgbar auf anfrage. Tel.041 980 27 47. Mobil. 076 589 27 47<\/p>\n<p> Kontakt<br \/>\n  Adresse: Autoverwertung Brun AG<br \/>\n           M\u00f6\u00f6slimatten 13<br \/>\n           6218 Ettiswil<br \/>\n  Telefon: 0041 (041) 980 27 47<br \/>\n  Telefax: 0041 (041) 980 03 47<\/p>\n<p> Wir bieten Ihnen weitere gebrauchte Autoteile zum Kauf an.<br \/>\n Tags: Heckleuchten, Taillights, Feux arrie`re<br \/>\n<\/span><\/p>\n","protected":false},"excerpt":{"rendered":"<p>Technische Daten Fahrzeug: Suzuki Swift Chassis Nr.: JSAAZC33S00115315 Baujahr: 2019 Kilometer: 114840 KM Leistung: 140 KW Hubraum: 1373 ccm Typ: 1SD818 Farbcode: White\/Weiss Hinweise: &#8211; Versand: Versand nur in der Schweiz m\u00f6glich.Im Ausland ist der Transport k\u00e4uferseits. Garantie: 3 Monate Garantie. Bitte beachten Sie, dass die Gew\u00e4hrleistung nur g\u00fcltig ist, wenn der Ersatzteileinbau durch eine&hellip; <a class=\"more-link\" href=\"https:\/\/occasions-teile.ch\/en\/produkt\/suzuki-swift-heckleuchten\/\">Continue reading <span class=\"screen-reader-text\">Suzuki Swift  Heckleuchten<\/span><\/a><\/p>\n","protected":false},"featured_media":364764,"template":"","meta":[],"product_brand":[],"product_cat":[897,901,627,624,621,6591,6589,24597,24598,24596,899,449,452,455,2047,2049,2051,6590],"product_tag":[],"class_list":{"0":"post-364767","1":"product","2":"type-product","3":"status-publish","4":"has-post-thumbnail","6":"product_cat-de-beleuchtung","7":"product_cat-fr-eclairage","8":"product_cat-fr-electricite-dispositifs-de-commande","9":"product_cat-en-electrics-control-units","10":"product_cat-de-elektrik-steuergeraete","11":"product_cat-fr-feux-arriere-beleuchtung","12":"product_cat-de-heckleuchten-beleuchtung","13":"product_cat-en-jsaazc33s00115315-200000496","14":"product_cat-fr-jsaazc33s00115315-200000496","15":"product_cat-de-jsaazc33s00115315-200000496","16":"product_cat-en-lighting","17":"product_cat-suzuki","18":"product_cat-en_suzuki","19":"product_cat-fr_suzuki","20":"product_cat-de_swift","21":"product_cat-en_swift","22":"product_cat-fr_swift","23":"product_cat-en-taillights-beleuchtung","24":"product_shipping_class-tarif-1","25":"entry","27":"first","28":"instock","29":"taxable","30":"shipping-taxable","31":"purchasable","32":"product-type-simple"},"jetpack_sharing_enabled":true,"_links":{"self":[{"href":"https:\/\/occasions-teile.ch\/en\/wp-json\/wp\/v2\/product\/364767","targetHints":{"allow":["GET"]}}],"collection":[{"href":"https:\/\/occasions-teile.ch\/en\/wp-json\/wp\/v2\/product"}],"about":[{"href":"https:\/\/occasions-teile.ch\/en\/wp-json\/wp\/v2\/types\/product"}],"wp:featuredmedia":[{"embeddable":true,"href":"https:\/\/occasions-teile.ch\/en\/wp-json\/wp\/v2\/media\/364764"}],"wp:attachment":[{"href":"https:\/\/occasions-teile.ch\/en\/wp-json\/wp\/v2\/media?parent=364767"}],"wp:term":[{"taxonomy":"product_brand","embeddable":true,"href":"https:\/\/occasions-teile.ch\/en\/wp-json\/wp\/v2\/product_brand?post=364767"},{"taxonomy":"product_cat","embeddable":true,"href":"https:\/\/occasions-teile.ch\/en\/wp-json\/wp\/v2\/product_cat?post=364767"},{"taxonomy":"product_tag","embeddable":true,"href":"https:\/\/occasions-teile.ch\/en\/wp-json\/wp\/v2\/product_tag?post=364767"}],"curies":[{"name":"wp","href":"https:\/\/api.w.org\/{rel}","templated":true}]}}