{"id":36398,"date":"2023-05-22T11:59:36","date_gmt":"2023-05-22T11:59:36","guid":{"rendered":"https:\/\/occasions-teile.ch\/product\/audi-a7-automatikgetriebe\/"},"modified":"2024-05-27T22:55:07","modified_gmt":"2024-05-27T22:55:07","slug":"audi-a7-automatikgetriebe","status":"publish","type":"product","link":"https:\/\/occasions-teile.ch\/en\/produkt\/audi-a7-automatikgetriebe\/","title":{"rendered":"Audi A7  Automatikgetriebe"},"content":{"rendered":"<p><span><b>Technische Daten<\/b><\/p>\n<p> Fahrzeug: Audi A7<br \/>\n Chassis Nr.: WAUZZZ4G1DN120954<br \/>\n Baujahr: 2013<br \/>\n Kilometer: 185128 KM<br \/>\n Leistung: 313 KW<br \/>\n Hubraum: 2967 ccm<br \/>\n Typ: 1AC832<br \/>\n Farbcode: Black<br \/>\n Hinweise: NVF NEU NXT<br \/>\nNNT NZP PDC<br \/>\nQCZ QDC QDB<\/p>\n<p> Versand: Versand nur in der Schweiz m\u00f6glich.Im Ausland ist der Transport k\u00e4uferseits.<br \/>\n Garantie: 3 Monate Garantie. Bitte beachten Sie, dass die Gew\u00e4hrleistung nur g\u00fcltig ist, wenn der Ersatzteileinbau durch eine Fachwerkstatt\/Meisterwerkstatt erfolgt. Das Ein- und Ausbau des Ersatzteiles kann nicht an uns verrechnet werden. <\/p>\n<p> Ersatzteil: f\u00fcr andere Fahrzeugen (Marken) verf\u00fcgbar auf anfrage. Tel.041 980 27 47. Mobil. 076 589 27 47<\/p>\n<p> Kontakt<br \/>\n  Adresse: Autoverwertung Brun AG<br \/>\n           M\u00f6\u00f6slimatten 13<br \/>\n           6218 Ettiswil<br \/>\n  Telefon: 0041 (041) 980 27 47<br \/>\n  Telefax: 0041 (041) 980 03 47<\/p>\n<p> Wir bieten Ihnen weitere gebrauchte Autoteile zum Kauf an.<br \/>\n<\/span><\/p>\n","protected":false},"excerpt":{"rendered":"<p>Technische Daten Fahrzeug: Audi A7 Chassis Nr.: WAUZZZ4G1DN120954 Baujahr: 2013 Kilometer: 185128 KM Leistung: 313 KW Hubraum: 2967 ccm Typ: 1AC832 Farbcode: Black Hinweise: NVF NEU NXT NNT NZP PDC QCZ QDC QDB Versand: Versand nur in der Schweiz m\u00f6glich.Im Ausland ist der Transport k\u00e4uferseits. Garantie: 3 Monate Garantie. Bitte beachten Sie, dass die Gew\u00e4hrleistung&hellip; <a class=\"more-link\" href=\"https:\/\/occasions-teile.ch\/en\/produkt\/audi-a7-automatikgetriebe\/\">Continue reading <span class=\"screen-reader-text\">Audi A7  Automatikgetriebe<\/span><\/a><\/p>\n","protected":false},"featured_media":36395,"template":"","meta":[],"product_brand":[],"product_cat":[23732,2037,2039,2035,461,464,458,1052,1053,1050,1051,1055,1054,651,648,654,2038,2034,2036],"product_tag":[],"class_list":{"0":"post-36398","1":"product","2":"type-product","3":"status-publish","4":"has-post-thumbnail","6":"product_cat-de-4g-3-0tdi-de_a7-de_audi-manufacturer-308","7":"product_cat-en_a7","8":"product_cat-fr_a7","9":"product_cat-de_a7","10":"product_cat-en_audi","11":"product_cat-fr_audi","12":"product_cat-de_audi","13":"product_cat-en-automatic-transmission","14":"product_cat-en-automatic-transmission-en-automatic-transmission","15":"product_cat-de-automatikgetriebe","16":"product_cat-de-automatikgetriebe-de-automatikgetriebe","17":"product_cat-fr-boite-de-vitesses-automatique-fr-boite-de-vitesses-automatique","18":"product_cat-fr-boite-de-vitesses-automatique","19":"product_cat-en-gearbox-drive","20":"product_cat-de-getriebe-antrieb","21":"product_cat-fr-transmission-entrainement","22":"product_cat-fr-wauzzz4g1dn120954","23":"product_cat-de-wauzzz4g1dn120954","24":"product_cat-en-wauzzz4g1dn120954","25":"product_shipping_class-tarif-4","26":"entry","28":"first","29":"instock","30":"taxable","31":"shipping-taxable","32":"purchasable","33":"product-type-simple"},"jetpack_sharing_enabled":true,"_links":{"self":[{"href":"https:\/\/occasions-teile.ch\/en\/wp-json\/wp\/v2\/product\/36398","targetHints":{"allow":["GET"]}}],"collection":[{"href":"https:\/\/occasions-teile.ch\/en\/wp-json\/wp\/v2\/product"}],"about":[{"href":"https:\/\/occasions-teile.ch\/en\/wp-json\/wp\/v2\/types\/product"}],"wp:featuredmedia":[{"embeddable":true,"href":"https:\/\/occasions-teile.ch\/en\/wp-json\/wp\/v2\/media\/36395"}],"wp:attachment":[{"href":"https:\/\/occasions-teile.ch\/en\/wp-json\/wp\/v2\/media?parent=36398"}],"wp:term":[{"taxonomy":"product_brand","embeddable":true,"href":"https:\/\/occasions-teile.ch\/en\/wp-json\/wp\/v2\/product_brand?post=36398"},{"taxonomy":"product_cat","embeddable":true,"href":"https:\/\/occasions-teile.ch\/en\/wp-json\/wp\/v2\/product_cat?post=36398"},{"taxonomy":"product_tag","embeddable":true,"href":"https:\/\/occasions-teile.ch\/en\/wp-json\/wp\/v2\/product_tag?post=36398"}],"curies":[{"name":"wp","href":"https:\/\/api.w.org\/{rel}","templated":true}]}}