{"id":360724,"date":"2025-07-04T13:34:57","date_gmt":"2025-07-04T13:34:57","guid":{"rendered":"https:\/\/occasions-teile.ch\/product\/ford-ranger-reifen\/"},"modified":"2025-07-04T13:35:09","modified_gmt":"2025-07-04T13:35:09","slug":"ford-ranger-reifen","status":"publish","type":"product","link":"https:\/\/occasions-teile.ch\/en\/produkt\/ford-ranger-reifen\/","title":{"rendered":"Ford Ranger  Reifen"},"content":{"rendered":"<p><span><b>Technische Daten<\/b><\/p>\n<p> Fahrzeug: Ford Ranger<br \/>\n Chassis Nr.: 6FPPXXMJ2PLE24628<br \/>\n Baujahr: 2021<br \/>\n Kilometer: 72066 KM<br \/>\n Leistung: 212 KW<br \/>\n Hubraum: 1996 ccm<br \/>\n Typ: 3FJ627<br \/>\n Farbcode: Schwarz<br \/>\n Hinweise: LT265\/60RR18 119\/116S M+S T-A K02 70%<br \/>\n3x am Lager<\/p>\n<p> Versand: Versand nur in der Schweiz m\u00f6glich.Im Ausland ist der Transport k\u00e4uferseits.<br \/>\n Garantie: 3 Monate Garantie. Bitte beachten Sie, dass die Gew\u00e4hrleistung nur g\u00fcltig ist, wenn der Ersatzteileinbau durch eine Fachwerkstatt\/Meisterwerkstatt erfolgt. Das Ein- und Ausbau des Ersatzteiles kann nicht an uns verrechnet werden. <\/p>\n<p> Ersatzteil: f\u00fcr andere Fahrzeugen (Marken) verf\u00fcgbar auf anfrage. Tel.041 980 27 47. Mobil. 076 589 27 47<\/p>\n<p> Kontakt<br \/>\n  Adresse: Autoverwertung Brun AG<br \/>\n           M\u00f6\u00f6slimatten 13<br \/>\n           6218 Ettiswil<br \/>\n  Telefon: 0041 (041) 980 27 47<br \/>\n  Telefax: 0041 (041) 980 03 47<\/p>\n<p> Wir bieten Ihnen weitere gebrauchte Autoteile zum Kauf an.<br \/>\n Tags: Reifen, Set of rims, Pneus<br \/>\n<\/span><\/p>\n","protected":false},"excerpt":{"rendered":"<p>Technische Daten Fahrzeug: Ford Ranger Chassis Nr.: 6FPPXXMJ2PLE24628 Baujahr: 2021 Kilometer: 72066 KM Leistung: 212 KW Hubraum: 1996 ccm Typ: 3FJ627 Farbcode: Schwarz Hinweise: LT265\/60RR18 119\/116S M+S T-A K02 70% 3x am Lager Versand: Versand nur in der Schweiz m\u00f6glich.Im Ausland ist der Transport k\u00e4uferseits. Garantie: 3 Monate Garantie. Bitte beachten Sie, dass die Gew\u00e4hrleistung&hellip; <a class=\"more-link\" href=\"https:\/\/occasions-teile.ch\/en\/produkt\/ford-ranger-reifen\/\">Continue reading <span class=\"screen-reader-text\">Ford Ranger  Reifen<\/span><\/a><\/p>\n","protected":false},"featured_media":360721,"template":"","meta":[],"product_brand":[],"product_cat":[24537,24537,24537,1589,1589,1589,557,558,553,2067,2067,2067,552,551,553,554,555,553],"product_tag":[],"class_list":{"0":"post-360724","1":"product","2":"type-product","3":"status-publish","4":"has-post-thumbnail","6":"product_cat-en-6fppxxmj2ple24628-200000479","9":"product_cat-en_ford","12":"product_cat-fr-pneus","13":"product_cat-fr-pneus-fr-pneus","14":"product_cat-en-wheels-tires-rims","15":"product_cat-en_ranger","18":"product_cat-de-reifen-de-reifen","19":"product_cat-de-reifen","21":"product_cat-en-set-of-rims","22":"product_cat-en-set-of-rims-en-set-of-rims","24":"product_shipping_class-tarif-4-en","25":"entry","27":"first","28":"instock","29":"taxable","30":"shipping-taxable","31":"purchasable","32":"product-type-simple"},"jetpack_sharing_enabled":true,"_links":{"self":[{"href":"https:\/\/occasions-teile.ch\/en\/wp-json\/wp\/v2\/product\/360724","targetHints":{"allow":["GET"]}}],"collection":[{"href":"https:\/\/occasions-teile.ch\/en\/wp-json\/wp\/v2\/product"}],"about":[{"href":"https:\/\/occasions-teile.ch\/en\/wp-json\/wp\/v2\/types\/product"}],"wp:featuredmedia":[{"embeddable":true,"href":"https:\/\/occasions-teile.ch\/en\/wp-json\/wp\/v2\/media\/360721"}],"wp:attachment":[{"href":"https:\/\/occasions-teile.ch\/en\/wp-json\/wp\/v2\/media?parent=360724"}],"wp:term":[{"taxonomy":"product_brand","embeddable":true,"href":"https:\/\/occasions-teile.ch\/en\/wp-json\/wp\/v2\/product_brand?post=360724"},{"taxonomy":"product_cat","embeddable":true,"href":"https:\/\/occasions-teile.ch\/en\/wp-json\/wp\/v2\/product_cat?post=360724"},{"taxonomy":"product_tag","embeddable":true,"href":"https:\/\/occasions-teile.ch\/en\/wp-json\/wp\/v2\/product_tag?post=360724"}],"curies":[{"name":"wp","href":"https:\/\/api.w.org\/{rel}","templated":true}]}}