{"id":360241,"date":"2025-06-30T14:53:13","date_gmt":"2025-06-30T14:53:13","guid":{"rendered":"https:\/\/occasions-teile.ch\/product\/vw-golf-katalysator-8\/"},"modified":"2025-06-30T14:53:23","modified_gmt":"2025-06-30T14:53:23","slug":"vw-golf-katalysator-8","status":"publish","type":"product","link":"https:\/\/occasions-teile.ch\/en\/produkt\/vw-golf-katalysator-8\/","title":{"rendered":"VW Golf  Katalysator"},"content":{"rendered":"<p><span><b>Technische Daten<\/b><\/p>\n<p> Fahrzeug: VW Golf<br \/>\n Chassis Nr.: WVWZZZ1KZ7P004651<br \/>\n Baujahr: 2006<br \/>\n Kilometer: 9999999 KM<br \/>\n Leistung: 140 KW<br \/>\n Hubraum: 139 ccm<br \/>\n Typ: x<br \/>\n Farbcode: silber<br \/>\n Hinweise: &#8211;<\/p>\n<p> Versand: Versand nur in der Schweiz m\u00f6glich.Im Ausland ist der Transport k\u00e4uferseits.<br \/>\n Garantie: 3 Monate Garantie. Bitte beachten Sie, dass die Gew\u00e4hrleistung nur g\u00fcltig ist, wenn der Ersatzteileinbau durch eine Fachwerkstatt\/Meisterwerkstatt erfolgt. Das Ein- und Ausbau des Ersatzteiles kann nicht an uns verrechnet werden. <\/p>\n<p> Ersatzteil: f\u00fcr andere Fahrzeugen (Marken) verf\u00fcgbar auf anfrage. Tel.041 980 27 47. Mobil. 076 589 27 47<\/p>\n<p> Kontakt<br \/>\n  Adresse: Autoverwertung Brun AG<br \/>\n           M\u00f6\u00f6slimatten 13<br \/>\n           6218 Ettiswil<br \/>\n  Telefon: 0041 (041) 980 27 47<br \/>\n  Telefax: 0041 (041) 980 03 47<\/p>\n<p> Wir bieten Ihnen weitere gebrauchte Autoteile zum Kauf an.<br \/>\n Tags: Katalysator , Catalyst, Catalyseur<br \/>\n<\/span><\/p>\n","protected":false},"excerpt":{"rendered":"<p>Technische Daten Fahrzeug: VW Golf Chassis Nr.: WVWZZZ1KZ7P004651 Baujahr: 2006 Kilometer: 9999999 KM Leistung: 140 KW Hubraum: 139 ccm Typ: x Farbcode: silber Hinweise: &#8211; Versand: Versand nur in der Schweiz m\u00f6glich.Im Ausland ist der Transport k\u00e4uferseits. Garantie: 3 Monate Garantie. Bitte beachten Sie, dass die Gew\u00e4hrleistung nur g\u00fcltig ist, wenn der Ersatzteileinbau durch eine&hellip; <a class=\"more-link\" href=\"https:\/\/occasions-teile.ch\/en\/produkt\/vw-golf-katalysator-8\/\">Continue reading <span class=\"screen-reader-text\">VW Golf  Katalysator<\/span><\/a><\/p>\n","protected":false},"featured_media":360238,"template":"","meta":[],"product_brand":[],"product_cat":[597,642,643,643,642,597,1281,1281,1281,642,643,597,1280,1280,1280,11408,11408,11408],"product_tag":[],"class_list":{"0":"post-360241","1":"product","2":"type-product","3":"status-publish","4":"has-post-thumbnail","6":"product_cat-de-abgasanlage","7":"product_cat-de-katalysator-partikelfilter","8":"product_cat-de-katalysator-partikelfilter-de-katalysator-partikelfilter","12":"product_cat-de_golf","18":"product_cat-de_volkswagen","21":"product_cat-de-wvwzzz1kz7p004651-200000286","24":"product_shipping_class-tarif-1","25":"entry","27":"first","28":"instock","29":"taxable","30":"shipping-taxable","31":"purchasable","32":"product-type-simple"},"jetpack_sharing_enabled":true,"_links":{"self":[{"href":"https:\/\/occasions-teile.ch\/en\/wp-json\/wp\/v2\/product\/360241","targetHints":{"allow":["GET"]}}],"collection":[{"href":"https:\/\/occasions-teile.ch\/en\/wp-json\/wp\/v2\/product"}],"about":[{"href":"https:\/\/occasions-teile.ch\/en\/wp-json\/wp\/v2\/types\/product"}],"wp:featuredmedia":[{"embeddable":true,"href":"https:\/\/occasions-teile.ch\/en\/wp-json\/wp\/v2\/media\/360238"}],"wp:attachment":[{"href":"https:\/\/occasions-teile.ch\/en\/wp-json\/wp\/v2\/media?parent=360241"}],"wp:term":[{"taxonomy":"product_brand","embeddable":true,"href":"https:\/\/occasions-teile.ch\/en\/wp-json\/wp\/v2\/product_brand?post=360241"},{"taxonomy":"product_cat","embeddable":true,"href":"https:\/\/occasions-teile.ch\/en\/wp-json\/wp\/v2\/product_cat?post=360241"},{"taxonomy":"product_tag","embeddable":true,"href":"https:\/\/occasions-teile.ch\/en\/wp-json\/wp\/v2\/product_tag?post=360241"}],"curies":[{"name":"wp","href":"https:\/\/api.w.org\/{rel}","templated":true}]}}