{"id":360237,"date":"2025-06-30T14:48:43","date_gmt":"2025-06-30T14:48:43","guid":{"rendered":"https:\/\/occasions-teile.ch\/product\/skoda-octavia-luftfilterkasten-4\/"},"modified":"2025-06-30T14:48:54","modified_gmt":"2025-06-30T14:48:54","slug":"skoda-octavia-luftfilterkasten-4","status":"publish","type":"product","link":"https:\/\/occasions-teile.ch\/en\/produkt\/skoda-octavia-luftfilterkasten-4\/","title":{"rendered":"Skoda Octavia  Luftfilterkasten"},"content":{"rendered":"<p><span><b>Technische Daten<\/b><\/p>\n<p> Fahrzeug: Skoda Octavia<br \/>\n Chassis Nr.: TMBJG7NEXE0127567<br \/>\n Baujahr: 2014<br \/>\n Kilometer: 140292 KM<br \/>\n Leistung: 105 KW<br \/>\n Hubraum: 1598 ccm<br \/>\n Typ: 1SF773<br \/>\n Farbcode: BEIGE<br \/>\n Hinweise: &#8211;<\/p>\n<p> Versand: Versand nur in der Schweiz m\u00f6glich.Im Ausland ist der Transport k\u00e4uferseits.<br \/>\n Garantie: 3 Monate Garantie. Bitte beachten Sie, dass die Gew\u00e4hrleistung nur g\u00fcltig ist, wenn der Ersatzteileinbau durch eine Fachwerkstatt\/Meisterwerkstatt erfolgt. Das Ein- und Ausbau des Ersatzteiles kann nicht an uns verrechnet werden. <\/p>\n<p> Ersatzteil: f\u00fcr andere Fahrzeugen (Marken) verf\u00fcgbar auf anfrage. Tel.041 980 27 47. Mobil. 076 589 27 47<\/p>\n<p> Kontakt<br \/>\n  Adresse: Autoverwertung Brun AG<br \/>\n           M\u00f6\u00f6slimatten 13<br \/>\n           6218 Ettiswil<br \/>\n  Telefon: 0041 (041) 980 27 47<br \/>\n  Telefax: 0041 (041) 980 03 47<\/p>\n<p> Wir bieten Ihnen weitere gebrauchte Autoteile zum Kauf an.<br \/>\n Tags: Luftfilterkasten, Air filter box, Caisson de filtre a` air<br \/>\n<\/span><\/p>\n","protected":false},"excerpt":{"rendered":"<p>Technische Daten Fahrzeug: Skoda Octavia Chassis Nr.: TMBJG7NEXE0127567 Baujahr: 2014 Kilometer: 140292 KM Leistung: 105 KW Hubraum: 1598 ccm Typ: 1SF773 Farbcode: BEIGE Hinweise: &#8211; Versand: Versand nur in der Schweiz m\u00f6glich.Im Ausland ist der Transport k\u00e4uferseits. Garantie: 3 Monate Garantie. Bitte beachten Sie, dass die Gew\u00e4hrleistung nur g\u00fcltig ist, wenn der Ersatzteileinbau durch eine&hellip; <a class=\"more-link\" href=\"https:\/\/occasions-teile.ch\/en\/produkt\/skoda-octavia-luftfilterkasten-4\/\">Continue reading <span class=\"screen-reader-text\">Skoda Octavia  Luftfilterkasten<\/span><\/a><\/p>\n","protected":false},"featured_media":360234,"template":"","meta":[],"product_brand":[],"product_cat":[679,665,680,663,678,500,494,497,1472,1477,1464,1471,1476,1463,667,24555,24556,24554],"product_tag":[],"class_list":{"0":"post-360237","1":"product","2":"type-product","3":"status-publish","4":"has-post-thumbnail","6":"product_cat-en-air-filter-box","7":"product_cat-en-air-fuel-system","8":"product_cat-fr-caisson-de-filtre-a-air","9":"product_cat-de-luft-kraftstoffsystem","10":"product_cat-de-luftfilterkasten","11":"product_cat-fr-moteur","12":"product_cat-de-motor","13":"product_cat-en-motor","14":"product_cat-en_octavia-en_skoda-manufacturer-en","15":"product_cat-fr_octavia-fr_skoda-fabricant-2","16":"product_cat-de_octavia","17":"product_cat-en_skoda-manufacturer-en","18":"product_cat-fr_skoda-fabricant-2","19":"product_cat-de_skoda","20":"product_cat-fr-systeme-dair-carburant","21":"product_cat-en-tmbjg7nexe0127567-200000483","22":"product_cat-fr-tmbjg7nexe0127567-200000483","23":"product_cat-de-tmbjg7nexe0127567-200000483","24":"product_shipping_class-tarif-1","25":"entry","27":"first","28":"instock","29":"taxable","30":"shipping-taxable","31":"purchasable","32":"product-type-simple"},"jetpack_sharing_enabled":true,"_links":{"self":[{"href":"https:\/\/occasions-teile.ch\/en\/wp-json\/wp\/v2\/product\/360237","targetHints":{"allow":["GET"]}}],"collection":[{"href":"https:\/\/occasions-teile.ch\/en\/wp-json\/wp\/v2\/product"}],"about":[{"href":"https:\/\/occasions-teile.ch\/en\/wp-json\/wp\/v2\/types\/product"}],"wp:featuredmedia":[{"embeddable":true,"href":"https:\/\/occasions-teile.ch\/en\/wp-json\/wp\/v2\/media\/360234"}],"wp:attachment":[{"href":"https:\/\/occasions-teile.ch\/en\/wp-json\/wp\/v2\/media?parent=360237"}],"wp:term":[{"taxonomy":"product_brand","embeddable":true,"href":"https:\/\/occasions-teile.ch\/en\/wp-json\/wp\/v2\/product_brand?post=360237"},{"taxonomy":"product_cat","embeddable":true,"href":"https:\/\/occasions-teile.ch\/en\/wp-json\/wp\/v2\/product_cat?post=360237"},{"taxonomy":"product_tag","embeddable":true,"href":"https:\/\/occasions-teile.ch\/en\/wp-json\/wp\/v2\/product_tag?post=360237"}],"curies":[{"name":"wp","href":"https:\/\/api.w.org\/{rel}","templated":true}]}}