{"id":360160,"date":"2025-06-30T12:36:44","date_gmt":"2025-06-30T12:36:44","guid":{"rendered":"https:\/\/occasions-teile.ch\/product\/skoda-octavia-stossfaenger-stossstange-vorne\/"},"modified":"2025-06-30T12:36:54","modified_gmt":"2025-06-30T12:36:54","slug":"skoda-octavia-stossfaenger-stossstange-vorne","status":"publish","type":"product","link":"https:\/\/occasions-teile.ch\/en\/produkt\/skoda-octavia-stossfaenger-stossstange-vorne\/","title":{"rendered":"Skoda Octavia  Stossf\u00e4nger Stossstange vorne"},"content":{"rendered":"<p><span><b>Technische Daten<\/b><\/p>\n<p> Fahrzeug: Skoda Octavia<br \/>\n Chassis Nr.: TMBJG7NEXE0127567<br \/>\n Baujahr: 2014<br \/>\n Kilometer: 140292 KM<br \/>\n Leistung: 105 KW<br \/>\n Hubraum: 1598 ccm<br \/>\n Typ: 1SF773<br \/>\n Farbcode: BEIGE<br \/>\n Hinweise: &#8211;<\/p>\n<p> Versand: Versand nur in der Schweiz m\u00f6glich.Im Ausland ist der Transport k\u00e4uferseits.<br \/>\n Garantie: 3 Monate Garantie. Bitte beachten Sie, dass die Gew\u00e4hrleistung nur g\u00fcltig ist, wenn der Ersatzteileinbau durch eine Fachwerkstatt\/Meisterwerkstatt erfolgt. Das Ein- und Ausbau des Ersatzteiles kann nicht an uns verrechnet werden. <\/p>\n<p> Ersatzteil: f\u00fcr andere Fahrzeugen (Marken) verf\u00fcgbar auf anfrage. Tel.041 980 27 47. Mobil. 076 589 27 47<\/p>\n<p> Kontakt<br \/>\n  Adresse: Autoverwertung Brun AG<br \/>\n           M\u00f6\u00f6slimatten 13<br \/>\n           6218 Ettiswil<br \/>\n  Telefon: 0041 (041) 980 27 47<br \/>\n  Telefax: 0041 (041) 980 03 47<\/p>\n<p> Wir bieten Ihnen weitere gebrauchte Autoteile zum Kauf an.<br \/>\n Tags: Stossf\u00e4nger Stossstange vorne, Bumper front, Pare-chocs avant<br \/>\n<\/span><\/p>\n","protected":false},"excerpt":{"rendered":"<p>Technische Daten Fahrzeug: Skoda Octavia Chassis Nr.: TMBJG7NEXE0127567 Baujahr: 2014 Kilometer: 140292 KM Leistung: 105 KW Hubraum: 1598 ccm Typ: 1SF773 Farbcode: BEIGE Hinweise: &#8211; Versand: Versand nur in der Schweiz m\u00f6glich.Im Ausland ist der Transport k\u00e4uferseits. Garantie: 3 Monate Garantie. Bitte beachten Sie, dass die Gew\u00e4hrleistung nur g\u00fcltig ist, wenn der Ersatzteileinbau durch eine&hellip; <a class=\"more-link\" href=\"https:\/\/occasions-teile.ch\/en\/produkt\/skoda-octavia-stossfaenger-stossstange-vorne\/\">Continue reading <span class=\"screen-reader-text\">Skoda Octavia  Stossf\u00e4nger Stossstange vorne<\/span><\/a><\/p>\n","protected":false},"featured_media":360157,"template":"","meta":[],"product_brand":[],"product_cat":[515,1398,1028,518,512,1477,1464,1472,1399,1030,1471,1476,1463,1397,1026,24554,24555,24556],"product_tag":[],"class_list":{"0":"post-360160","1":"product","2":"type-product","3":"status-publish","4":"has-post-thumbnail","6":"product_cat-en-body-front","7":"product_cat-en-bumper-front","8":"product_cat-en-bumper-frontparts","9":"product_cat-fr-carrosserie-front","10":"product_cat-de-karosserie-front","11":"product_cat-fr_octavia-fr_skoda-fabricant-2","12":"product_cat-de_octavia","13":"product_cat-en_octavia-en_skoda-manufacturer-en","14":"product_cat-fr-pare-chocs-avant","15":"product_cat-fr-pare-chocs-avant-pieces","16":"product_cat-en_skoda-manufacturer-en","17":"product_cat-fr_skoda-fabricant-2","18":"product_cat-de_skoda","19":"product_cat-de-stossfaenger-stossstange-vorne","20":"product_cat-de-stossfaengervornteile","21":"product_cat-de-tmbjg7nexe0127567-200000483","22":"product_cat-en-tmbjg7nexe0127567-200000483","23":"product_cat-fr-tmbjg7nexe0127567-200000483","24":"product_shipping_class-tarif-4","25":"entry","27":"first","28":"instock","29":"taxable","30":"shipping-taxable","31":"purchasable","32":"product-type-simple"},"jetpack_sharing_enabled":true,"_links":{"self":[{"href":"https:\/\/occasions-teile.ch\/en\/wp-json\/wp\/v2\/product\/360160","targetHints":{"allow":["GET"]}}],"collection":[{"href":"https:\/\/occasions-teile.ch\/en\/wp-json\/wp\/v2\/product"}],"about":[{"href":"https:\/\/occasions-teile.ch\/en\/wp-json\/wp\/v2\/types\/product"}],"wp:featuredmedia":[{"embeddable":true,"href":"https:\/\/occasions-teile.ch\/en\/wp-json\/wp\/v2\/media\/360157"}],"wp:attachment":[{"href":"https:\/\/occasions-teile.ch\/en\/wp-json\/wp\/v2\/media?parent=360160"}],"wp:term":[{"taxonomy":"product_brand","embeddable":true,"href":"https:\/\/occasions-teile.ch\/en\/wp-json\/wp\/v2\/product_brand?post=360160"},{"taxonomy":"product_cat","embeddable":true,"href":"https:\/\/occasions-teile.ch\/en\/wp-json\/wp\/v2\/product_cat?post=360160"},{"taxonomy":"product_tag","embeddable":true,"href":"https:\/\/occasions-teile.ch\/en\/wp-json\/wp\/v2\/product_tag?post=360160"}],"curies":[{"name":"wp","href":"https:\/\/api.w.org\/{rel}","templated":true}]}}