{"id":359991,"date":"2025-06-27T09:29:13","date_gmt":"2025-06-27T09:29:13","guid":{"rendered":"https:\/\/occasions-teile.ch\/product\/vw-passat-antriebswelle-vorne-rechts-6\/"},"modified":"2025-06-27T09:29:25","modified_gmt":"2025-06-27T09:29:25","slug":"vw-passat-antriebswelle-vorne-rechts-6","status":"publish","type":"product","link":"https:\/\/occasions-teile.ch\/en\/produkt\/vw-passat-antriebswelle-vorne-rechts-6\/","title":{"rendered":"VW Passat  Antriebswelle vorne rechts"},"content":{"rendered":"<p><span><b>Technische Daten<\/b><\/p>\n<p> Fahrzeug: VW Passat<br \/>\n Chassis Nr.: WVWZZZ3CZEE040374<br \/>\n Baujahr: 2013<br \/>\n Kilometer: 183989 KM<br \/>\n Leistung: 105 KW<br \/>\n Hubraum: 1598 ccm<br \/>\n Typ: 1VE642<br \/>\n Farbcode: silber<br \/>\n Hinweise: &#8211;<\/p>\n<p> Versand: Versand nur in der Schweiz m\u00f6glich.Im Ausland ist der Transport k\u00e4uferseits.<br \/>\n Garantie: 3 Monate Garantie. Bitte beachten Sie, dass die Gew\u00e4hrleistung nur g\u00fcltig ist, wenn der Ersatzteileinbau durch eine Fachwerkstatt\/Meisterwerkstatt erfolgt. Das Ein- und Ausbau des Ersatzteiles kann nicht an uns verrechnet werden. <\/p>\n<p> Ersatzteil: f\u00fcr andere Fahrzeugen (Marken) verf\u00fcgbar auf anfrage. Tel.041 980 27 47. Mobil. 076 589 27 47<\/p>\n<p> Kontakt<br \/>\n  Adresse: Autoverwertung Brun AG<br \/>\n           M\u00f6\u00f6slimatten 13<br \/>\n           6218 Ettiswil<br \/>\n  Telefon: 0041 (041) 980 27 47<br \/>\n  Telefax: 0041 (041) 980 03 47<\/p>\n<p> Wir bieten Ihnen weitere gebrauchte Autoteile zum Kauf an.<br \/>\n Tags: Antriebswelle vorne rechts, Drive shaft front right , Arbre d&#8217;entra\u00eenement avant droit<br \/>\n<\/span><\/p>\n","protected":false},"excerpt":{"rendered":"<p>Technische Daten Fahrzeug: VW Passat Chassis Nr.: WVWZZZ3CZEE040374 Baujahr: 2013 Kilometer: 183989 KM Leistung: 105 KW Hubraum: 1598 ccm Typ: 1VE642 Farbcode: silber Hinweise: &#8211; Versand: Versand nur in der Schweiz m\u00f6glich.Im Ausland ist der Transport k\u00e4uferseits. Garantie: 3 Monate Garantie. Bitte beachten Sie, dass die Gew\u00e4hrleistung nur g\u00fcltig ist, wenn der Ersatzteileinbau durch eine&hellip; <a class=\"more-link\" href=\"https:\/\/occasions-teile.ch\/en\/produkt\/vw-passat-antriebswelle-vorne-rechts-6\/\">Continue reading <span class=\"screen-reader-text\">VW Passat  Antriebswelle vorne rechts<\/span><\/a><\/p>\n","protected":false},"featured_media":359988,"template":"","meta":[],"product_brand":[],"product_cat":[798,783,800,787,799,785,651,648,1301,1303,1299,654,1280,1283,1286,24548,24549,24550],"product_tag":[],"class_list":{"0":"post-359991","1":"product","2":"type-product","3":"status-publish","4":"has-post-thumbnail","6":"product_cat-de-antriebswelle-vorne-rechts","7":"product_cat-de-antriebswellen","8":"product_cat-fr-arbre-dentrainement-avant-droit","9":"product_cat-fr-arbres-de-transmission","10":"product_cat-en-drive-shaft-front-right","11":"product_cat-en-drive-shafts","12":"product_cat-en-gearbox-drive","13":"product_cat-de-getriebe-antrieb","14":"product_cat-en_passat","15":"product_cat-fr_passat","16":"product_cat-de_passat","17":"product_cat-fr-transmission-entrainement","18":"product_cat-de_volkswagen","19":"product_cat-en_volkswagen","20":"product_cat-fr_volkswagen","21":"product_cat-de-wvwzzz3czee040374-200000482","22":"product_cat-en-wvwzzz3czee040374-200000482","23":"product_cat-fr-wvwzzz3czee040374-200000482","24":"product_shipping_class-tarif-2","25":"entry","27":"first","28":"instock","29":"taxable","30":"shipping-taxable","31":"purchasable","32":"product-type-simple"},"jetpack_sharing_enabled":true,"_links":{"self":[{"href":"https:\/\/occasions-teile.ch\/en\/wp-json\/wp\/v2\/product\/359991","targetHints":{"allow":["GET"]}}],"collection":[{"href":"https:\/\/occasions-teile.ch\/en\/wp-json\/wp\/v2\/product"}],"about":[{"href":"https:\/\/occasions-teile.ch\/en\/wp-json\/wp\/v2\/types\/product"}],"wp:featuredmedia":[{"embeddable":true,"href":"https:\/\/occasions-teile.ch\/en\/wp-json\/wp\/v2\/media\/359988"}],"wp:attachment":[{"href":"https:\/\/occasions-teile.ch\/en\/wp-json\/wp\/v2\/media?parent=359991"}],"wp:term":[{"taxonomy":"product_brand","embeddable":true,"href":"https:\/\/occasions-teile.ch\/en\/wp-json\/wp\/v2\/product_brand?post=359991"},{"taxonomy":"product_cat","embeddable":true,"href":"https:\/\/occasions-teile.ch\/en\/wp-json\/wp\/v2\/product_cat?post=359991"},{"taxonomy":"product_tag","embeddable":true,"href":"https:\/\/occasions-teile.ch\/en\/wp-json\/wp\/v2\/product_tag?post=359991"}],"curies":[{"name":"wp","href":"https:\/\/api.w.org\/{rel}","templated":true}]}}