{"id":359401,"date":"2025-06-20T13:02:34","date_gmt":"2025-06-20T13:02:34","guid":{"rendered":"https:\/\/occasions-teile.ch\/product\/ford-ranger-kombischalter-blinkerschalter\/"},"modified":"2025-06-20T13:02:45","modified_gmt":"2025-06-20T13:02:45","slug":"ford-ranger-kombischalter-blinkerschalter","status":"publish","type":"product","link":"https:\/\/occasions-teile.ch\/en\/produkt\/ford-ranger-kombischalter-blinkerschalter\/","title":{"rendered":"Ford Ranger  Kombischalter Blinkerschalter"},"content":{"rendered":"<p><span><b>Technische Daten<\/b><\/p>\n<p> Fahrzeug: Ford Ranger<br \/>\n Chassis Nr.: 6FPPXXMJ2PLE24628<br \/>\n Baujahr: 2021<br \/>\n Kilometer: 72066 KM<br \/>\n Leistung: 212 KW<br \/>\n Hubraum: 1996 ccm<br \/>\n Typ: 3FJ627<br \/>\n Farbcode: Schwarz<br \/>\n Hinweise: &#8211;<\/p>\n<p> Versand: Versand nur in der Schweiz m\u00f6glich.Im Ausland ist der Transport k\u00e4uferseits.<br \/>\n Garantie: 3 Monate Garantie. Bitte beachten Sie, dass die Gew\u00e4hrleistung nur g\u00fcltig ist, wenn der Ersatzteileinbau durch eine Fachwerkstatt\/Meisterwerkstatt erfolgt. Das Ein- und Ausbau des Ersatzteiles kann nicht an uns verrechnet werden. <\/p>\n<p> Ersatzteil: f\u00fcr andere Fahrzeugen (Marken) verf\u00fcgbar auf anfrage. Tel.041 980 27 47. Mobil. 076 589 27 47<\/p>\n<p> Kontakt<br \/>\n  Adresse: Autoverwertung Brun AG<br \/>\n           M\u00f6\u00f6slimatten 13<br \/>\n           6218 Ettiswil<br \/>\n  Telefon: 0041 (041) 980 27 47<br \/>\n  Telefax: 0041 (041) 980 03 47<\/p>\n<p> Wir bieten Ihnen weitere gebrauchte Autoteile zum Kauf an.<br \/>\n Tags: Kombischalter Blinkerschalter, Turn signal switch, Commutateur de clignotant<br \/>\n<\/span><\/p>\n","protected":false},"excerpt":{"rendered":"<p>Technische Daten Fahrzeug: Ford Ranger Chassis Nr.: 6FPPXXMJ2PLE24628 Baujahr: 2021 Kilometer: 72066 KM Leistung: 212 KW Hubraum: 1996 ccm Typ: 3FJ627 Farbcode: Schwarz Hinweise: &#8211; Versand: Versand nur in der Schweiz m\u00f6glich.Im Ausland ist der Transport k\u00e4uferseits. Garantie: 3 Monate Garantie. Bitte beachten Sie, dass die Gew\u00e4hrleistung nur g\u00fcltig ist, wenn der Ersatzteileinbau durch eine&hellip; <a class=\"more-link\" href=\"https:\/\/occasions-teile.ch\/en\/produkt\/ford-ranger-kombischalter-blinkerschalter\/\">Continue reading <span class=\"screen-reader-text\">Ford Ranger  Kombischalter Blinkerschalter<\/span><\/a><\/p>\n","protected":false},"featured_media":359398,"template":"","meta":[],"product_brand":[],"product_cat":[24536,24536,24536,837,621,621,621,1586,1586,1586,622,837,2065,2065,2065,622,622,837],"product_tag":[],"class_list":{"0":"post-359401","1":"product","2":"type-product","3":"status-publish","4":"has-post-thumbnail","6":"product_cat-de-6fppxxmj2ple24628-200000479","9":"product_cat-de-kombischalter-blinkerschalter","10":"product_cat-de-elektrik-steuergeraete","13":"product_cat-de_ford","16":"product_cat-de-schalter","18":"product_cat-de_ranger","24":"product_shipping_class-tarif-1","25":"entry","27":"first","28":"instock","29":"taxable","30":"shipping-taxable","31":"purchasable","32":"product-type-simple"},"jetpack_sharing_enabled":true,"_links":{"self":[{"href":"https:\/\/occasions-teile.ch\/en\/wp-json\/wp\/v2\/product\/359401","targetHints":{"allow":["GET"]}}],"collection":[{"href":"https:\/\/occasions-teile.ch\/en\/wp-json\/wp\/v2\/product"}],"about":[{"href":"https:\/\/occasions-teile.ch\/en\/wp-json\/wp\/v2\/types\/product"}],"wp:featuredmedia":[{"embeddable":true,"href":"https:\/\/occasions-teile.ch\/en\/wp-json\/wp\/v2\/media\/359398"}],"wp:attachment":[{"href":"https:\/\/occasions-teile.ch\/en\/wp-json\/wp\/v2\/media?parent=359401"}],"wp:term":[{"taxonomy":"product_brand","embeddable":true,"href":"https:\/\/occasions-teile.ch\/en\/wp-json\/wp\/v2\/product_brand?post=359401"},{"taxonomy":"product_cat","embeddable":true,"href":"https:\/\/occasions-teile.ch\/en\/wp-json\/wp\/v2\/product_cat?post=359401"},{"taxonomy":"product_tag","embeddable":true,"href":"https:\/\/occasions-teile.ch\/en\/wp-json\/wp\/v2\/product_tag?post=359401"}],"curies":[{"name":"wp","href":"https:\/\/api.w.org\/{rel}","templated":true}]}}