{"id":358917,"date":"2025-06-16T12:15:23","date_gmt":"2025-06-16T12:15:23","guid":{"rendered":"https:\/\/occasions-teile.ch\/product\/porsche-panamera-hybrid-batterie\/"},"modified":"2025-06-16T12:15:33","modified_gmt":"2025-06-16T12:15:33","slug":"porsche-panamera-hybrid-batterie","status":"publish","type":"product","link":"https:\/\/occasions-teile.ch\/en\/produkt\/porsche-panamera-hybrid-batterie\/","title":{"rendered":"Porsche Panamera  Hybrid-Batterie"},"content":{"rendered":"<p><span><b>Technische Daten<\/b><\/p>\n<p> Fahrzeug: Porsche Panamera<br \/>\n Chassis Nr.: WP0ZZZ97ZEL040657<br \/>\n Baujahr: 2014<br \/>\n Kilometer: 228246 KM<br \/>\n Leistung: 416 KW<br \/>\n Hubraum: 2995 ccm<br \/>\n Typ: 1PF554<br \/>\n Farbcode: silber<br \/>\n Hinweise: &#8211;<\/p>\n<p> Versand: Versand nur in der Schweiz m\u00f6glich.Im Ausland ist der Transport k\u00e4uferseits.<br \/>\n Garantie: 3 Monate Garantie. Bitte beachten Sie, dass die Gew\u00e4hrleistung nur g\u00fcltig ist, wenn der Ersatzteileinbau durch eine Fachwerkstatt\/Meisterwerkstatt erfolgt. Das Ein- und Ausbau des Ersatzteiles kann nicht an uns verrechnet werden. <\/p>\n<p> Ersatzteil: f\u00fcr andere Fahrzeugen (Marken) verf\u00fcgbar auf anfrage. Tel.041 980 27 47. Mobil. 076 589 27 47<\/p>\n<p> Kontakt<br \/>\n  Adresse: Autoverwertung Brun AG<br \/>\n           M\u00f6\u00f6slimatten 13<br \/>\n           6218 Ettiswil<br \/>\n  Telefon: 0041 (041) 980 27 47<br \/>\n  Telefax: 0041 (041) 980 03 47<\/p>\n<p> Wir bieten Ihnen weitere gebrauchte Autoteile zum Kauf an.<br \/>\n Tags: Hybrid-Batterie, Hybrid Battery, Batterie hybride<br \/>\n<\/span><\/p>\n","protected":false},"excerpt":{"rendered":"<p>Technische Daten Fahrzeug: Porsche Panamera Chassis Nr.: WP0ZZZ97ZEL040657 Baujahr: 2014 Kilometer: 228246 KM Leistung: 416 KW Hubraum: 2995 ccm Typ: 1PF554 Farbcode: silber Hinweise: &#8211; Versand: Versand nur in der Schweiz m\u00f6glich.Im Ausland ist der Transport k\u00e4uferseits. Garantie: 3 Monate Garantie. Bitte beachten Sie, dass die Gew\u00e4hrleistung nur g\u00fcltig ist, wenn der Ersatzteileinbau durch eine&hellip; <a class=\"more-link\" href=\"https:\/\/occasions-teile.ch\/en\/produkt\/porsche-panamera-hybrid-batterie\/\">Continue reading <span class=\"screen-reader-text\">Porsche Panamera  Hybrid-Batterie<\/span><\/a><\/p>\n","protected":false},"featured_media":358914,"template":"","meta":[],"product_brand":[],"product_cat":[1813,23340,1810,1807,23339,23338,1809,1806,1812,4709,4710,4711,2983,2981,2982,24535,24533,24534],"product_tag":[],"class_list":{"0":"post-358917","1":"product","2":"type-product","3":"status-publish","4":"has-post-thumbnail","6":"product_cat-fr-batterie-haute-tension","7":"product_cat-fr-batterie-hybride","8":"product_cat-en-high-voltage-battery","9":"product_cat-de-hochvoltbatterie","10":"product_cat-en-hybrid-battery","11":"product_cat-de-hybrid-batterie","12":"product_cat-en-hybrid-electric","13":"product_cat-de-hybrid-elektro","14":"product_cat-fr-hybride-electrique","15":"product_cat-de_slug_porsche_panamera_702","16":"product_cat-en_slug_porsche_panamera_884","17":"product_cat-fr_slug_porsche_panamera_719","18":"product_cat-fr_porsche","19":"product_cat-de_porsche","20":"product_cat-en_porsche","21":"product_cat-fr-wp0zzz97zel040657-200000477","22":"product_cat-de-wp0zzz97zel040657-200000477","23":"product_cat-en-wp0zzz97zel040657-200000477","24":"product_shipping_class-tarif-4","25":"entry","27":"first","28":"instock","29":"taxable","30":"shipping-taxable","31":"purchasable","32":"product-type-simple"},"jetpack_sharing_enabled":true,"_links":{"self":[{"href":"https:\/\/occasions-teile.ch\/en\/wp-json\/wp\/v2\/product\/358917","targetHints":{"allow":["GET"]}}],"collection":[{"href":"https:\/\/occasions-teile.ch\/en\/wp-json\/wp\/v2\/product"}],"about":[{"href":"https:\/\/occasions-teile.ch\/en\/wp-json\/wp\/v2\/types\/product"}],"wp:featuredmedia":[{"embeddable":true,"href":"https:\/\/occasions-teile.ch\/en\/wp-json\/wp\/v2\/media\/358914"}],"wp:attachment":[{"href":"https:\/\/occasions-teile.ch\/en\/wp-json\/wp\/v2\/media?parent=358917"}],"wp:term":[{"taxonomy":"product_brand","embeddable":true,"href":"https:\/\/occasions-teile.ch\/en\/wp-json\/wp\/v2\/product_brand?post=358917"},{"taxonomy":"product_cat","embeddable":true,"href":"https:\/\/occasions-teile.ch\/en\/wp-json\/wp\/v2\/product_cat?post=358917"},{"taxonomy":"product_tag","embeddable":true,"href":"https:\/\/occasions-teile.ch\/en\/wp-json\/wp\/v2\/product_tag?post=358917"}],"curies":[{"name":"wp","href":"https:\/\/api.w.org\/{rel}","templated":true}]}}