{"id":358573,"date":"2025-06-12T13:06:29","date_gmt":"2025-06-12T13:06:29","guid":{"rendered":"https:\/\/occasions-teile.ch\/product\/porsche-panamera-innenspiegel-2\/"},"modified":"2025-06-12T13:06:39","modified_gmt":"2025-06-12T13:06:39","slug":"porsche-panamera-innenspiegel-2","status":"publish","type":"product","link":"https:\/\/occasions-teile.ch\/en\/produkt\/porsche-panamera-innenspiegel-2\/","title":{"rendered":"Porsche Panamera  Innenspiegel"},"content":{"rendered":"<p><span><b>Technische Daten<\/b><\/p>\n<p> Fahrzeug: Porsche Panamera<br \/>\n Chassis Nr.: WP0ZZZ97ZEL040657<br \/>\n Baujahr: 2014<br \/>\n Kilometer: 228246 KM<br \/>\n Leistung: 416 KW<br \/>\n Hubraum: 2995 ccm<br \/>\n Typ: 1PF554<br \/>\n Farbcode: silber<br \/>\n Hinweise: &#8211;<\/p>\n<p> Versand: Versand nur in der Schweiz m\u00f6glich.Im Ausland ist der Transport k\u00e4uferseits.<br \/>\n Garantie: 3 Monate Garantie. Bitte beachten Sie, dass die Gew\u00e4hrleistung nur g\u00fcltig ist, wenn der Ersatzteileinbau durch eine Fachwerkstatt\/Meisterwerkstatt erfolgt. Das Ein- und Ausbau des Ersatzteiles kann nicht an uns verrechnet werden. <\/p>\n<p> Ersatzteil: f\u00fcr andere Fahrzeugen (Marken) verf\u00fcgbar auf anfrage. Tel.041 980 27 47. Mobil. 076 589 27 47<\/p>\n<p> Kontakt<br \/>\n  Adresse: Autoverwertung Brun AG<br \/>\n           M\u00f6\u00f6slimatten 13<br \/>\n           6218 Ettiswil<br \/>\n  Telefon: 0041 (041) 980 27 47<br \/>\n  Telefax: 0041 (041) 980 03 47<\/p>\n<p> Wir bieten Ihnen weitere gebrauchte Autoteile zum Kauf an.<br \/>\n Tags: Innenspiegel, Interior mirror, Re\u00b4troviseur inte\u00b4rieur<br \/>\n<\/span><\/p>\n","protected":false},"excerpt":{"rendered":"<p>Technische Daten Fahrzeug: Porsche Panamera Chassis Nr.: WP0ZZZ97ZEL040657 Baujahr: 2014 Kilometer: 228246 KM Leistung: 416 KW Hubraum: 2995 ccm Typ: 1PF554 Farbcode: silber Hinweise: &#8211; Versand: Versand nur in der Schweiz m\u00f6glich.Im Ausland ist der Transport k\u00e4uferseits. Garantie: 3 Monate Garantie. Bitte beachten Sie, dass die Gew\u00e4hrleistung nur g\u00fcltig ist, wenn der Ersatzteileinbau durch eine&hellip; <a class=\"more-link\" href=\"https:\/\/occasions-teile.ch\/en\/produkt\/porsche-panamera-innenspiegel-2\/\">Continue reading <span class=\"screen-reader-text\">Porsche Panamera  Innenspiegel<\/span><\/a><\/p>\n","protected":false},"featured_media":358570,"template":"","meta":[],"product_brand":[],"product_cat":[895,891,804,933,810,807,893,934,4710,4711,4709,2981,2982,2983,935,24533,24534,24535],"product_tag":[],"class_list":{"0":"post-358573","1":"product","2":"type-product","3":"status-publish","4":"has-post-thumbnail","6":"product_cat-fr-eclairage-interieurretroviseur-interieur","7":"product_cat-de-innenbeleuchtunginnenspiegel","8":"product_cat-de-innenraum","9":"product_cat-de-innenspiegel","10":"product_cat-fr-interieur","11":"product_cat-en-interior","12":"product_cat-en-interior-lightinginterior-mirror","13":"product_cat-en-interior-mirror","14":"product_cat-en_slug_porsche_panamera_884","15":"product_cat-fr_slug_porsche_panamera_719","16":"product_cat-de_slug_porsche_panamera_702","17":"product_cat-de_porsche","18":"product_cat-en_porsche","19":"product_cat-fr_porsche","20":"product_cat-fr-retroviseur-interieur","21":"product_cat-de-wp0zzz97zel040657-200000477","22":"product_cat-en-wp0zzz97zel040657-200000477","23":"product_cat-fr-wp0zzz97zel040657-200000477","24":"product_shipping_class-tarif-1","25":"entry","27":"first","28":"instock","29":"taxable","30":"shipping-taxable","31":"purchasable","32":"product-type-simple"},"jetpack_sharing_enabled":true,"_links":{"self":[{"href":"https:\/\/occasions-teile.ch\/en\/wp-json\/wp\/v2\/product\/358573","targetHints":{"allow":["GET"]}}],"collection":[{"href":"https:\/\/occasions-teile.ch\/en\/wp-json\/wp\/v2\/product"}],"about":[{"href":"https:\/\/occasions-teile.ch\/en\/wp-json\/wp\/v2\/types\/product"}],"wp:featuredmedia":[{"embeddable":true,"href":"https:\/\/occasions-teile.ch\/en\/wp-json\/wp\/v2\/media\/358570"}],"wp:attachment":[{"href":"https:\/\/occasions-teile.ch\/en\/wp-json\/wp\/v2\/media?parent=358573"}],"wp:term":[{"taxonomy":"product_brand","embeddable":true,"href":"https:\/\/occasions-teile.ch\/en\/wp-json\/wp\/v2\/product_brand?post=358573"},{"taxonomy":"product_cat","embeddable":true,"href":"https:\/\/occasions-teile.ch\/en\/wp-json\/wp\/v2\/product_cat?post=358573"},{"taxonomy":"product_tag","embeddable":true,"href":"https:\/\/occasions-teile.ch\/en\/wp-json\/wp\/v2\/product_tag?post=358573"}],"curies":[{"name":"wp","href":"https:\/\/api.w.org\/{rel}","templated":true}]}}