{"id":358146,"date":"2025-06-06T13:37:20","date_gmt":"2025-06-06T13:37:20","guid":{"rendered":"https:\/\/occasions-teile.ch\/product\/vw-touran-schlaeuche-rohre-ladeluftschlauch\/"},"modified":"2025-06-06T13:37:32","modified_gmt":"2025-06-06T13:37:32","slug":"vw-touran-schlaeuche-rohre-ladeluftschlauch","status":"publish","type":"product","link":"https:\/\/occasions-teile.ch\/en\/produkt\/vw-touran-schlaeuche-rohre-ladeluftschlauch\/","title":{"rendered":"VW Touran  Schl\u00e4uche Rohre Ladeluftschlauch"},"content":{"rendered":"<p><span><b>Technische Daten<\/b><\/p>\n<p> Fahrzeug: VW Touran<br \/>\n Chassis Nr.: WVGZZZ1TZDW049885<br \/>\n Baujahr: 2012<br \/>\n Kilometer: 186367 KM<br \/>\n Leistung: 140 KW<br \/>\n Hubraum: 1390 ccm<br \/>\n Typ: 1VE374<br \/>\n Farbcode: dunkelgrau<br \/>\n Hinweise: &#8211;<\/p>\n<p> Versand: Versand nur in der Schweiz m\u00f6glich.Im Ausland ist der Transport k\u00e4uferseits.<br \/>\n Garantie: 3 Monate Garantie. Bitte beachten Sie, dass die Gew\u00e4hrleistung nur g\u00fcltig ist, wenn der Ersatzteileinbau durch eine Fachwerkstatt\/Meisterwerkstatt erfolgt. Das Ein- und Ausbau des Ersatzteiles kann nicht an uns verrechnet werden. <\/p>\n<p> Ersatzteil: f\u00fcr andere Fahrzeugen (Marken) verf\u00fcgbar auf anfrage. Tel.041 980 27 47. Mobil. 076 589 27 47<\/p>\n<p> Kontakt<br \/>\n  Adresse: Autoverwertung Brun AG<br \/>\n           M\u00f6\u00f6slimatten 13<br \/>\n           6218 Ettiswil<br \/>\n  Telefon: 0041 (041) 980 27 47<br \/>\n  Telefax: 0041 (041) 980 03 47<\/p>\n<p> Wir bieten Ihnen weitere gebrauchte Autoteile zum Kauf an.<br \/>\n Tags: Schl\u00e4uche Rohre Ladeluftschlauch , Hoses&amp; Pipes Charge air , Tuyaux &amp; tubes Air de charge<br \/>\n<\/span><\/p>\n","protected":false},"excerpt":{"rendered":"<p>Technische Daten Fahrzeug: VW Touran Chassis Nr.: WVGZZZ1TZDW049885 Baujahr: 2012 Kilometer: 186367 KM Leistung: 140 KW Hubraum: 1390 ccm Typ: 1VE374 Farbcode: dunkelgrau Hinweise: &#8211; Versand: Versand nur in der Schweiz m\u00f6glich.Im Ausland ist der Transport k\u00e4uferseits. Garantie: 3 Monate Garantie. Bitte beachten Sie, dass die Gew\u00e4hrleistung nur g\u00fcltig ist, wenn der Ersatzteileinbau durch eine&hellip; <a class=\"more-link\" href=\"https:\/\/occasions-teile.ch\/en\/produkt\/vw-touran-schlaeuche-rohre-ladeluftschlauch\/\">Continue reading <span class=\"screen-reader-text\">VW Touran  Schl\u00e4uche Rohre Ladeluftschlauch<\/span><\/a><\/p>\n","protected":false},"featured_media":358143,"template":"","meta":[],"product_brand":[],"product_cat":[6122,6386,6121,500,497,494,6385,6123,2172,2174,2176,6387,1286,1280,1283,24524,24525,24526],"product_tag":[],"class_list":{"0":"post-358146","1":"product","2":"type-product","3":"status-publish","4":"has-post-thumbnail","6":"product_cat-en-air-fuel-system-motor","7":"product_cat-en-hoses-pipes-charge-air-luft-kraftstoffsystem","8":"product_cat-de-luft-kraftstoffsystem-motor","9":"product_cat-fr-moteur","10":"product_cat-en-motor","11":"product_cat-de-motor","12":"product_cat-de-schlaeuche-rohre-ladeluftschlauch-luft-kraftstoffsystem","13":"product_cat-fr-systeme-de-carburant-a-air-motor","14":"product_cat-de_touran","15":"product_cat-en_touran","16":"product_cat-fr_touran","17":"product_cat-fr-tuyaux-tubes-air-de-charge-luft-kraftstoffsystem","18":"product_cat-fr_volkswagen","19":"product_cat-de_volkswagen","20":"product_cat-en_volkswagen","21":"product_cat-de-wvgzzz1tzdw049885-200000474","22":"product_cat-en-wvgzzz1tzdw049885-200000474","23":"product_cat-fr-wvgzzz1tzdw049885-200000474","24":"product_shipping_class-tarif-2","25":"entry","27":"first","28":"instock","29":"taxable","30":"shipping-taxable","31":"purchasable","32":"product-type-simple"},"jetpack_sharing_enabled":true,"_links":{"self":[{"href":"https:\/\/occasions-teile.ch\/en\/wp-json\/wp\/v2\/product\/358146","targetHints":{"allow":["GET"]}}],"collection":[{"href":"https:\/\/occasions-teile.ch\/en\/wp-json\/wp\/v2\/product"}],"about":[{"href":"https:\/\/occasions-teile.ch\/en\/wp-json\/wp\/v2\/types\/product"}],"wp:featuredmedia":[{"embeddable":true,"href":"https:\/\/occasions-teile.ch\/en\/wp-json\/wp\/v2\/media\/358143"}],"wp:attachment":[{"href":"https:\/\/occasions-teile.ch\/en\/wp-json\/wp\/v2\/media?parent=358146"}],"wp:term":[{"taxonomy":"product_brand","embeddable":true,"href":"https:\/\/occasions-teile.ch\/en\/wp-json\/wp\/v2\/product_brand?post=358146"},{"taxonomy":"product_cat","embeddable":true,"href":"https:\/\/occasions-teile.ch\/en\/wp-json\/wp\/v2\/product_cat?post=358146"},{"taxonomy":"product_tag","embeddable":true,"href":"https:\/\/occasions-teile.ch\/en\/wp-json\/wp\/v2\/product_tag?post=358146"}],"curies":[{"name":"wp","href":"https:\/\/api.w.org\/{rel}","templated":true}]}}