{"id":357999,"date":"2025-06-05T12:54:42","date_gmt":"2025-06-05T12:54:42","guid":{"rendered":"https:\/\/occasions-teile.ch\/product\/vw-golf-blinker\/"},"modified":"2025-06-05T12:54:52","modified_gmt":"2025-06-05T12:54:52","slug":"vw-golf-blinker","status":"publish","type":"product","link":"https:\/\/occasions-teile.ch\/en\/produkt\/vw-golf-blinker\/","title":{"rendered":"VW Golf  Blinker"},"content":{"rendered":"<p><span><b>Technische Daten<\/b><\/p>\n<p> Fahrzeug: VW Golf<br \/>\n Chassis Nr.: WVWZZZ1KZAM696503<br \/>\n Baujahr: 2010<br \/>\n Kilometer: 164939 KM<br \/>\n Leistung: 122 KW<br \/>\n Hubraum: 1390 ccm<br \/>\n Typ: 1VD649<br \/>\n Farbcode: silber<br \/>\n Hinweise: &#8211;<\/p>\n<p> Versand: Versand nur in der Schweiz m\u00f6glich.Im Ausland ist der Transport k\u00e4uferseits.<br \/>\n Garantie: 3 Monate Garantie. Bitte beachten Sie, dass die Gew\u00e4hrleistung nur g\u00fcltig ist, wenn der Ersatzteileinbau durch eine Fachwerkstatt\/Meisterwerkstatt erfolgt. Das Ein- und Ausbau des Ersatzteiles kann nicht an uns verrechnet werden. <\/p>\n<p> Ersatzteil: f\u00fcr andere Fahrzeugen (Marken) verf\u00fcgbar auf anfrage. Tel.041 980 27 47. Mobil. 076 589 27 47<\/p>\n<p> Kontakt<br \/>\n  Adresse: Autoverwertung Brun AG<br \/>\n           M\u00f6\u00f6slimatten 13<br \/>\n           6218 Ettiswil<br \/>\n  Telefon: 0041 (041) 980 27 47<br \/>\n  Telefax: 0041 (041) 980 03 47<\/p>\n<p> Wir bieten Ihnen weitere gebrauchte Autoteile zum Kauf an.<br \/>\n Tags: Blinker, Turn signal , Clignotant<br \/>\n<\/span><\/p>\n","protected":false},"excerpt":{"rendered":"<p>Technische Daten Fahrzeug: VW Golf Chassis Nr.: WVWZZZ1KZAM696503 Baujahr: 2010 Kilometer: 164939 KM Leistung: 122 KW Hubraum: 1390 ccm Typ: 1VD649 Farbcode: silber Hinweise: &#8211; Versand: Versand nur in der Schweiz m\u00f6glich.Im Ausland ist der Transport k\u00e4uferseits. Garantie: 3 Monate Garantie. Bitte beachten Sie, dass die Gew\u00e4hrleistung nur g\u00fcltig ist, wenn der Ersatzteileinbau durch eine&hellip; <a class=\"more-link\" href=\"https:\/\/occasions-teile.ch\/en\/produkt\/vw-golf-blinker\/\">Continue reading <span class=\"screen-reader-text\">VW Golf  Blinker<\/span><\/a><\/p>\n","protected":false},"featured_media":357996,"template":"","meta":[],"product_brand":[],"product_cat":[2355,2356,515,518,2360,2359,1284,1287,1281,512,2357,2358,1283,1286,1280,24521,24522,24523],"product_tag":[],"class_list":{"0":"post-357999","1":"product","2":"type-product","3":"status-publish","4":"has-post-thumbnail","6":"product_cat-de-blinker","7":"product_cat-de-blinker-de-blinker","8":"product_cat-en-body-front","9":"product_cat-fr-carrosserie-front","10":"product_cat-fr-clignotant-fr-clignotant","11":"product_cat-fr-clignotant","12":"product_cat-en_golf","13":"product_cat-fr_golf","14":"product_cat-de_golf","15":"product_cat-de-karosserie-front","16":"product_cat-en-turn-signal","17":"product_cat-en-turn-signal-en-turn-signal","18":"product_cat-en_volkswagen","19":"product_cat-fr_volkswagen","20":"product_cat-de_volkswagen","21":"product_cat-de-wvwzzz1kzam696503-200000475","22":"product_cat-en-wvwzzz1kzam696503-200000475","23":"product_cat-fr-wvwzzz1kzam696503-200000475","24":"product_shipping_class-tarif-1","25":"entry","27":"first","28":"instock","29":"taxable","30":"shipping-taxable","31":"purchasable","32":"product-type-simple"},"jetpack_sharing_enabled":true,"_links":{"self":[{"href":"https:\/\/occasions-teile.ch\/en\/wp-json\/wp\/v2\/product\/357999","targetHints":{"allow":["GET"]}}],"collection":[{"href":"https:\/\/occasions-teile.ch\/en\/wp-json\/wp\/v2\/product"}],"about":[{"href":"https:\/\/occasions-teile.ch\/en\/wp-json\/wp\/v2\/types\/product"}],"wp:featuredmedia":[{"embeddable":true,"href":"https:\/\/occasions-teile.ch\/en\/wp-json\/wp\/v2\/media\/357996"}],"wp:attachment":[{"href":"https:\/\/occasions-teile.ch\/en\/wp-json\/wp\/v2\/media?parent=357999"}],"wp:term":[{"taxonomy":"product_brand","embeddable":true,"href":"https:\/\/occasions-teile.ch\/en\/wp-json\/wp\/v2\/product_brand?post=357999"},{"taxonomy":"product_cat","embeddable":true,"href":"https:\/\/occasions-teile.ch\/en\/wp-json\/wp\/v2\/product_cat?post=357999"},{"taxonomy":"product_tag","embeddable":true,"href":"https:\/\/occasions-teile.ch\/en\/wp-json\/wp\/v2\/product_tag?post=357999"}],"curies":[{"name":"wp","href":"https:\/\/api.w.org\/{rel}","templated":true}]}}