{"id":357452,"date":"2025-06-02T12:11:26","date_gmt":"2025-06-02T12:11:26","guid":{"rendered":"https:\/\/occasions-teile.ch\/product\/vw-t5-kuehlergrill\/"},"modified":"2025-06-02T12:11:36","modified_gmt":"2025-06-02T12:11:36","slug":"vw-t5-kuehlergrill","status":"publish","type":"product","link":"https:\/\/occasions-teile.ch\/en\/produkt\/vw-t5-kuehlergrill\/","title":{"rendered":"VW T5  K\u00fchlergrill"},"content":{"rendered":"<p><span><b>Technische Daten<\/b><\/p>\n<p> Fahrzeug: VW T5<br \/>\n Chassis Nr.: WV1ZZZ7HZBH055981<br \/>\n Baujahr: 2011<br \/>\n Kilometer: 203600 KM<br \/>\n Leistung: 102 KW<br \/>\n Hubraum: 1968 ccm<br \/>\n Typ: 3VD640<br \/>\n Farbcode: rot<br \/>\n Hinweise: &#8211;<\/p>\n<p> Versand: Versand nur in der Schweiz m\u00f6glich.Im Ausland ist der Transport k\u00e4uferseits.<br \/>\n Garantie: 3 Monate Garantie. Bitte beachten Sie, dass die Gew\u00e4hrleistung nur g\u00fcltig ist, wenn der Ersatzteileinbau durch eine Fachwerkstatt\/Meisterwerkstatt erfolgt. Das Ein- und Ausbau des Ersatzteiles kann nicht an uns verrechnet werden. <\/p>\n<p> Ersatzteil: f\u00fcr andere Fahrzeugen (Marken) verf\u00fcgbar auf anfrage. Tel.041 980 27 47. Mobil. 076 589 27 47<\/p>\n<p> Kontakt<br \/>\n  Adresse: Autoverwertung Brun AG<br \/>\n           M\u00f6\u00f6slimatten 13<br \/>\n           6218 Ettiswil<br \/>\n  Telefon: 0041 (041) 980 27 47<br \/>\n  Telefax: 0041 (041) 980 03 47<\/p>\n<p> Wir bieten Ihnen weitere gebrauchte Autoteile zum Kauf an.<br \/>\n Tags: K\u00fchlergrill, Radiator grille , Grille de calandre<br \/>\n<\/span><\/p>\n","protected":false},"excerpt":{"rendered":"<p>Technische Daten Fahrzeug: VW T5 Chassis Nr.: WV1ZZZ7HZBH055981 Baujahr: 2011 Kilometer: 203600 KM Leistung: 102 KW Hubraum: 1968 ccm Typ: 3VD640 Farbcode: rot Hinweise: &#8211; Versand: Versand nur in der Schweiz m\u00f6glich.Im Ausland ist der Transport k\u00e4uferseits. Garantie: 3 Monate Garantie. Bitte beachten Sie, dass die Gew\u00e4hrleistung nur g\u00fcltig ist, wenn der Ersatzteileinbau durch eine&hellip; <a class=\"more-link\" href=\"https:\/\/occasions-teile.ch\/en\/produkt\/vw-t5-kuehlergrill\/\">Continue reading <span class=\"screen-reader-text\">VW T5  K\u00fchlergrill<\/span><\/a><\/p>\n","protected":false},"featured_media":357449,"template":"","meta":[],"product_brand":[],"product_cat":[515,518,967,968,512,963,964,965,966,1547,1549,1551,1280,1283,1286,24519,24520,24518],"product_tag":[],"class_list":{"0":"post-357452","1":"product","2":"type-product","3":"status-publish","4":"has-post-thumbnail","6":"product_cat-en-body-front","7":"product_cat-fr-carrosserie-front","8":"product_cat-fr-grille-de-calandre","9":"product_cat-fr-grille-de-calandre-fr-grille-de-calandre","10":"product_cat-de-karosserie-front","11":"product_cat-de-kuehlergrill","12":"product_cat-de-kuehlergrill-de-kuehlergrill","13":"product_cat-en-radiator-grille","14":"product_cat-en-radiator-grille-en-radiator-grille","15":"product_cat-de_t5","16":"product_cat-en_t5","17":"product_cat-fr_t5","18":"product_cat-de_volkswagen","19":"product_cat-en_volkswagen","20":"product_cat-fr_volkswagen","21":"product_cat-en-wv1zzz7hzbh055981-200000472","22":"product_cat-fr-wv1zzz7hzbh055981-200000472","23":"product_cat-de-wv1zzz7hzbh055981-200000472","24":"product_shipping_class-tarif-2","25":"entry","27":"first","28":"instock","29":"taxable","30":"shipping-taxable","31":"purchasable","32":"product-type-simple"},"jetpack_sharing_enabled":true,"_links":{"self":[{"href":"https:\/\/occasions-teile.ch\/en\/wp-json\/wp\/v2\/product\/357452","targetHints":{"allow":["GET"]}}],"collection":[{"href":"https:\/\/occasions-teile.ch\/en\/wp-json\/wp\/v2\/product"}],"about":[{"href":"https:\/\/occasions-teile.ch\/en\/wp-json\/wp\/v2\/types\/product"}],"wp:featuredmedia":[{"embeddable":true,"href":"https:\/\/occasions-teile.ch\/en\/wp-json\/wp\/v2\/media\/357449"}],"wp:attachment":[{"href":"https:\/\/occasions-teile.ch\/en\/wp-json\/wp\/v2\/media?parent=357452"}],"wp:term":[{"taxonomy":"product_brand","embeddable":true,"href":"https:\/\/occasions-teile.ch\/en\/wp-json\/wp\/v2\/product_brand?post=357452"},{"taxonomy":"product_cat","embeddable":true,"href":"https:\/\/occasions-teile.ch\/en\/wp-json\/wp\/v2\/product_cat?post=357452"},{"taxonomy":"product_tag","embeddable":true,"href":"https:\/\/occasions-teile.ch\/en\/wp-json\/wp\/v2\/product_tag?post=357452"}],"curies":[{"name":"wp","href":"https:\/\/api.w.org\/{rel}","templated":true}]}}