{"id":35729,"date":"2023-05-17T14:41:51","date_gmt":"2023-05-17T14:41:51","guid":{"rendered":"https:\/\/occasions-teile.ch\/product\/seat-ibiza-abs-bremsaggregat-2\/"},"modified":"2024-05-28T01:42:44","modified_gmt":"2024-05-28T01:42:44","slug":"seat-ibiza-abs-bremsaggregat-2","status":"publish","type":"product","link":"https:\/\/occasions-teile.ch\/en\/produkt\/seat-ibiza-abs-bremsaggregat-2\/","title":{"rendered":"SEAT Ibiza  ABS Bremsaggregat"},"content":{"rendered":"<p><span><b>Technische Daten<\/b><\/p>\n<p> Fahrzeug: SEAT Ibiza<br \/>\n Chassis Nr.: VSSZZZKJZLR036184<br \/>\n Baujahr: 2019<br \/>\n Kilometer: 15000 KM<br \/>\n Leistung: 115 KW<br \/>\n Hubraum: 999 ccm<br \/>\n Typ: 1sh826<br \/>\n Farbcode: rot<br \/>\n Hinweise: &#8211;<\/p>\n<p> Versand: Versand nur in der Schweiz m\u00f6glich.Im Ausland ist der Transport k\u00e4uferseits.<br \/>\n Garantie: 3 Monate Garantie. Bitte beachten Sie, dass die Gew\u00e4hrleistung nur g\u00fcltig ist, wenn der Ersatzteileinbau durch eine Fachwerkstatt\/Meisterwerkstatt erfolgt. Das Ein- und Ausbau des Ersatzteiles kann nicht an uns verrechnet werden. <\/p>\n<p> Ersatzteil: f\u00fcr andere Fahrzeugen (Marken) verf\u00fcgbar auf anfrage. Tel.041 980 27 47. Mobil. 076 589 27 47<\/p>\n<p> Kontakt<br \/>\n  Adresse: Autoverwertung Brun AG<br \/>\n           M\u00f6\u00f6slimatten 13<br \/>\n           6218 Ettiswil<br \/>\n  Telefon: 0041 (041) 980 27 47<br \/>\n  Telefax: 0041 (041) 980 03 47<\/p>\n<p> Wir bieten Ihnen weitere gebrauchte Autoteile zum Kauf an.<br \/>\n<\/span><\/p>\n","protected":false},"excerpt":{"rendered":"<p>Technische Daten Fahrzeug: SEAT Ibiza Chassis Nr.: VSSZZZKJZLR036184 Baujahr: 2019 Kilometer: 15000 KM Leistung: 115 KW Hubraum: 999 ccm Typ: 1sh826 Farbcode: rot Hinweise: &#8211; Versand: Versand nur in der Schweiz m\u00f6glich.Im Ausland ist der Transport k\u00e4uferseits. Garantie: 3 Monate Garantie. Bitte beachten Sie, dass die Gew\u00e4hrleistung nur g\u00fcltig ist, wenn der Ersatzteileinbau durch eine&hellip; <a class=\"more-link\" href=\"https:\/\/occasions-teile.ch\/en\/produkt\/seat-ibiza-abs-bremsaggregat-2\/\">Continue reading <span class=\"screen-reader-text\">SEAT Ibiza  ABS Bremsaggregat<\/span><\/a><\/p>\n","protected":false},"featured_media":35726,"template":"","meta":[],"product_brand":[],"product_cat":[534,535,531,532,533,530,536,537,538,1624,1626,1622,1494,1497,1500,23735,2006,2007,2008],"product_tag":[],"class_list":{"0":"post-35729","1":"product","2":"type-product","3":"status-publish","4":"has-post-thumbnail","6":"product_cat-en-abs-brake-unit","7":"product_cat-en-abs-brake-unit-en-abs-brake-unit","8":"product_cat-de-absbremsaggregat","9":"product_cat-de-absbremsaggregat-de-absbremsaggregat","10":"product_cat-en-brake-brake-system","11":"product_cat-de-bremse-bremsanlage","12":"product_cat-fr-frein-systeme-de-freinage","13":"product_cat-fr-groupe-de-freinage-abs","14":"product_cat-fr-groupe-de-freinage-abs-fr-groupe-de-freinage-abs","15":"product_cat-en_ibiza","16":"product_cat-fr_ibiza","17":"product_cat-de_ibiza","18":"product_cat-de_seat","19":"product_cat-en_seat","20":"product_cat-fr_seat","21":"product_cat-de-v-1-0tsi-de_ibiza-de_seat-manufacturer-15","22":"product_cat-de-vsszzzkjzlr036184","23":"product_cat-en-vsszzzkjzlr036184","24":"product_cat-fr-vsszzzkjzlr036184","25":"product_shipping_class-tarif-1","26":"entry","28":"first","29":"instock","30":"taxable","31":"shipping-taxable","32":"purchasable","33":"product-type-simple"},"jetpack_sharing_enabled":true,"_links":{"self":[{"href":"https:\/\/occasions-teile.ch\/en\/wp-json\/wp\/v2\/product\/35729","targetHints":{"allow":["GET"]}}],"collection":[{"href":"https:\/\/occasions-teile.ch\/en\/wp-json\/wp\/v2\/product"}],"about":[{"href":"https:\/\/occasions-teile.ch\/en\/wp-json\/wp\/v2\/types\/product"}],"wp:featuredmedia":[{"embeddable":true,"href":"https:\/\/occasions-teile.ch\/en\/wp-json\/wp\/v2\/media\/35726"}],"wp:attachment":[{"href":"https:\/\/occasions-teile.ch\/en\/wp-json\/wp\/v2\/media?parent=35729"}],"wp:term":[{"taxonomy":"product_brand","embeddable":true,"href":"https:\/\/occasions-teile.ch\/en\/wp-json\/wp\/v2\/product_brand?post=35729"},{"taxonomy":"product_cat","embeddable":true,"href":"https:\/\/occasions-teile.ch\/en\/wp-json\/wp\/v2\/product_cat?post=35729"},{"taxonomy":"product_tag","embeddable":true,"href":"https:\/\/occasions-teile.ch\/en\/wp-json\/wp\/v2\/product_tag?post=35729"}],"curies":[{"name":"wp","href":"https:\/\/api.w.org\/{rel}","templated":true}]}}