{"id":352281,"date":"2025-04-24T13:40:21","date_gmt":"2025-04-24T13:40:21","guid":{"rendered":"https:\/\/occasions-teile.ch\/product\/land-rover-range-rover-scheinwerfer-links\/"},"modified":"2025-04-24T14:33:36","modified_gmt":"2025-04-24T14:33:36","slug":"land-rover-range-rover-scheinwerfer-links","status":"publish","type":"product","link":"https:\/\/occasions-teile.ch\/en\/produkt\/land-rover-range-rover-scheinwerfer-links\/","title":{"rendered":"Land Rover Range Rover  Scheinwerfer links"},"content":{"rendered":"<p><span><b>Technische Daten<\/b><\/p>\n<p> Fahrzeug: Land Rover Range Rover<br \/>\n Chassis Nr.: SALWA2FK5EA325676<br \/>\n Baujahr: 2013<br \/>\n Kilometer: 172493 KM<br \/>\n Leistung: 258 KW<br \/>\n Hubraum: 2893 ccm<br \/>\n Typ: 1LC638<br \/>\n Farbcode: silber<br \/>\n Hinweise: Achtung 2 Halter Defekt<\/p>\n<p> Versand: Versand nur in der Schweiz m\u00f6glich.Im Ausland ist der Transport k\u00e4uferseits.<br \/>\n Garantie: 3 Monate Garantie. Bitte beachten Sie, dass die Gew\u00e4hrleistung nur g\u00fcltig ist, wenn der Ersatzteileinbau durch eine Fachwerkstatt\/Meisterwerkstatt erfolgt. Das Ein- und Ausbau des Ersatzteiles kann nicht an uns verrechnet werden. <\/p>\n<p> Ersatzteil: f\u00fcr andere Fahrzeugen (Marken) verf\u00fcgbar auf anfrage. Tel.041 980 27 47. Mobil. 076 589 27 47<\/p>\n<p> Kontakt<br \/>\n  Adresse: Autoverwertung Brun AG<br \/>\n           M\u00f6\u00f6slimatten 13<br \/>\n           6218 Ettiswil<br \/>\n  Telefon: 0041 (041) 980 27 47<br \/>\n  Telefax: 0041 (041) 980 03 47<\/p>\n<p> Wir bieten Ihnen weitere gebrauchte Autoteile zum Kauf an.<br \/>\n Tags: Scheinwerfer links, Headlight links, Phare gauche<br \/>\n<\/span><\/p>\n","protected":false},"excerpt":{"rendered":"<p>Technische Daten Fahrzeug: Land Rover Range Rover Chassis Nr.: SALWA2FK5EA325676 Baujahr: 2013 Kilometer: 172493 KM Leistung: 258 KW Hubraum: 2893 ccm Typ: 1LC638 Farbcode: silber Hinweise: Achtung 2 Halter Defekt Versand: Versand nur in der Schweiz m\u00f6glich.Im Ausland ist der Transport k\u00e4uferseits. Garantie: 3 Monate Garantie. Bitte beachten Sie, dass die Gew\u00e4hrleistung nur g\u00fcltig ist,&hellip; <a class=\"more-link\" href=\"https:\/\/occasions-teile.ch\/en\/produkt\/land-rover-range-rover-scheinwerfer-links\/\">Continue reading <span class=\"screen-reader-text\">Land Rover Range Rover  Scheinwerfer links<\/span><\/a><\/p>\n","protected":false},"featured_media":352278,"template":"","meta":[],"product_brand":[],"product_cat":[515,518,1132,1133,512,1697,1700,1694,1134,1135,2329,2331,2333,24465,24466,24467,1130,1131,24468],"product_tag":[],"class_list":{"0":"post-352281","1":"product","2":"type-product","3":"status-publish","4":"has-post-thumbnail","6":"product_cat-en-body-front","7":"product_cat-fr-carrosserie-front","8":"product_cat-en-headlight-en-body-front","9":"product_cat-en-headlight-links","10":"product_cat-de-karosserie-front","11":"product_cat-en_land-rover","12":"product_cat-fr_land-rover","13":"product_cat-de_land-rover","14":"product_cat-fr-phare-fr-carrosserie-front","15":"product_cat-fr-phare-gauche","16":"product_cat-de_range-rover","17":"product_cat-en_range-rover","18":"product_cat-fr_range-rover","19":"product_cat-de-salwa2fk5ea325676-200000458","20":"product_cat-en-salwa2fk5ea325676-200000458","21":"product_cat-fr-salwa2fk5ea325676-200000458","22":"product_cat-de-scheinwerfer-de-karosserie-front","23":"product_cat-de-scheinwerfer-links","24":"product_cat-de-std","25":"product_shipping_class-tarif-2","26":"entry","28":"first","29":"instock","30":"taxable","31":"shipping-taxable","32":"purchasable","33":"product-type-simple"},"jetpack_sharing_enabled":true,"_links":{"self":[{"href":"https:\/\/occasions-teile.ch\/en\/wp-json\/wp\/v2\/product\/352281","targetHints":{"allow":["GET"]}}],"collection":[{"href":"https:\/\/occasions-teile.ch\/en\/wp-json\/wp\/v2\/product"}],"about":[{"href":"https:\/\/occasions-teile.ch\/en\/wp-json\/wp\/v2\/types\/product"}],"wp:featuredmedia":[{"embeddable":true,"href":"https:\/\/occasions-teile.ch\/en\/wp-json\/wp\/v2\/media\/352278"}],"wp:attachment":[{"href":"https:\/\/occasions-teile.ch\/en\/wp-json\/wp\/v2\/media?parent=352281"}],"wp:term":[{"taxonomy":"product_brand","embeddable":true,"href":"https:\/\/occasions-teile.ch\/en\/wp-json\/wp\/v2\/product_brand?post=352281"},{"taxonomy":"product_cat","embeddable":true,"href":"https:\/\/occasions-teile.ch\/en\/wp-json\/wp\/v2\/product_cat?post=352281"},{"taxonomy":"product_tag","embeddable":true,"href":"https:\/\/occasions-teile.ch\/en\/wp-json\/wp\/v2\/product_tag?post=352281"}],"curies":[{"name":"wp","href":"https:\/\/api.w.org\/{rel}","templated":true}]}}