{"id":352081,"date":"2025-04-23T13:32:00","date_gmt":"2025-04-23T13:32:00","guid":{"rendered":"https:\/\/occasions-teile.ch\/product\/audi-a3-rueckleuchte-rechts-10\/"},"modified":"2025-04-23T14:41:12","modified_gmt":"2025-04-23T14:41:12","slug":"audi-a3-rueckleuchte-rechts-10","status":"publish","type":"product","link":"https:\/\/occasions-teile.ch\/en\/produkt\/audi-a3-rueckleuchte-rechts-10\/","title":{"rendered":"Audi A3  R\u00fcckleuchte rechts"},"content":{"rendered":"<p><b>Technische Daten<\/b><\/p>\n<p>Fahrzeug: Audi A3<br \/>\nChassis Nr.: WAUZZZ8V3KA058065<br \/>\nBaujahr: 2019<br \/>\nKilometer: 60000 KM<br \/>\nLeistung: 190 KW<br \/>\nHubraum: 1984 ccm<br \/>\nTyp: 1AH368<br \/>\nFarbcode: grau<br \/>\nHinweise: &#8211;<\/p>\n<p>Versand: Versand nur in der Schweiz m\u00f6glich.Im Ausland ist der Transport k\u00e4uferseits.<br \/>\nGarantie: 3 Monate Garantie. Bitte beachten Sie, dass die Gew\u00e4hrleistung nur g\u00fcltig ist, wenn der Ersatzteileinbau durch eine Fachwerkstatt\/Meisterwerkstatt erfolgt. Das Ein- und Ausbau des Ersatzteiles kann nicht an uns verrechnet werden.<\/p>\n<p>Ersatzteil: f\u00fcr andere Fahrzeugen (Marken) verf\u00fcgbar auf anfrage. Tel.041 980 27 47. Mobil. 076 589 27 47<\/p>\n<p>Kontakt<br \/>\nAdresse: Autoverwertung Brun AG<br \/>\nM\u00f6\u00f6slimatten 13<br \/>\n6218 Ettiswil<br \/>\nTelefon: 0041 (041) 980 27 47<br \/>\nTelefax: 0041 (041) 980 03 47<\/p>\n<p>Wir bieten Ihnen weitere gebrauchte Autoteile zum Kauf an.<br \/>\nTags: R\u00fcckleuchte rechts, Tail light right , Feu arrie`re droit<\/p>\n","protected":false},"excerpt":{"rendered":"<p>Technische Daten Fahrzeug: Audi A3 Chassis Nr.: WAUZZZ8V3KA058065 Baujahr: 2019 Kilometer: 60000 KM Leistung: 190 KW Hubraum: 1984 ccm Typ: 1AH368 Farbcode: grau Hinweise: &#8211; Versand: Versand nur in der Schweiz m\u00f6glich.Im Ausland ist der Transport k\u00e4uferseits. Garantie: 3 Monate Garantie. Bitte beachten Sie, dass die Gew\u00e4hrleistung nur g\u00fcltig ist, wenn der Ersatzteileinbau durch eine&hellip; <a class=\"more-link\" href=\"https:\/\/occasions-teile.ch\/en\/produkt\/audi-a3-rueckleuchte-rechts-10\/\">Continue reading <span class=\"screen-reader-text\">Audi A3  R\u00fcckleuchte rechts<\/span><\/a><\/p>\n","protected":false},"featured_media":352078,"template":"","meta":[],"product_brand":[],"product_cat":[2139,458,521,1121,1127,24464,24461],"product_tag":[],"class_list":{"0":"post-352081","1":"product","2":"type-product","3":"status-publish","4":"has-post-thumbnail","6":"product_cat-de_a3","7":"product_cat-de_audi","8":"product_cat-de-karosserie-heck","9":"product_cat-de-rueckleuchte","10":"product_cat-de-rueckleuchte-rechts","11":"product_cat-de-sportback2-0tfsi","12":"product_cat-de-wauzzz8v3ka058065-200000457","13":"product_shipping_class-tarif-1","14":"entry","16":"first","17":"instock","18":"taxable","19":"shipping-taxable","20":"purchasable","21":"product-type-simple"},"jetpack_sharing_enabled":true,"_links":{"self":[{"href":"https:\/\/occasions-teile.ch\/en\/wp-json\/wp\/v2\/product\/352081","targetHints":{"allow":["GET"]}}],"collection":[{"href":"https:\/\/occasions-teile.ch\/en\/wp-json\/wp\/v2\/product"}],"about":[{"href":"https:\/\/occasions-teile.ch\/en\/wp-json\/wp\/v2\/types\/product"}],"wp:featuredmedia":[{"embeddable":true,"href":"https:\/\/occasions-teile.ch\/en\/wp-json\/wp\/v2\/media\/352078"}],"wp:attachment":[{"href":"https:\/\/occasions-teile.ch\/en\/wp-json\/wp\/v2\/media?parent=352081"}],"wp:term":[{"taxonomy":"product_brand","embeddable":true,"href":"https:\/\/occasions-teile.ch\/en\/wp-json\/wp\/v2\/product_brand?post=352081"},{"taxonomy":"product_cat","embeddable":true,"href":"https:\/\/occasions-teile.ch\/en\/wp-json\/wp\/v2\/product_cat?post=352081"},{"taxonomy":"product_tag","embeddable":true,"href":"https:\/\/occasions-teile.ch\/en\/wp-json\/wp\/v2\/product_tag?post=352081"}],"curies":[{"name":"wp","href":"https:\/\/api.w.org\/{rel}","templated":true}]}}