{"id":352077,"date":"2025-04-23T13:21:54","date_gmt":"2025-04-23T13:21:54","guid":{"rendered":"https:\/\/occasions-teile.ch\/product\/audi-a3-rueckleuchte-rechts-9\/"},"modified":"2025-04-23T15:31:08","modified_gmt":"2025-04-23T15:31:08","slug":"audi-a3-rueckleuchte-rechts-9","status":"publish","type":"product","link":"https:\/\/occasions-teile.ch\/en\/produkt\/audi-a3-rueckleuchte-rechts-9\/","title":{"rendered":"Audi A3  R\u00fcckleuchte links"},"content":{"rendered":"<p><span><b>Technische Daten<\/b><\/p>\n<p> Fahrzeug: Audi A3<br \/>\n Chassis Nr.: WAUZZZ8V3KA058065<br \/>\n Baujahr: 2019<br \/>\n Kilometer: 60000 KM<br \/>\n Leistung: 190 KW<br \/>\n Hubraum: 1984 ccm<br \/>\n Typ: 1AH368<br \/>\n Farbcode: grau<br \/>\n Hinweise: &#8211;<\/p>\n<p> Versand: Versand nur in der Schweiz m\u00f6glich.Im Ausland ist der Transport k\u00e4uferseits.<br \/>\n Garantie: 3 Monate Garantie. Bitte beachten Sie, dass die Gew\u00e4hrleistung nur g\u00fcltig ist, wenn der Ersatzteileinbau durch eine Fachwerkstatt\/Meisterwerkstatt erfolgt. Das Ein- und Ausbau des Ersatzteiles kann nicht an uns verrechnet werden. <\/p>\n<p> Ersatzteil: f\u00fcr andere Fahrzeugen (Marken) verf\u00fcgbar auf anfrage. Tel.041 980 27 47. Mobil. 076 589 27 47<\/p>\n<p> Kontakt<br \/>\n  Adresse: Autoverwertung Brun AG<br \/>\n           M\u00f6\u00f6slimatten 13<br \/>\n           6218 Ettiswil<br \/>\n  Telefon: 0041 (041) 980 27 47<br \/>\n  Telefax: 0041 (041) 980 03 47<\/p>\n<p> Wir bieten Ihnen weitere gebrauchte Autoteile zum Kauf an.<br \/>\n Tags: R\u00fcckleuchte links,  Tail light links, Feu arrie`re gauche<br \/>\n<\/span><\/p>\n","protected":false},"excerpt":{"rendered":"<p>Technische Daten Fahrzeug: Audi A3 Chassis Nr.: WAUZZZ8V3KA058065 Baujahr: 2019 Kilometer: 60000 KM Leistung: 190 KW Hubraum: 1984 ccm Typ: 1AH368 Farbcode: grau Hinweise: &#8211; Versand: Versand nur in der Schweiz m\u00f6glich.Im Ausland ist der Transport k\u00e4uferseits. Garantie: 3 Monate Garantie. Bitte beachten Sie, dass die Gew\u00e4hrleistung nur g\u00fcltig ist, wenn der Ersatzteileinbau durch eine&hellip; <a class=\"more-link\" href=\"https:\/\/occasions-teile.ch\/en\/produkt\/audi-a3-rueckleuchte-rechts-9\/\">Continue reading <span class=\"screen-reader-text\">Audi A3  R\u00fcckleuchte links<\/span><\/a><\/p>\n","protected":false},"featured_media":352074,"template":"","meta":[],"product_brand":[],"product_cat":[2139,2141,2143,464,458,461,524,527,1125,1126,521,1121,1122,24464,1124,1123,24462,24463,24461],"product_tag":[],"class_list":{"0":"post-352077","1":"product","2":"type-product","3":"status-publish","4":"has-post-thumbnail","6":"product_cat-de_a3","7":"product_cat-en_a3","8":"product_cat-fr_a3","9":"product_cat-fr_audi","10":"product_cat-de_audi","11":"product_cat-en_audi","12":"product_cat-en-body-rear","13":"product_cat-fr-carrosserie-arriere","14":"product_cat-fr-feu-arriere","15":"product_cat-fr-feu-arriere-gauche","16":"product_cat-de-karosserie-heck","17":"product_cat-de-rueckleuchte","18":"product_cat-de-rueckleuchte-links","19":"product_cat-de-sportback2-0tfsi","20":"product_cat-en-tail-light-links","21":"product_cat-en-taillight","22":"product_cat-en-wauzzz8v3ka058065-200000457","23":"product_cat-fr-wauzzz8v3ka058065-200000457","24":"product_cat-de-wauzzz8v3ka058065-200000457","25":"product_shipping_class-tarif-1","26":"entry","28":"first","29":"instock","30":"taxable","31":"shipping-taxable","32":"purchasable","33":"product-type-simple"},"jetpack_sharing_enabled":true,"_links":{"self":[{"href":"https:\/\/occasions-teile.ch\/en\/wp-json\/wp\/v2\/product\/352077","targetHints":{"allow":["GET"]}}],"collection":[{"href":"https:\/\/occasions-teile.ch\/en\/wp-json\/wp\/v2\/product"}],"about":[{"href":"https:\/\/occasions-teile.ch\/en\/wp-json\/wp\/v2\/types\/product"}],"wp:featuredmedia":[{"embeddable":true,"href":"https:\/\/occasions-teile.ch\/en\/wp-json\/wp\/v2\/media\/352074"}],"wp:attachment":[{"href":"https:\/\/occasions-teile.ch\/en\/wp-json\/wp\/v2\/media?parent=352077"}],"wp:term":[{"taxonomy":"product_brand","embeddable":true,"href":"https:\/\/occasions-teile.ch\/en\/wp-json\/wp\/v2\/product_brand?post=352077"},{"taxonomy":"product_cat","embeddable":true,"href":"https:\/\/occasions-teile.ch\/en\/wp-json\/wp\/v2\/product_cat?post=352077"},{"taxonomy":"product_tag","embeddable":true,"href":"https:\/\/occasions-teile.ch\/en\/wp-json\/wp\/v2\/product_tag?post=352077"}],"curies":[{"name":"wp","href":"https:\/\/api.w.org\/{rel}","templated":true}]}}