{"id":351927,"date":"2025-04-17T10:42:46","date_gmt":"2025-04-17T10:42:46","guid":{"rendered":"https:\/\/occasions-teile.ch\/product\/toyota-c-hr-wasserpumpe-zusatzwasserpumpe\/"},"modified":"2025-04-17T11:26:05","modified_gmt":"2025-04-17T11:26:05","slug":"toyota-c-hr-wasserpumpe-zusatzwasserpumpe","status":"publish","type":"product","link":"https:\/\/occasions-teile.ch\/en\/produkt\/toyota-c-hr-wasserpumpe-zusatzwasserpumpe\/","title":{"rendered":"Toyota C-HR  Wasserpumpe Zusatzwasserpumpe"},"content":{"rendered":"<p><span><b>Technische Daten<\/b><\/p>\n<p> Fahrzeug: Toyota C-HR<br \/>\n Chassis Nr.: NMTLY3FX70R001217<br \/>\n Baujahr: 2017<br \/>\n Kilometer: 110000 KM<br \/>\n Leistung: 116 KW<br \/>\n Hubraum: 1197 ccm<br \/>\n Typ: 1TA706<br \/>\n Farbcode: silber<br \/>\n Hinweise: &#8211;<\/p>\n<p> Versand: Versand nur in der Schweiz m\u00f6glich.Im Ausland ist der Transport k\u00e4uferseits.<br \/>\n Garantie: 3 Monate Garantie. Bitte beachten Sie, dass die Gew\u00e4hrleistung nur g\u00fcltig ist, wenn der Ersatzteileinbau durch eine Fachwerkstatt\/Meisterwerkstatt erfolgt. Das Ein- und Ausbau des Ersatzteiles kann nicht an uns verrechnet werden. <\/p>\n<p> Ersatzteil: f\u00fcr andere Fahrzeugen (Marken) verf\u00fcgbar auf anfrage. Tel.041 980 27 47. Mobil. 076 589 27 47<\/p>\n<p> Kontakt<br \/>\n  Adresse: Autoverwertung Brun AG<br \/>\n           M\u00f6\u00f6slimatten 13<br \/>\n           6218 Ettiswil<br \/>\n  Telefon: 0041 (041) 980 27 47<br \/>\n  Telefax: 0041 (041) 980 03 47<\/p>\n<p> Wir bieten Ihnen weitere gebrauchte Autoteile zum Kauf an.<br \/>\n Tags: Wasserpumpe Zusatzwasserpumpe, Water Pumps\/Additional Water Pumps, Pompes a` eau\/pompes a` eau supple\u00b4mentaires<br \/>\n<\/span><\/p>\n","protected":false},"excerpt":{"rendered":"<p>Technische Daten Fahrzeug: Toyota C-HR Chassis Nr.: NMTLY3FX70R001217 Baujahr: 2017 Kilometer: 110000 KM Leistung: 116 KW Hubraum: 1197 ccm Typ: 1TA706 Farbcode: silber Hinweise: &#8211; Versand: Versand nur in der Schweiz m\u00f6glich.Im Ausland ist der Transport k\u00e4uferseits. Garantie: 3 Monate Garantie. Bitte beachten Sie, dass die Gew\u00e4hrleistung nur g\u00fcltig ist, wenn der Ersatzteileinbau durch eine&hellip; <a class=\"more-link\" href=\"https:\/\/occasions-teile.ch\/en\/produkt\/toyota-c-hr-wasserpumpe-zusatzwasserpumpe\/\">Continue reading <span class=\"screen-reader-text\">Toyota C-HR  Wasserpumpe Zusatzwasserpumpe<\/span><\/a><\/p>\n","protected":false},"featured_media":351924,"template":"","meta":[],"product_brand":[],"product_cat":[24460,24459,24455,24457,1001,999,500,494,497,24458,24454,24456,6393,1003,1332,1335,1329,6391,6392],"product_tag":[],"class_list":{"0":"post-351927","1":"product","2":"type-product","3":"status-publish","4":"has-post-thumbnail","6":"product_cat-de-1-2-turbo","7":"product_cat-fr_slug_toyota_c-hr_653","8":"product_cat-de_slug_toyota_c-hr_415","9":"product_cat-en_slug_toyota_c-hr_935","10":"product_cat-en-coolingmotor","11":"product_cat-de-kuehlungmotor","12":"product_cat-fr-moteur","13":"product_cat-de-motor","14":"product_cat-en-motor","15":"product_cat-fr-nmtly3fx70r001217-200000456","16":"product_cat-de-nmtly3fx70r001217-200000456","17":"product_cat-en-nmtly3fx70r001217-200000456","18":"product_cat-fr-pompes-a-eau-pompes-a-eau-supplementaires-kuehlungmotor","19":"product_cat-fr-refroidissement-moteur","20":"product_cat-en_toyota","21":"product_cat-fr_toyota","22":"product_cat-de_toyota","23":"product_cat-de-wasserpumpen-zusatzwasserpumpen-kuehlungmotor","24":"product_cat-en-water-pumps-additional-water-pumps-kuehlungmotor","25":"product_shipping_class-tarif-1","26":"entry","28":"first","29":"instock","30":"taxable","31":"shipping-taxable","32":"purchasable","33":"product-type-simple"},"jetpack_sharing_enabled":true,"_links":{"self":[{"href":"https:\/\/occasions-teile.ch\/en\/wp-json\/wp\/v2\/product\/351927","targetHints":{"allow":["GET"]}}],"collection":[{"href":"https:\/\/occasions-teile.ch\/en\/wp-json\/wp\/v2\/product"}],"about":[{"href":"https:\/\/occasions-teile.ch\/en\/wp-json\/wp\/v2\/types\/product"}],"wp:featuredmedia":[{"embeddable":true,"href":"https:\/\/occasions-teile.ch\/en\/wp-json\/wp\/v2\/media\/351924"}],"wp:attachment":[{"href":"https:\/\/occasions-teile.ch\/en\/wp-json\/wp\/v2\/media?parent=351927"}],"wp:term":[{"taxonomy":"product_brand","embeddable":true,"href":"https:\/\/occasions-teile.ch\/en\/wp-json\/wp\/v2\/product_brand?post=351927"},{"taxonomy":"product_cat","embeddable":true,"href":"https:\/\/occasions-teile.ch\/en\/wp-json\/wp\/v2\/product_cat?post=351927"},{"taxonomy":"product_tag","embeddable":true,"href":"https:\/\/occasions-teile.ch\/en\/wp-json\/wp\/v2\/product_tag?post=351927"}],"curies":[{"name":"wp","href":"https:\/\/api.w.org\/{rel}","templated":true}]}}