{"id":35095,"date":"2023-05-15T15:28:33","date_gmt":"2023-05-15T15:28:33","guid":{"rendered":"https:\/\/occasions-teile.ch\/product\/seat-altea-antriebswelle-vorne-rechts\/"},"modified":"2024-05-28T19:52:41","modified_gmt":"2024-05-28T19:52:41","slug":"seat-altea-antriebswelle-vorne-rechts","status":"publish","type":"product","link":"https:\/\/occasions-teile.ch\/en\/produkt\/seat-altea-antriebswelle-vorne-rechts\/","title":{"rendered":"SEAT Altea  Antriebswelle vorne rechts"},"content":{"rendered":"<p><span><b>Technische Daten<\/b><\/p>\n<p> Fahrzeug: SEAT Altea<br \/>\n Chassis Nr.: VSSZZZ5PZ5R063830<br \/>\n Baujahr: 2005<br \/>\n Kilometer: 157000 KM<br \/>\n Leistung: 105 KW<br \/>\n Hubraum: 1900 ccm<br \/>\n Typ: x<br \/>\n Farbcode: silber<br \/>\n Hinweise: &#8211;<\/p>\n<p> Versand: Versand nur in der Schweiz m\u00f6glich.Im Ausland ist der Transport k\u00e4uferseits.<br \/>\n Garantie: 3 Monate Garantie. Bitte beachten Sie, dass die Gew\u00e4hrleistung nur g\u00fcltig ist, wenn der Ersatzteileinbau durch eine Fachwerkstatt\/Meisterwerkstatt erfolgt. Das Ein- und Ausbau des Ersatzteiles kann nicht an uns verrechnet werden. <\/p>\n<p> Ersatzteil: f\u00fcr andere Fahrzeugen (Marken) verf\u00fcgbar auf anfrage. Tel.041 980 27 47. Mobil. 076 589 27 47<\/p>\n<p> Kontakt<br \/>\n  Adresse: Autoverwertung Brun AG<br \/>\n           M\u00f6\u00f6slimatten 13<br \/>\n           6218 Ettiswil<br \/>\n  Telefon: 0041 (041) 980 27 47<br \/>\n  Telefax: 0041 (041) 980 03 47<\/p>\n<p> Wir bieten Ihnen weitere gebrauchte Autoteile zum Kauf an.<br \/>\n<\/span><\/p>\n","protected":false},"excerpt":{"rendered":"<p>Technische Daten Fahrzeug: SEAT Altea Chassis Nr.: VSSZZZ5PZ5R063830 Baujahr: 2005 Kilometer: 157000 KM Leistung: 105 KW Hubraum: 1900 ccm Typ: x Farbcode: silber Hinweise: &#8211; Versand: Versand nur in der Schweiz m\u00f6glich.Im Ausland ist der Transport k\u00e4uferseits. Garantie: 3 Monate Garantie. Bitte beachten Sie, dass die Gew\u00e4hrleistung nur g\u00fcltig ist, wenn der Ersatzteileinbau durch eine&hellip; <a class=\"more-link\" href=\"https:\/\/occasions-teile.ch\/en\/produkt\/seat-altea-antriebswelle-vorne-rechts\/\">Continue reading <span class=\"screen-reader-text\">SEAT Altea  Antriebswelle vorne rechts<\/span><\/a><\/p>\n","protected":false},"featured_media":35086,"template":"","meta":[],"product_brand":[],"product_cat":[23800,2000,2002,1998,798,783,800,787,799,785,651,648,1497,1500,1494,654,2001,1997,1999],"product_tag":[],"class_list":{"0":"post-35095","1":"product","2":"type-product","3":"status-publish","4":"has-post-thumbnail","6":"product_cat-de-1-9-tdi-de_altea-de_seat-manufacturer-5","7":"product_cat-en_altea","8":"product_cat-fr_altea","9":"product_cat-de_altea","10":"product_cat-de-antriebswelle-vorne-rechts","11":"product_cat-de-antriebswellen","12":"product_cat-fr-arbre-dentrainement-avant-droit","13":"product_cat-fr-arbres-de-transmission","14":"product_cat-en-drive-shaft-front-right","15":"product_cat-en-drive-shafts","16":"product_cat-en-gearbox-drive","17":"product_cat-de-getriebe-antrieb","18":"product_cat-en_seat","19":"product_cat-fr_seat","20":"product_cat-de_seat","21":"product_cat-fr-transmission-entrainement","22":"product_cat-fr-vsszzz5pz5r063830","23":"product_cat-de-vsszzz5pz5r063830","24":"product_cat-en-vsszzz5pz5r063830","25":"product_shipping_class-tarif-1","26":"entry","28":"first","29":"instock","30":"taxable","31":"shipping-taxable","32":"purchasable","33":"product-type-simple"},"jetpack_sharing_enabled":true,"_links":{"self":[{"href":"https:\/\/occasions-teile.ch\/en\/wp-json\/wp\/v2\/product\/35095","targetHints":{"allow":["GET"]}}],"collection":[{"href":"https:\/\/occasions-teile.ch\/en\/wp-json\/wp\/v2\/product"}],"about":[{"href":"https:\/\/occasions-teile.ch\/en\/wp-json\/wp\/v2\/types\/product"}],"wp:featuredmedia":[{"embeddable":true,"href":"https:\/\/occasions-teile.ch\/en\/wp-json\/wp\/v2\/media\/35086"}],"wp:attachment":[{"href":"https:\/\/occasions-teile.ch\/en\/wp-json\/wp\/v2\/media?parent=35095"}],"wp:term":[{"taxonomy":"product_brand","embeddable":true,"href":"https:\/\/occasions-teile.ch\/en\/wp-json\/wp\/v2\/product_brand?post=35095"},{"taxonomy":"product_cat","embeddable":true,"href":"https:\/\/occasions-teile.ch\/en\/wp-json\/wp\/v2\/product_cat?post=35095"},{"taxonomy":"product_tag","embeddable":true,"href":"https:\/\/occasions-teile.ch\/en\/wp-json\/wp\/v2\/product_tag?post=35095"}],"curies":[{"name":"wp","href":"https:\/\/api.w.org\/{rel}","templated":true}]}}