{"id":349922,"date":"2025-04-03T10:09:08","date_gmt":"2025-04-03T10:09:08","guid":{"rendered":"https:\/\/occasions-teile.ch\/product\/nissan-pathfinder-steuergeraet-airbag\/"},"modified":"2025-04-03T10:44:19","modified_gmt":"2025-04-03T10:44:19","slug":"nissan-pathfinder-steuergeraet-airbag","status":"publish","type":"product","link":"https:\/\/occasions-teile.ch\/en\/produkt\/nissan-pathfinder-steuergeraet-airbag\/","title":{"rendered":"Nissan Pathfinder  Steuerger\u00e4t Airbag"},"content":{"rendered":"<p><span><b>Technische Daten<\/b><\/p>\n<p> Fahrzeug: Nissan Pathfinder<br \/>\n Chassis Nr.: VSKJVWR51U0002463<br \/>\n Baujahr: 2005<br \/>\n Kilometer: 234834 KM<br \/>\n Leistung: 174 KW<br \/>\n Hubraum: 2488 ccm<br \/>\n Typ: 1NA287<br \/>\n Farbcode: silber<br \/>\n Hinweise: &#8211;<\/p>\n<p> Versand: Versand nur in der Schweiz m\u00f6glich.Im Ausland ist der Transport k\u00e4uferseits.<br \/>\n Garantie: 3 Monate Garantie. Bitte beachten Sie, dass die Gew\u00e4hrleistung nur g\u00fcltig ist, wenn der Ersatzteileinbau durch eine Fachwerkstatt\/Meisterwerkstatt erfolgt. Das Ein- und Ausbau des Ersatzteiles kann nicht an uns verrechnet werden. <\/p>\n<p> Ersatzteil: f\u00fcr andere Fahrzeugen (Marken) verf\u00fcgbar auf anfrage. Tel.041 980 27 47. Mobil. 076 589 27 47<\/p>\n<p> Kontakt<br \/>\n  Adresse: Autoverwertung Brun AG<br \/>\n           M\u00f6\u00f6slimatten 13<br \/>\n           6218 Ettiswil<br \/>\n  Telefon: 0041 (041) 980 27 47<br \/>\n  Telefax: 0041 (041) 980 03 47<\/p>\n<p> Wir bieten Ihnen weitere gebrauchte Autoteile zum Kauf an.<br \/>\n Tags: Steuerger\u00e4t Airbag, Control unit Airbag , Unite\u00b4 de contro^le Airbag<br \/>\n<\/span><\/p>\n","protected":false},"excerpt":{"rendered":"<p>Technische Daten Fahrzeug: Nissan Pathfinder Chassis Nr.: VSKJVWR51U0002463 Baujahr: 2005 Kilometer: 234834 KM Leistung: 174 KW Hubraum: 2488 ccm Typ: 1NA287 Farbcode: silber Hinweise: &#8211; Versand: Versand nur in der Schweiz m\u00f6glich.Im Ausland ist der Transport k\u00e4uferseits. Garantie: 3 Monate Garantie. Bitte beachten Sie, dass die Gew\u00e4hrleistung nur g\u00fcltig ist, wenn der Ersatzteileinbau durch eine&hellip; <a class=\"more-link\" href=\"https:\/\/occasions-teile.ch\/en\/produkt\/nissan-pathfinder-steuergeraet-airbag\/\">Continue reading <span class=\"screen-reader-text\">Nissan Pathfinder  Steuerger\u00e4t Airbag<\/span><\/a><\/p>\n","protected":false},"featured_media":349919,"template":"","meta":[],"product_brand":[],"product_cat":[949,945,947,948,627,624,621,24434,1757,1751,1754,4991,4992,4993,946,950,24432,24433,24431],"product_tag":[],"class_list":{"0":"post-349922","1":"product","2":"type-product","3":"status-publish","4":"has-post-thumbnail","6":"product_cat-fr-airbags","7":"product_cat-de-airbags","8":"product_cat-en-airbags","9":"product_cat-en-control-unit-airbag","10":"product_cat-fr-electricite-dispositifs-de-commande","11":"product_cat-en-electrics-control-units","12":"product_cat-de-elektrik-steuergeraete","13":"product_cat-de-iii-2-5dci-4wd","14":"product_cat-fr_nissan","15":"product_cat-de_nissan","16":"product_cat-en_nissan","17":"product_cat-de_slug_nissan_pathfinder_764","18":"product_cat-en_slug_nissan_pathfinder_873","19":"product_cat-fr_slug_nissan_pathfinder_510","20":"product_cat-de-steuergeraet-airbag","21":"product_cat-fr-unite-de-controle-airbag","22":"product_cat-en-vskjvwr51u0002463-200000452","23":"product_cat-fr-vskjvwr51u0002463-200000452","24":"product_cat-de-vskjvwr51u0002463-200000452","25":"product_shipping_class-tarif-1","26":"entry","28":"first","29":"instock","30":"taxable","31":"shipping-taxable","32":"purchasable","33":"product-type-simple"},"jetpack_sharing_enabled":true,"_links":{"self":[{"href":"https:\/\/occasions-teile.ch\/en\/wp-json\/wp\/v2\/product\/349922","targetHints":{"allow":["GET"]}}],"collection":[{"href":"https:\/\/occasions-teile.ch\/en\/wp-json\/wp\/v2\/product"}],"about":[{"href":"https:\/\/occasions-teile.ch\/en\/wp-json\/wp\/v2\/types\/product"}],"wp:featuredmedia":[{"embeddable":true,"href":"https:\/\/occasions-teile.ch\/en\/wp-json\/wp\/v2\/media\/349919"}],"wp:attachment":[{"href":"https:\/\/occasions-teile.ch\/en\/wp-json\/wp\/v2\/media?parent=349922"}],"wp:term":[{"taxonomy":"product_brand","embeddable":true,"href":"https:\/\/occasions-teile.ch\/en\/wp-json\/wp\/v2\/product_brand?post=349922"},{"taxonomy":"product_cat","embeddable":true,"href":"https:\/\/occasions-teile.ch\/en\/wp-json\/wp\/v2\/product_cat?post=349922"},{"taxonomy":"product_tag","embeddable":true,"href":"https:\/\/occasions-teile.ch\/en\/wp-json\/wp\/v2\/product_tag?post=349922"}],"curies":[{"name":"wp","href":"https:\/\/api.w.org\/{rel}","templated":true}]}}