{"id":349654,"date":"2025-03-28T10:39:04","date_gmt":"2025-03-28T10:39:04","guid":{"rendered":"https:\/\/occasions-teile.ch\/product\/seat-altea-xl-getriebe\/"},"modified":"2025-03-28T10:47:11","modified_gmt":"2025-03-28T10:47:11","slug":"seat-altea-xl-getriebe","status":"publish","type":"product","link":"https:\/\/occasions-teile.ch\/en\/produkt\/seat-altea-xl-getriebe\/","title":{"rendered":"SEAT Altea XL  Getriebe"},"content":{"rendered":"<p><span><b>Technische Daten<\/b><\/p>\n<p> Fahrzeug: SEAT Altea XL<br \/>\n Chassis Nr.: xxxxxxx<br \/>\n Baujahr: 2009<br \/>\n Kilometer: 0 KM<br \/>\n Leistung: 0 KW<br \/>\n Hubraum: 0 ccm<br \/>\n Typ: x<br \/>\n Farbcode: White\/Weiss<br \/>\n Hinweise: &#8211;<\/p>\n<p> Versand: Versand nur in der Schweiz m\u00f6glich.Im Ausland ist der Transport k\u00e4uferseits.<br \/>\n Garantie: 3 Monate Garantie. Bitte beachten Sie, dass die Gew\u00e4hrleistung nur g\u00fcltig ist, wenn der Ersatzteileinbau durch eine Fachwerkstatt\/Meisterwerkstatt erfolgt. Das Ein- und Ausbau des Ersatzteiles kann nicht an uns verrechnet werden. <\/p>\n<p> Ersatzteil: f\u00fcr andere Fahrzeugen (Marken) verf\u00fcgbar auf anfrage. Tel.041 980 27 47. Mobil. 076 589 27 47<\/p>\n<p> Kontakt<br \/>\n  Adresse: Autoverwertung Brun AG<br \/>\n           M\u00f6\u00f6slimatten 13<br \/>\n           6218 Ettiswil<br \/>\n  Telefon: 0041 (041) 980 27 47<br \/>\n  Telefax: 0041 (041) 980 03 47<\/p>\n<p> Wir bieten Ihnen weitere gebrauchte Autoteile zum Kauf an.<br \/>\n Tags: Getriebe , Manual transmission, Boi^te de vitesses<br \/>\n<\/span><\/p>\n","protected":false},"excerpt":{"rendered":"<p>Technische Daten Fahrzeug: SEAT Altea XL Chassis Nr.: xxxxxxx Baujahr: 2009 Kilometer: 0 KM Leistung: 0 KW Hubraum: 0 ccm Typ: x Farbcode: White\/Weiss Hinweise: &#8211; Versand: Versand nur in der Schweiz m\u00f6glich.Im Ausland ist der Transport k\u00e4uferseits. Garantie: 3 Monate Garantie. Bitte beachten Sie, dass die Gew\u00e4hrleistung nur g\u00fcltig ist, wenn der Ersatzteileinbau durch&hellip; <a class=\"more-link\" href=\"https:\/\/occasions-teile.ch\/en\/produkt\/seat-altea-xl-getriebe\/\">Continue reading <span class=\"screen-reader-text\">SEAT Altea XL  Getriebe<\/span><\/a><\/p>\n","protected":false},"featured_media":349651,"template":"","meta":[],"product_brand":[],"product_cat":[23751,1647,1643,1645,655,656,651,648,652,653,649,650,1494,1497,1500,654,1646,1642,1644],"product_tag":[],"class_list":{"0":"post-349654","1":"product","2":"type-product","3":"status-publish","4":"has-post-thumbnail","6":"product_cat-de-2-0tdi-de_altea-xl","7":"product_cat-fr_altea-xl","8":"product_cat-de_altea-xl","9":"product_cat-en_altea-xl","10":"product_cat-fr-boite-de-vitesses","11":"product_cat-fr-boite-de-vitesses-fr-boite-de-vitesses","12":"product_cat-en-gearbox-drive","13":"product_cat-de-getriebe-antrieb","14":"product_cat-en-manual-transmission","15":"product_cat-en-manual-transmission-en-manual-transmission","16":"product_cat-de-schaltgetriebe","17":"product_cat-de-schaltgetriebe-de-schaltgetriebe","18":"product_cat-de_seat","19":"product_cat-en_seat","20":"product_cat-fr_seat","21":"product_cat-fr-transmission-entrainement","22":"product_cat-fr-xxxxxxx","23":"product_cat-de-xxxxxxx","24":"product_cat-en-xxxxxxx","25":"product_shipping_class-tarif-4","26":"entry","28":"first","29":"instock","30":"taxable","31":"shipping-taxable","32":"purchasable","33":"product-type-simple"},"jetpack_sharing_enabled":true,"_links":{"self":[{"href":"https:\/\/occasions-teile.ch\/en\/wp-json\/wp\/v2\/product\/349654","targetHints":{"allow":["GET"]}}],"collection":[{"href":"https:\/\/occasions-teile.ch\/en\/wp-json\/wp\/v2\/product"}],"about":[{"href":"https:\/\/occasions-teile.ch\/en\/wp-json\/wp\/v2\/types\/product"}],"wp:featuredmedia":[{"embeddable":true,"href":"https:\/\/occasions-teile.ch\/en\/wp-json\/wp\/v2\/media\/349651"}],"wp:attachment":[{"href":"https:\/\/occasions-teile.ch\/en\/wp-json\/wp\/v2\/media?parent=349654"}],"wp:term":[{"taxonomy":"product_brand","embeddable":true,"href":"https:\/\/occasions-teile.ch\/en\/wp-json\/wp\/v2\/product_brand?post=349654"},{"taxonomy":"product_cat","embeddable":true,"href":"https:\/\/occasions-teile.ch\/en\/wp-json\/wp\/v2\/product_cat?post=349654"},{"taxonomy":"product_tag","embeddable":true,"href":"https:\/\/occasions-teile.ch\/en\/wp-json\/wp\/v2\/product_tag?post=349654"}],"curies":[{"name":"wp","href":"https:\/\/api.w.org\/{rel}","templated":true}]}}