{"id":346931,"date":"2025-03-12T15:56:15","date_gmt":"2025-03-12T15:56:15","guid":{"rendered":"https:\/\/occasions-teile.ch\/product\/opel-movano-spiegel-aussenspiegel-vorne-2\/"},"modified":"2025-03-12T16:45:51","modified_gmt":"2025-03-12T16:45:51","slug":"opel-movano-spiegel-aussenspiegel-vorne-2","status":"publish","type":"product","link":"https:\/\/occasions-teile.ch\/en\/produkt\/opel-movano-spiegel-aussenspiegel-vorne-2\/","title":{"rendered":"Opel Movano  Spiegel Au\u00dfenspiegel vorne"},"content":{"rendered":"<p><span><b>Technische Daten<\/b><\/p>\n<p> Fahrzeug: Opel Movano<br \/>\n Chassis Nr.: W0VMR3605LB204629<br \/>\n Baujahr: 2020<br \/>\n Kilometer: 203500 KM<br \/>\n Leistung: 150 KW<br \/>\n Hubraum: 2298 ccm<br \/>\n Typ: 3OB416<br \/>\n Farbcode: White\/Weiss<br \/>\n Hinweise: &#8211;<\/p>\n<p> Versand: Versand nur in der Schweiz m\u00f6glich.Im Ausland ist der Transport k\u00e4uferseits.<br \/>\n Garantie: 3 Monate Garantie. Bitte beachten Sie, dass die Gew\u00e4hrleistung nur g\u00fcltig ist, wenn der Ersatzteileinbau durch eine Fachwerkstatt\/Meisterwerkstatt erfolgt. Das Ein- und Ausbau des Ersatzteiles kann nicht an uns verrechnet werden. <\/p>\n<p> Ersatzteil: f\u00fcr andere Fahrzeugen (Marken) verf\u00fcgbar auf anfrage. Tel.041 980 27 47. Mobil. 076 589 27 47<\/p>\n<p> Kontakt<br \/>\n  Adresse: Autoverwertung Brun AG<br \/>\n           M\u00f6\u00f6slimatten 13<br \/>\n           6218 Ettiswil<br \/>\n  Telefon: 0041 (041) 980 27 47<br \/>\n  Telefax: 0041 (041) 980 03 47<\/p>\n<p> Wir bieten Ihnen weitere gebrauchte Autoteile zum Kauf an.<br \/>\n Tags: Spiegel Au\u00dfenspiegel vorne, Exterior mirrors complete , Re\u00b4troviseur exte\u00b4rieur complet<br \/>\n<\/span><\/p>\n","protected":false},"excerpt":{"rendered":"<p>Technische Daten Fahrzeug: Opel Movano Chassis Nr.: W0VMR3605LB204629 Baujahr: 2020 Kilometer: 203500 KM Leistung: 150 KW Hubraum: 2298 ccm Typ: 3OB416 Farbcode: White\/Weiss Hinweise: &#8211; Versand: Versand nur in der Schweiz m\u00f6glich.Im Ausland ist der Transport k\u00e4uferseits. Garantie: 3 Monate Garantie. Bitte beachten Sie, dass die Gew\u00e4hrleistung nur g\u00fcltig ist, wenn der Ersatzteileinbau durch eine&hellip; <a class=\"more-link\" href=\"https:\/\/occasions-teile.ch\/en\/produkt\/opel-movano-spiegel-aussenspiegel-vorne-2\/\">Continue reading <span class=\"screen-reader-text\">Opel Movano  Spiegel Au\u00dfenspiegel vorne<\/span><\/a><\/p>\n","protected":false},"featured_media":346928,"template":"","meta":[],"product_brand":[],"product_cat":[23604,768,485,485,768,769,485,1562,1562,1562,613,613,613,768,769,769,1561,1561,1561],"product_tag":[],"class_list":{"0":"post-346931","1":"product","2":"type-product","3":"status-publish","4":"has-post-thumbnail","6":"product_cat-de-2-3m-kasten-de_movano-de_opel-manufacturer-26","7":"product_cat-de-aussenspiegel","8":"product_cat-de-karosserie-mitte","11":"product_cat-de-spiegel-aussenspiegel-vorne","13":"product_cat-de_movano","16":"product_cat-de_opel","22":"product_cat-de-w0vmr3605lb204629","25":"product_shipping_class-tarif-2","26":"entry","28":"first","29":"instock","30":"taxable","31":"shipping-taxable","32":"purchasable","33":"product-type-simple"},"jetpack_sharing_enabled":true,"_links":{"self":[{"href":"https:\/\/occasions-teile.ch\/en\/wp-json\/wp\/v2\/product\/346931","targetHints":{"allow":["GET"]}}],"collection":[{"href":"https:\/\/occasions-teile.ch\/en\/wp-json\/wp\/v2\/product"}],"about":[{"href":"https:\/\/occasions-teile.ch\/en\/wp-json\/wp\/v2\/types\/product"}],"wp:featuredmedia":[{"embeddable":true,"href":"https:\/\/occasions-teile.ch\/en\/wp-json\/wp\/v2\/media\/346928"}],"wp:attachment":[{"href":"https:\/\/occasions-teile.ch\/en\/wp-json\/wp\/v2\/media?parent=346931"}],"wp:term":[{"taxonomy":"product_brand","embeddable":true,"href":"https:\/\/occasions-teile.ch\/en\/wp-json\/wp\/v2\/product_brand?post=346931"},{"taxonomy":"product_cat","embeddable":true,"href":"https:\/\/occasions-teile.ch\/en\/wp-json\/wp\/v2\/product_cat?post=346931"},{"taxonomy":"product_tag","embeddable":true,"href":"https:\/\/occasions-teile.ch\/en\/wp-json\/wp\/v2\/product_tag?post=346931"}],"curies":[{"name":"wp","href":"https:\/\/api.w.org\/{rel}","templated":true}]}}