{"id":34460,"date":"2023-05-15T07:59:10","date_gmt":"2023-05-15T07:59:10","guid":{"rendered":"https:\/\/occasions-teile.ch\/product\/seat-alhambra-abs-bremsaggregat\/"},"modified":"2024-05-27T11:49:34","modified_gmt":"2024-05-27T11:49:34","slug":"seat-alhambra-abs-bremsaggregat","status":"publish","type":"product","link":"https:\/\/occasions-teile.ch\/en\/produkt\/seat-alhambra-abs-bremsaggregat\/","title":{"rendered":"SEAT Alhambra  ABS Bremsaggregat"},"content":{"rendered":"<p><span><b>Technische Daten<\/b><\/p>\n<p> Fahrzeug: SEAT Alhambra<br \/>\n Chassis Nr.: VSSZZZ7NZEV510698<br \/>\n Baujahr: 2013<br \/>\n Kilometer: 180000 KM<br \/>\n Leistung: 140 KW<br \/>\n Hubraum: 1968 ccm<br \/>\n Typ: 1SH121<br \/>\n Farbcode: Black<br \/>\n Hinweise: &#8211;<\/p>\n<p> Versand: Versand nur in der Schweiz m\u00f6glich.Im Ausland ist der Transport k\u00e4uferseits.<br \/>\n Garantie: 3 Monate Garantie. Bitte beachten Sie, dass die Gew\u00e4hrleistung nur g\u00fcltig ist, wenn der Ersatzteileinbau durch eine Fachwerkstatt\/Meisterwerkstatt erfolgt. Das Ein- und Ausbau des Ersatzteiles kann nicht an uns verrechnet werden. <\/p>\n<p> Ersatzteil: f\u00fcr andere Fahrzeugen (Marken) verf\u00fcgbar auf anfrage. Tel.041 980 27 47. Mobil. 076 589 27 47<\/p>\n<p> Kontakt<br \/>\n  Adresse: Autoverwertung Brun AG<br \/>\n           M\u00f6\u00f6slimatten 13<br \/>\n           6218 Ettiswil<br \/>\n  Telefon: 0041 (041) 980 27 47<br \/>\n  Telefax: 0041 (041) 980 03 47<\/p>\n<p> Wir bieten Ihnen weitere gebrauchte Autoteile zum Kauf an.<br \/>\n<\/span><\/p>\n","protected":false},"excerpt":{"rendered":"<p>Technische Daten Fahrzeug: SEAT Alhambra Chassis Nr.: VSSZZZ7NZEV510698 Baujahr: 2013 Kilometer: 180000 KM Leistung: 140 KW Hubraum: 1968 ccm Typ: 1SH121 Farbcode: Black Hinweise: &#8211; Versand: Versand nur in der Schweiz m\u00f6glich.Im Ausland ist der Transport k\u00e4uferseits. Garantie: 3 Monate Garantie. Bitte beachten Sie, dass die Gew\u00e4hrleistung nur g\u00fcltig ist, wenn der Ersatzteileinbau durch eine&hellip; <a class=\"more-link\" href=\"https:\/\/occasions-teile.ch\/en\/produkt\/seat-alhambra-abs-bremsaggregat\/\">Continue reading <span class=\"screen-reader-text\">SEAT Alhambra  ABS Bremsaggregat<\/span><\/a><\/p>\n","protected":false},"featured_media":34457,"template":"","meta":[],"product_brand":[],"product_cat":[23682,534,535,535,534,1994,1994,1994,533,533,533,534,535,1497,1497,1497,1993,1993,1993],"product_tag":[],"class_list":{"0":"post-34460","1":"product","2":"type-product","3":"status-publish","4":"has-post-thumbnail","6":"product_cat-de-2-0tdi-4m-de_alhambra-de_seat-manufacturer-13","7":"product_cat-en-abs-brake-unit","8":"product_cat-en-abs-brake-unit-en-abs-brake-unit","11":"product_cat-en_alhambra","14":"product_cat-en-brake-brake-system","19":"product_cat-en_seat","22":"product_cat-en-vsszzz7nzev510698","25":"product_shipping_class-tarif-1-en","26":"entry","28":"first","29":"instock","30":"taxable","31":"shipping-taxable","32":"purchasable","33":"product-type-simple"},"jetpack_sharing_enabled":true,"_links":{"self":[{"href":"https:\/\/occasions-teile.ch\/en\/wp-json\/wp\/v2\/product\/34460","targetHints":{"allow":["GET"]}}],"collection":[{"href":"https:\/\/occasions-teile.ch\/en\/wp-json\/wp\/v2\/product"}],"about":[{"href":"https:\/\/occasions-teile.ch\/en\/wp-json\/wp\/v2\/types\/product"}],"wp:featuredmedia":[{"embeddable":true,"href":"https:\/\/occasions-teile.ch\/en\/wp-json\/wp\/v2\/media\/34457"}],"wp:attachment":[{"href":"https:\/\/occasions-teile.ch\/en\/wp-json\/wp\/v2\/media?parent=34460"}],"wp:term":[{"taxonomy":"product_brand","embeddable":true,"href":"https:\/\/occasions-teile.ch\/en\/wp-json\/wp\/v2\/product_brand?post=34460"},{"taxonomy":"product_cat","embeddable":true,"href":"https:\/\/occasions-teile.ch\/en\/wp-json\/wp\/v2\/product_cat?post=34460"},{"taxonomy":"product_tag","embeddable":true,"href":"https:\/\/occasions-teile.ch\/en\/wp-json\/wp\/v2\/product_tag?post=34460"}],"curies":[{"name":"wp","href":"https:\/\/api.w.org\/{rel}","templated":true}]}}