{"id":341838,"date":"2025-01-31T19:41:09","date_gmt":"2025-01-31T19:41:09","guid":{"rendered":"https:\/\/occasions-teile.ch\/product\/audi-a3-wischermotor-vorne-4\/"},"modified":"2025-01-31T19:51:01","modified_gmt":"2025-01-31T19:51:01","slug":"audi-a3-wischermotor-vorne-4","status":"publish","type":"product","link":"https:\/\/occasions-teile.ch\/en\/produkt\/audi-a3-wischermotor-vorne-4\/","title":{"rendered":"Audi A3  Wischermotor vorne"},"content":{"rendered":"<p><span><b>Technische Daten<\/b><\/p>\n<p> Fahrzeug: Audi A3<br \/>\n Chassis Nr.: WAUZZZ8VXDA003972<br \/>\n Baujahr: 2012<br \/>\n Kilometer: 130748 KM<br \/>\n Leistung: 180 KW<br \/>\n Hubraum: 1798 ccm<br \/>\n Typ: 1AC933<br \/>\n Farbcode: grau<br \/>\n Hinweise: &#8211;<\/p>\n<p> Versand: Versand nur in der Schweiz m\u00f6glich.Im Ausland ist der Transport k\u00e4uferseits.<br \/>\n Garantie: 3 Monate Garantie. Bitte beachten Sie, dass die Gew\u00e4hrleistung nur g\u00fcltig ist, wenn der Ersatzteileinbau durch eine Fachwerkstatt\/Meisterwerkstatt erfolgt. Das Ein- und Ausbau des Ersatzteiles kann nicht an uns verrechnet werden. <\/p>\n<p> Ersatzteil: f\u00fcr andere Fahrzeugen (Marken) verf\u00fcgbar auf anfrage. Tel.041 980 27 47. Mobil. 076 589 27 47<\/p>\n<p> Kontakt<br \/>\n  Adresse: Autoverwertung Brun AG<br \/>\n           M\u00f6\u00f6slimatten 13<br \/>\n           6218 Ettiswil<br \/>\n  Telefon: 0041 (041) 980 27 47<br \/>\n  Telefax: 0041 (041) 980 03 47<\/p>\n<p> Wir bieten Ihnen weitere gebrauchte Autoteile zum Kauf an.<br \/>\n Tags: Wischermotor vorne, Wiper motor front, Moteur d&#8217;essuie-glace avant<br \/>\n<\/span><\/p>\n","protected":false},"excerpt":{"rendered":"<p>Technische Daten Fahrzeug: Audi A3 Chassis Nr.: WAUZZZ8VXDA003972 Baujahr: 2012 Kilometer: 130748 KM Leistung: 180 KW Hubraum: 1798 ccm Typ: 1AC933 Farbcode: grau Hinweise: &#8211; Versand: Versand nur in der Schweiz m\u00f6glich.Im Ausland ist der Transport k\u00e4uferseits. Garantie: 3 Monate Garantie. Bitte beachten Sie, dass die Gew\u00e4hrleistung nur g\u00fcltig ist, wenn der Ersatzteileinbau durch eine&hellip; <a class=\"more-link\" href=\"https:\/\/occasions-teile.ch\/en\/produkt\/audi-a3-wischermotor-vorne-4\/\">Continue reading <span class=\"screen-reader-text\">Audi A3  Wischermotor vorne<\/span><\/a><\/p>\n","protected":false},"featured_media":341835,"template":"","meta":[],"product_brand":[],"product_cat":[24307,2143,2139,2141,458,461,464,676,677,675,669,24303,24304,24305,672,673,674,671,670],"product_tag":[],"class_list":{"0":"post-341838","1":"product","2":"type-product","3":"status-publish","4":"has-post-thumbnail","6":"product_cat-de-8v-1-8-tfsi","7":"product_cat-fr_a3","8":"product_cat-de_a3","9":"product_cat-en_a3","10":"product_cat-de_audi","11":"product_cat-en_audi","12":"product_cat-fr_audi","13":"product_cat-fr-moteur-dessuie-glace-avant","14":"product_cat-fr-moteur-dessuie-glace-avant-fr-moteur-dessuie-glace-avant","15":"product_cat-fr-nettoyage-des-vitres","16":"product_cat-de-scheibenreinigung","17":"product_cat-de-wauzzz8vxda003972-200000420","18":"product_cat-en-wauzzz8vxda003972-200000420","19":"product_cat-fr-wauzzz8vxda003972-200000420","20":"product_cat-en-window-cleaning","21":"product_cat-en-wiper-motor-front","22":"product_cat-en-wiper-motor-front-en-wiper-motor-front","23":"product_cat-de-wischermotorvorn-de-wischermotorvorn","24":"product_cat-de-wischermotorvorn","25":"product_shipping_class-tarif-1","26":"entry","28":"first","29":"instock","30":"taxable","31":"shipping-taxable","32":"purchasable","33":"product-type-simple"},"jetpack_sharing_enabled":true,"_links":{"self":[{"href":"https:\/\/occasions-teile.ch\/en\/wp-json\/wp\/v2\/product\/341838","targetHints":{"allow":["GET"]}}],"collection":[{"href":"https:\/\/occasions-teile.ch\/en\/wp-json\/wp\/v2\/product"}],"about":[{"href":"https:\/\/occasions-teile.ch\/en\/wp-json\/wp\/v2\/types\/product"}],"wp:featuredmedia":[{"embeddable":true,"href":"https:\/\/occasions-teile.ch\/en\/wp-json\/wp\/v2\/media\/341835"}],"wp:attachment":[{"href":"https:\/\/occasions-teile.ch\/en\/wp-json\/wp\/v2\/media?parent=341838"}],"wp:term":[{"taxonomy":"product_brand","embeddable":true,"href":"https:\/\/occasions-teile.ch\/en\/wp-json\/wp\/v2\/product_brand?post=341838"},{"taxonomy":"product_cat","embeddable":true,"href":"https:\/\/occasions-teile.ch\/en\/wp-json\/wp\/v2\/product_cat?post=341838"},{"taxonomy":"product_tag","embeddable":true,"href":"https:\/\/occasions-teile.ch\/en\/wp-json\/wp\/v2\/product_tag?post=341838"}],"curies":[{"name":"wp","href":"https:\/\/api.w.org\/{rel}","templated":true}]}}