{"id":341647,"date":"2025-01-30T21:10:28","date_gmt":"2025-01-30T21:10:28","guid":{"rendered":"https:\/\/occasions-teile.ch\/product\/audi-a3-lenkrad-4\/"},"modified":"2025-04-15T13:41:32","modified_gmt":"2025-04-15T13:41:32","slug":"audi-a3-lenkrad-4","status":"publish","type":"product","link":"https:\/\/occasions-teile.ch\/en\/produkt\/audi-a3-lenkrad-4\/","title":{"rendered":"Audi A3  Lenkrad"},"content":{"rendered":"<p><b>Technische Daten<\/b><\/p>\n<p>Fahrzeug: Audi A3<br \/>\nChassis Nr.: WAUZZZ8VXDA003972<br \/>\nBaujahr: 2012<br \/>\nKilometer: 130748 KM<br \/>\nLeistung: 180 KW<br \/>\nHubraum: 1798 ccm<br \/>\nTyp: 1AC933<br \/>\nFarbcode: grau<br \/>\nHinweise: &#8211;<\/p>\n<p>Versand: Versand nur in der Schweiz m\u00f6glich.Im Ausland ist der Transport k\u00e4uferseits.<br \/>\nGarantie: 3 Monate Garantie. Bitte beachten Sie, dass die Gew\u00e4hrleistung nur g\u00fcltig ist, wenn der Ersatzteileinbau durch eine Fachwerkstatt\/Meisterwerkstatt erfolgt. Das Ein- und Ausbau des Ersatzteiles kann nicht an uns verrechnet werden.<\/p>\n<p>Ersatzteil: f\u00fcr andere Fahrzeugen (Marken) verf\u00fcgbar auf anfrage. Tel.041 980 27 47. Mobil. 076 589 27 47<\/p>\n<p>Kontakt<br \/>\nAdresse: Autoverwertung Brun AG<br \/>\nM\u00f6\u00f6slimatten 13<br \/>\n6218 Ettiswil<br \/>\nTelefon: 0041 (041) 980 27 47<br \/>\nTelefax: 0041 (041) 980 03 47<\/p>\n<p>Wir bieten Ihnen weitere gebrauchte Autoteile zum Kauf an.<br \/>\nTags: Lenkrad, Steering wheel, Volant<\/p>\n","protected":false},"excerpt":{"rendered":"<p>Technische Daten Fahrzeug: Audi A3 Chassis Nr.: WAUZZZ8VXDA003972 Baujahr: 2012 Kilometer: 130748 KM Leistung: 180 KW Hubraum: 1798 ccm Typ: 1AC933 Farbcode: grau Hinweise: &#8211; Versand: Versand nur in der Schweiz m\u00f6glich.Im Ausland ist der Transport k\u00e4uferseits. Garantie: 3 Monate Garantie. Bitte beachten Sie, dass die Gew\u00e4hrleistung nur g\u00fcltig ist, wenn der Ersatzteileinbau durch eine&hellip; <a class=\"more-link\" href=\"https:\/\/occasions-teile.ch\/en\/produkt\/audi-a3-lenkrad-4\/\">Continue reading <span class=\"screen-reader-text\">Audi A3  Lenkrad<\/span><\/a><\/p>\n","protected":false},"featured_media":341644,"template":"","meta":[],"product_brand":[],"product_cat":[24307,2139,458,804,817,816,24303],"product_tag":[],"class_list":{"0":"post-341647","1":"product","2":"type-product","3":"status-publish","4":"has-post-thumbnail","6":"product_cat-de-8v-1-8-tfsi","7":"product_cat-de_a3","8":"product_cat-de_audi","9":"product_cat-de-innenraum","10":"product_cat-de-lenkrad","11":"product_cat-de-lenkradschaltknaufpedalwerk","12":"product_cat-de-wauzzz8vxda003972-200000420","13":"product_shipping_class-tarif-1","14":"entry","16":"first","17":"instock","18":"taxable","19":"shipping-taxable","20":"purchasable","21":"product-type-simple"},"jetpack_sharing_enabled":true,"_links":{"self":[{"href":"https:\/\/occasions-teile.ch\/en\/wp-json\/wp\/v2\/product\/341647","targetHints":{"allow":["GET"]}}],"collection":[{"href":"https:\/\/occasions-teile.ch\/en\/wp-json\/wp\/v2\/product"}],"about":[{"href":"https:\/\/occasions-teile.ch\/en\/wp-json\/wp\/v2\/types\/product"}],"wp:featuredmedia":[{"embeddable":true,"href":"https:\/\/occasions-teile.ch\/en\/wp-json\/wp\/v2\/media\/341644"}],"wp:attachment":[{"href":"https:\/\/occasions-teile.ch\/en\/wp-json\/wp\/v2\/media?parent=341647"}],"wp:term":[{"taxonomy":"product_brand","embeddable":true,"href":"https:\/\/occasions-teile.ch\/en\/wp-json\/wp\/v2\/product_brand?post=341647"},{"taxonomy":"product_cat","embeddable":true,"href":"https:\/\/occasions-teile.ch\/en\/wp-json\/wp\/v2\/product_cat?post=341647"},{"taxonomy":"product_tag","embeddable":true,"href":"https:\/\/occasions-teile.ch\/en\/wp-json\/wp\/v2\/product_tag?post=341647"}],"curies":[{"name":"wp","href":"https:\/\/api.w.org\/{rel}","templated":true}]}}