{"id":338686,"date":"2025-01-10T10:51:13","date_gmt":"2025-01-10T10:51:13","guid":{"rendered":"https:\/\/occasions-teile.ch\/product\/opel-adam-notrad-reserverad-2\/"},"modified":"2025-01-10T11:50:00","modified_gmt":"2025-01-10T11:50:00","slug":"opel-adam-notrad-reserverad-2","status":"publish","type":"product","link":"https:\/\/occasions-teile.ch\/en\/produkt\/opel-adam-notrad-reserverad-2\/","title":{"rendered":"Opel Adam  Notrad Reserverad"},"content":{"rendered":"<p><span><b>Technische Daten<\/b><\/p>\n<p> Fahrzeug: Opel Adam<br \/>\n Chassis Nr.: W0V0MAP08J6005914<br \/>\n Baujahr: 2017<br \/>\n Kilometer: 22652 KM<br \/>\n Leistung: 87 KW<br \/>\n Hubraum: 1398 ccm<br \/>\n Typ: 1OC229<br \/>\n Farbcode: Schwarz<br \/>\n Hinweise: &#8211;<\/p>\n<p> Versand: Versand nur in der Schweiz m\u00f6glich.Im Ausland ist der Transport k\u00e4uferseits.<br \/>\n Garantie: 3 Monate Garantie. Bitte beachten Sie, dass die Gew\u00e4hrleistung nur g\u00fcltig ist, wenn der Ersatzteileinbau durch eine Fachwerkstatt\/Meisterwerkstatt erfolgt. Das Ein- und Ausbau des Ersatzteiles kann nicht an uns verrechnet werden. <\/p>\n<p> Ersatzteil: f\u00fcr andere Fahrzeugen (Marken) verf\u00fcgbar auf anfrage. Tel.041 980 27 47. Mobil. 076 589 27 47<\/p>\n<p> Kontakt<br \/>\n  Adresse: Autoverwertung Brun AG<br \/>\n           M\u00f6\u00f6slimatten 13<br \/>\n           6218 Ettiswil<br \/>\n  Telefon: 0041 (041) 980 27 47<br \/>\n  Telefax: 0041 (041) 980 03 47<\/p>\n<p> Wir bieten Ihnen weitere gebrauchte Autoteile zum Kauf an.<br \/>\n Tags: Notrad Reserverad, Emergency wheel\/spare wheel, Roue de secours\/roue de secours<br \/>\n<\/span><\/p>\n","protected":false},"excerpt":{"rendered":"<p>Technische Daten Fahrzeug: Opel Adam Chassis Nr.: W0V0MAP08J6005914 Baujahr: 2017 Kilometer: 22652 KM Leistung: 87 KW Hubraum: 1398 ccm Typ: 1OC229 Farbcode: Schwarz Hinweise: &#8211; Versand: Versand nur in der Schweiz m\u00f6glich.Im Ausland ist der Transport k\u00e4uferseits. Garantie: 3 Monate Garantie. Bitte beachten Sie, dass die Gew\u00e4hrleistung nur g\u00fcltig ist, wenn der Ersatzteileinbau durch eine&hellip; <a class=\"more-link\" href=\"https:\/\/occasions-teile.ch\/en\/produkt\/opel-adam-notrad-reserverad-2\/\">Continue reading <span class=\"screen-reader-text\">Opel Adam  Notrad Reserverad<\/span><\/a><\/p>\n","protected":false},"featured_media":338683,"template":"","meta":[],"product_brand":[],"product_cat":[24265,24262,24264,24260,1180,1179,1177,1178,619,613,616,550,1181,1182,556,24261,24263,24259,553],"product_tag":[],"class_list":{"0":"post-338686","1":"product","2":"type-product","3":"status-publish","4":"has-post-thumbnail","6":"product_cat-de-14xel","7":"product_cat-en_slug_opel_adam_672","8":"product_cat-fr_slug_opel_adam_196","9":"product_cat-de_slug_opel_adam_763","10":"product_cat-en-emergency-wheel-spare-wheel-en-emergency-wheel-spare-wheel","11":"product_cat-en-emergency-wheel-spare-wheel","12":"product_cat-de-notrad-reserverad","13":"product_cat-de-notrad-reserverad-de-notrad-reserverad","14":"product_cat-fr_opel","15":"product_cat-de_opel","16":"product_cat-en_opel","17":"product_cat-de-raeder-reifen-felgen","18":"product_cat-fr-roue-de-secours-roue-de-secours","19":"product_cat-fr-roue-de-secours-roue-de-secours-fr-roue-de-secours-roue-de-secours","20":"product_cat-fr-roues-pneus-jantes","21":"product_cat-en-w0v0map08j6005914-200000411","22":"product_cat-fr-w0v0map08j6005914-200000411","23":"product_cat-de-w0v0map08j6005914-200000411","24":"product_cat-en-wheels-tires-rims","25":"product_shipping_class-tarif-2","26":"entry","28":"first","29":"instock","30":"taxable","31":"shipping-taxable","32":"purchasable","33":"product-type-simple"},"jetpack_sharing_enabled":true,"_links":{"self":[{"href":"https:\/\/occasions-teile.ch\/en\/wp-json\/wp\/v2\/product\/338686","targetHints":{"allow":["GET"]}}],"collection":[{"href":"https:\/\/occasions-teile.ch\/en\/wp-json\/wp\/v2\/product"}],"about":[{"href":"https:\/\/occasions-teile.ch\/en\/wp-json\/wp\/v2\/types\/product"}],"wp:featuredmedia":[{"embeddable":true,"href":"https:\/\/occasions-teile.ch\/en\/wp-json\/wp\/v2\/media\/338683"}],"wp:attachment":[{"href":"https:\/\/occasions-teile.ch\/en\/wp-json\/wp\/v2\/media?parent=338686"}],"wp:term":[{"taxonomy":"product_brand","embeddable":true,"href":"https:\/\/occasions-teile.ch\/en\/wp-json\/wp\/v2\/product_brand?post=338686"},{"taxonomy":"product_cat","embeddable":true,"href":"https:\/\/occasions-teile.ch\/en\/wp-json\/wp\/v2\/product_cat?post=338686"},{"taxonomy":"product_tag","embeddable":true,"href":"https:\/\/occasions-teile.ch\/en\/wp-json\/wp\/v2\/product_tag?post=338686"}],"curies":[{"name":"wp","href":"https:\/\/api.w.org\/{rel}","templated":true}]}}