{"id":338544,"date":"2025-01-08T14:31:05","date_gmt":"2025-01-08T14:31:05","guid":{"rendered":"https:\/\/occasions-teile.ch\/product\/opel-adam-alufelgen\/"},"modified":"2025-01-08T14:49:55","modified_gmt":"2025-01-08T14:49:55","slug":"opel-adam-alufelgen","status":"publish","type":"product","link":"https:\/\/occasions-teile.ch\/en\/produkt\/opel-adam-alufelgen\/","title":{"rendered":"Opel Adam  Alufelgen"},"content":{"rendered":"<p><span><b>Technische Daten<\/b><\/p>\n<p> Fahrzeug: Opel Adam<br \/>\n Chassis Nr.: W0V0MAP08J6005914<br \/>\n Baujahr: 2017<br \/>\n Kilometer: 22652 KM<br \/>\n Leistung: 87 KW<br \/>\n Hubraum: 1398 ccm<br \/>\n Typ: 1OC229<br \/>\n Farbcode: Schwarz<br \/>\n Hinweise: 17X7 IS44<\/p>\n<p> Versand: Versand nur in der Schweiz m\u00f6glich.Im Ausland ist der Transport k\u00e4uferseits.<br \/>\n Garantie: 3 Monate Garantie. Bitte beachten Sie, dass die Gew\u00e4hrleistung nur g\u00fcltig ist, wenn der Ersatzteileinbau durch eine Fachwerkstatt\/Meisterwerkstatt erfolgt. Das Ein- und Ausbau des Ersatzteiles kann nicht an uns verrechnet werden. <\/p>\n<p> Ersatzteil: f\u00fcr andere Fahrzeugen (Marken) verf\u00fcgbar auf anfrage. Tel.041 980 27 47. Mobil. 076 589 27 47<\/p>\n<p> Kontakt<br \/>\n  Adresse: Autoverwertung Brun AG<br \/>\n           M\u00f6\u00f6slimatten 13<br \/>\n           6218 Ettiswil<br \/>\n  Telefon: 0041 (041) 980 27 47<br \/>\n  Telefax: 0041 (041) 980 03 47<\/p>\n<p> Wir bieten Ihnen weitere gebrauchte Autoteile zum Kauf an.<br \/>\n Tags: Alufelgen, Aluminum rims, Jantes en aluminium<br \/>\n<\/span><\/p>\n","protected":false},"excerpt":{"rendered":"<p>Technische Daten Fahrzeug: Opel Adam Chassis Nr.: W0V0MAP08J6005914 Baujahr: 2017 Kilometer: 22652 KM Leistung: 87 KW Hubraum: 1398 ccm Typ: 1OC229 Farbcode: Schwarz Hinweise: 17X7 IS44 Versand: Versand nur in der Schweiz m\u00f6glich.Im Ausland ist der Transport k\u00e4uferseits. Garantie: 3 Monate Garantie. Bitte beachten Sie, dass die Gew\u00e4hrleistung nur g\u00fcltig ist, wenn der Ersatzteileinbau durch&hellip; <a class=\"more-link\" href=\"https:\/\/occasions-teile.ch\/en\/produkt\/opel-adam-alufelgen\/\">Continue reading <span class=\"screen-reader-text\">Opel Adam  Alufelgen<\/span><\/a><\/p>\n","protected":false},"featured_media":338541,"template":"","meta":[],"product_brand":[],"product_cat":[24265,24264,24260,24262,1176,1175,1786,1787,616,619,613,550,556,1784,1785,24261,24263,24259,553],"product_tag":[],"class_list":{"0":"post-338544","1":"product","2":"type-product","3":"status-publish","4":"has-post-thumbnail","6":"product_cat-de-14xel","7":"product_cat-fr_slug_opel_adam_196","8":"product_cat-de_slug_opel_adam_763","9":"product_cat-en_slug_opel_adam_672","10":"product_cat-de-alufelgen-felgensatz","11":"product_cat-de-felgensatz","12":"product_cat-fr-jeu-de-jantes","13":"product_cat-fr-jeu-de-jantes-fr-jeu-de-jantes","14":"product_cat-en_opel","15":"product_cat-fr_opel","16":"product_cat-de_opel","17":"product_cat-de-raeder-reifen-felgen","18":"product_cat-fr-roues-pneus-jantes","19":"product_cat-en-set-of-rims-en-wheels-tires-rims","20":"product_cat-en-set-of-rims-en-set-of-rims-en-wheels-tires-rims","21":"product_cat-en-w0v0map08j6005914-200000411","22":"product_cat-fr-w0v0map08j6005914-200000411","23":"product_cat-de-w0v0map08j6005914-200000411","24":"product_cat-en-wheels-tires-rims","25":"product_shipping_class-tarif-2","26":"entry","28":"first","29":"instock","30":"taxable","31":"shipping-taxable","32":"purchasable","33":"product-type-simple"},"jetpack_sharing_enabled":true,"_links":{"self":[{"href":"https:\/\/occasions-teile.ch\/en\/wp-json\/wp\/v2\/product\/338544","targetHints":{"allow":["GET"]}}],"collection":[{"href":"https:\/\/occasions-teile.ch\/en\/wp-json\/wp\/v2\/product"}],"about":[{"href":"https:\/\/occasions-teile.ch\/en\/wp-json\/wp\/v2\/types\/product"}],"wp:featuredmedia":[{"embeddable":true,"href":"https:\/\/occasions-teile.ch\/en\/wp-json\/wp\/v2\/media\/338541"}],"wp:attachment":[{"href":"https:\/\/occasions-teile.ch\/en\/wp-json\/wp\/v2\/media?parent=338544"}],"wp:term":[{"taxonomy":"product_brand","embeddable":true,"href":"https:\/\/occasions-teile.ch\/en\/wp-json\/wp\/v2\/product_brand?post=338544"},{"taxonomy":"product_cat","embeddable":true,"href":"https:\/\/occasions-teile.ch\/en\/wp-json\/wp\/v2\/product_cat?post=338544"},{"taxonomy":"product_tag","embeddable":true,"href":"https:\/\/occasions-teile.ch\/en\/wp-json\/wp\/v2\/product_tag?post=338544"}],"curies":[{"name":"wp","href":"https:\/\/api.w.org\/{rel}","templated":true}]}}