{"id":338478,"date":"2025-01-08T10:39:04","date_gmt":"2025-01-08T10:39:04","guid":{"rendered":"https:\/\/occasions-teile.ch\/product\/opel-adam-geblaesemotor-luefter\/"},"modified":"2025-01-08T10:49:37","modified_gmt":"2025-01-08T10:49:37","slug":"opel-adam-geblaesemotor-luefter","status":"publish","type":"product","link":"https:\/\/occasions-teile.ch\/en\/produkt\/opel-adam-geblaesemotor-luefter\/","title":{"rendered":"Opel Adam  Gebl\u00e4semotor L\u00fcfter"},"content":{"rendered":"<p><span><b>Technische Daten<\/b><\/p>\n<p> Fahrzeug: Opel Adam<br \/>\n Chassis Nr.: W0V0MAP08J6005914<br \/>\n Baujahr: 2017<br \/>\n Kilometer: 22652 KM<br \/>\n Leistung: 87 KW<br \/>\n Hubraum: 1398 ccm<br \/>\n Typ: 1OC229<br \/>\n Farbcode: Schwarz<br \/>\n Hinweise: &#8211;<\/p>\n<p> Versand: Versand nur in der Schweiz m\u00f6glich.Im Ausland ist der Transport k\u00e4uferseits.<br \/>\n Garantie: 3 Monate Garantie. Bitte beachten Sie, dass die Gew\u00e4hrleistung nur g\u00fcltig ist, wenn der Ersatzteileinbau durch eine Fachwerkstatt\/Meisterwerkstatt erfolgt. Das Ein- und Ausbau des Ersatzteiles kann nicht an uns verrechnet werden. <\/p>\n<p> Ersatzteil: f\u00fcr andere Fahrzeugen (Marken) verf\u00fcgbar auf anfrage. Tel.041 980 27 47. Mobil. 076 589 27 47<\/p>\n<p> Kontakt<br \/>\n  Adresse: Autoverwertung Brun AG<br \/>\n           M\u00f6\u00f6slimatten 13<br \/>\n           6218 Ettiswil<br \/>\n  Telefon: 0041 (041) 980 27 47<br \/>\n  Telefax: 0041 (041) 980 03 47<\/p>\n<p> Wir bieten Ihnen weitere gebrauchte Autoteile zum Kauf an.<br \/>\n Tags: Gebl\u00e4semotor L\u00fcfter , Blower motor fan interior, Moteur de ventilateur inte\u00b4rieur du ventilateur<br \/>\n<\/span><\/p>\n","protected":false},"excerpt":{"rendered":"<p>Technische Daten Fahrzeug: Opel Adam Chassis Nr.: W0V0MAP08J6005914 Baujahr: 2017 Kilometer: 22652 KM Leistung: 87 KW Hubraum: 1398 ccm Typ: 1OC229 Farbcode: Schwarz Hinweise: &#8211; Versand: Versand nur in der Schweiz m\u00f6glich.Im Ausland ist der Transport k\u00e4uferseits. Garantie: 3 Monate Garantie. Bitte beachten Sie, dass die Gew\u00e4hrleistung nur g\u00fcltig ist, wenn der Ersatzteileinbau durch eine&hellip; <a class=\"more-link\" href=\"https:\/\/occasions-teile.ch\/en\/produkt\/opel-adam-geblaesemotor-luefter\/\">Continue reading <span class=\"screen-reader-text\">Opel Adam  Gebl\u00e4semotor L\u00fcfter<\/span><\/a><\/p>\n","protected":false},"featured_media":338475,"template":"","meta":[],"product_brand":[],"product_cat":[24265,24262,24264,24260,860,861,717,859,858,714,711,862,863,616,619,613,24261,24263,24259],"product_tag":[],"class_list":{"0":"post-338478","1":"product","2":"type-product","3":"status-publish","4":"has-post-thumbnail","6":"product_cat-de-14xel","7":"product_cat-en_slug_opel_adam_672","8":"product_cat-fr_slug_opel_adam_196","9":"product_cat-de_slug_opel_adam_763","10":"product_cat-en-blower-motor-fan-interior","11":"product_cat-en-blower-motor-fan-interior-en-blower-motor-fan-interior","12":"product_cat-fr-chauffage-climatisation","13":"product_cat-de-geblaesemotor-luefter-innenraum","14":"product_cat-de-geblaesemotor-luefterinnenraum","15":"product_cat-en-heating-air-conditioning","16":"product_cat-de-heizung-klima","17":"product_cat-fr-moteur-de-ventilateur-interieur-du-ventilateur","18":"product_cat-fr-moteur-de-ventilateur-interieur-du-ventilateur-fr-moteur-de-ventilateur-interieur-du-ventilateur","19":"product_cat-en_opel","20":"product_cat-fr_opel","21":"product_cat-de_opel","22":"product_cat-en-w0v0map08j6005914-200000411","23":"product_cat-fr-w0v0map08j6005914-200000411","24":"product_cat-de-w0v0map08j6005914-200000411","25":"product_shipping_class-tarif-1","26":"entry","28":"first","29":"instock","30":"taxable","31":"shipping-taxable","32":"purchasable","33":"product-type-simple"},"jetpack_sharing_enabled":true,"_links":{"self":[{"href":"https:\/\/occasions-teile.ch\/en\/wp-json\/wp\/v2\/product\/338478","targetHints":{"allow":["GET"]}}],"collection":[{"href":"https:\/\/occasions-teile.ch\/en\/wp-json\/wp\/v2\/product"}],"about":[{"href":"https:\/\/occasions-teile.ch\/en\/wp-json\/wp\/v2\/types\/product"}],"wp:featuredmedia":[{"embeddable":true,"href":"https:\/\/occasions-teile.ch\/en\/wp-json\/wp\/v2\/media\/338475"}],"wp:attachment":[{"href":"https:\/\/occasions-teile.ch\/en\/wp-json\/wp\/v2\/media?parent=338478"}],"wp:term":[{"taxonomy":"product_brand","embeddable":true,"href":"https:\/\/occasions-teile.ch\/en\/wp-json\/wp\/v2\/product_brand?post=338478"},{"taxonomy":"product_cat","embeddable":true,"href":"https:\/\/occasions-teile.ch\/en\/wp-json\/wp\/v2\/product_cat?post=338478"},{"taxonomy":"product_tag","embeddable":true,"href":"https:\/\/occasions-teile.ch\/en\/wp-json\/wp\/v2\/product_tag?post=338478"}],"curies":[{"name":"wp","href":"https:\/\/api.w.org\/{rel}","templated":true}]}}