{"id":337688,"date":"2024-12-14T12:04:15","date_gmt":"2024-12-14T12:04:15","guid":{"rendered":"https:\/\/occasions-teile.ch\/product\/ford-fiesta-schaltbetaetigung-schaltkulisse-3\/"},"modified":"2024-12-14T12:49:47","modified_gmt":"2024-12-14T12:49:47","slug":"ford-fiesta-schaltbetaetigung-schaltkulisse-3","status":"publish","type":"product","link":"https:\/\/occasions-teile.ch\/en\/produkt\/ford-fiesta-schaltbetaetigung-schaltkulisse-3\/","title":{"rendered":"Ford Fiesta  Schaltbet\u00e4tigung Schaltkulisse"},"content":{"rendered":"<p><span><b>Technische Daten<\/b><\/p>\n<p> Fahrzeug: Ford Fiesta<br \/>\n Chassis Nr.: WF0DXXGAKDFM46803<br \/>\n Baujahr: 2015<br \/>\n Kilometer: 92046 KM<br \/>\n Leistung: 101 KW<br \/>\n Hubraum: 998 ccm<br \/>\n Typ: 1FJ892<br \/>\n Farbcode: White\/Weiss<br \/>\n Hinweise: &#8211;<\/p>\n<p> Versand: Versand nur in der Schweiz m\u00f6glich.Im Ausland ist der Transport k\u00e4uferseits.<br \/>\n Garantie: 3 Monate Garantie. Bitte beachten Sie, dass die Gew\u00e4hrleistung nur g\u00fcltig ist, wenn der Ersatzteileinbau durch eine Fachwerkstatt\/Meisterwerkstatt erfolgt. Das Ein- und Ausbau des Ersatzteiles kann nicht an uns verrechnet werden. <\/p>\n<p> Ersatzteil: f\u00fcr andere Fahrzeugen (Marken) verf\u00fcgbar auf anfrage. Tel.041 980 27 47. Mobil. 076 589 27 47<\/p>\n<p> Kontakt<br \/>\n  Adresse: Autoverwertung Brun AG<br \/>\n           M\u00f6\u00f6slimatten 13<br \/>\n           6218 Ettiswil<br \/>\n  Telefon: 0041 (041) 980 27 47<br \/>\n  Telefax: 0041 (041) 980 03 47<\/p>\n<p> Wir bieten Ihnen weitere gebrauchte Autoteile zum Kauf an.<br \/>\n Tags: Schaltbet\u00e4tigung Schaltkulisse , Shift operation, Commande de changement de vitesse<br \/>\n<\/span><\/p>\n","protected":false},"excerpt":{"rendered":"<p>Technische Daten Fahrzeug: Ford Fiesta Chassis Nr.: WF0DXXGAKDFM46803 Baujahr: 2015 Kilometer: 92046 KM Leistung: 101 KW Hubraum: 998 ccm Typ: 1FJ892 Farbcode: White\/Weiss Hinweise: &#8211; Versand: Versand nur in der Schweiz m\u00f6glich.Im Ausland ist der Transport k\u00e4uferseits. Garantie: 3 Monate Garantie. Bitte beachten Sie, dass die Gew\u00e4hrleistung nur g\u00fcltig ist, wenn der Ersatzteileinbau durch eine&hellip; <a class=\"more-link\" href=\"https:\/\/occasions-teile.ch\/en\/produkt\/ford-fiesta-schaltbetaetigung-schaltkulisse-3\/\">Continue reading <span class=\"screen-reader-text\">Ford Fiesta  Schaltbet\u00e4tigung Schaltkulisse<\/span><\/a><\/p>\n","protected":false},"featured_media":337685,"template":"","meta":[],"product_brand":[],"product_cat":[23979,910,909,3278,3278,3278,1586,1586,1586,648,648,910,909,909,910,648,24249,24249,24249],"product_tag":[],"class_list":{"0":"post-337688","1":"product","2":"type-product","3":"status-publish","4":"has-post-thumbnail","6":"product_cat-de-1-0-scti-de_slug_fiesta","7":"product_cat-de-schaltbetaetigung-de-schaltbetaetigung","8":"product_cat-de-schaltbetaetigung","9":"product_cat-de_slug_fiesta","12":"product_cat-de_ford","15":"product_cat-de-getriebe-antrieb","22":"product_cat-de-wf0dxxgakdfm46803-200000409","25":"product_shipping_class-tarif-1","26":"entry","28":"first","29":"instock","30":"taxable","31":"shipping-taxable","32":"purchasable","33":"product-type-simple"},"jetpack_sharing_enabled":true,"_links":{"self":[{"href":"https:\/\/occasions-teile.ch\/en\/wp-json\/wp\/v2\/product\/337688","targetHints":{"allow":["GET"]}}],"collection":[{"href":"https:\/\/occasions-teile.ch\/en\/wp-json\/wp\/v2\/product"}],"about":[{"href":"https:\/\/occasions-teile.ch\/en\/wp-json\/wp\/v2\/types\/product"}],"wp:featuredmedia":[{"embeddable":true,"href":"https:\/\/occasions-teile.ch\/en\/wp-json\/wp\/v2\/media\/337685"}],"wp:attachment":[{"href":"https:\/\/occasions-teile.ch\/en\/wp-json\/wp\/v2\/media?parent=337688"}],"wp:term":[{"taxonomy":"product_brand","embeddable":true,"href":"https:\/\/occasions-teile.ch\/en\/wp-json\/wp\/v2\/product_brand?post=337688"},{"taxonomy":"product_cat","embeddable":true,"href":"https:\/\/occasions-teile.ch\/en\/wp-json\/wp\/v2\/product_cat?post=337688"},{"taxonomy":"product_tag","embeddable":true,"href":"https:\/\/occasions-teile.ch\/en\/wp-json\/wp\/v2\/product_tag?post=337688"}],"curies":[{"name":"wp","href":"https:\/\/api.w.org\/{rel}","templated":true}]}}