{"id":337604,"date":"2024-12-13T17:17:50","date_gmt":"2024-12-13T17:17:50","guid":{"rendered":"https:\/\/occasions-teile.ch\/product\/ford-fiesta-sensoren-parkhilfe-vorne\/"},"modified":"2024-12-13T17:49:03","modified_gmt":"2024-12-13T17:49:03","slug":"ford-fiesta-sensoren-parkhilfe-vorne","status":"publish","type":"product","link":"https:\/\/occasions-teile.ch\/en\/produkt\/ford-fiesta-sensoren-parkhilfe-vorne\/","title":{"rendered":"Ford Fiesta  Sensoren Parkhilfe vorne"},"content":{"rendered":"<p><span><b>Technische Daten<\/b><\/p>\n<p> Fahrzeug: Ford Fiesta<br \/>\n Chassis Nr.: WF0DXXGAKDFM46803<br \/>\n Baujahr: 2015<br \/>\n Kilometer: 92046 KM<br \/>\n Leistung: 101 KW<br \/>\n Hubraum: 998 ccm<br \/>\n Typ: 1FJ892<br \/>\n Farbcode: White\/Weiss<br \/>\n Hinweise: &#8211;<\/p>\n<p> Versand: Versand nur in der Schweiz m\u00f6glich.Im Ausland ist der Transport k\u00e4uferseits.<br \/>\n Garantie: 3 Monate Garantie. Bitte beachten Sie, dass die Gew\u00e4hrleistung nur g\u00fcltig ist, wenn der Ersatzteileinbau durch eine Fachwerkstatt\/Meisterwerkstatt erfolgt. Das Ein- und Ausbau des Ersatzteiles kann nicht an uns verrechnet werden. <\/p>\n<p> Ersatzteil: f\u00fcr andere Fahrzeugen (Marken) verf\u00fcgbar auf anfrage. Tel.041 980 27 47. Mobil. 076 589 27 47<\/p>\n<p> Kontakt<br \/>\n  Adresse: Autoverwertung Brun AG<br \/>\n           M\u00f6\u00f6slimatten 13<br \/>\n           6218 Ettiswil<br \/>\n  Telefon: 0041 (041) 980 27 47<br \/>\n  Telefax: 0041 (041) 980 03 47<\/p>\n<p> Wir bieten Ihnen weitere gebrauchte Autoteile zum Kauf an.<br \/>\n Tags: Sensoren Parkhilfe vorne, Sensors Parking assistancefront, Capteurs Aide au stationnement avant<br \/>\n<\/span><\/p>\n","protected":false},"excerpt":{"rendered":"<p>Technische Daten Fahrzeug: Ford Fiesta Chassis Nr.: WF0DXXGAKDFM46803 Baujahr: 2015 Kilometer: 92046 KM Leistung: 101 KW Hubraum: 998 ccm Typ: 1FJ892 Farbcode: White\/Weiss Hinweise: &#8211; Versand: Versand nur in der Schweiz m\u00f6glich.Im Ausland ist der Transport k\u00e4uferseits. Garantie: 3 Monate Garantie. Bitte beachten Sie, dass die Gew\u00e4hrleistung nur g\u00fcltig ist, wenn der Ersatzteileinbau durch eine&hellip; <a class=\"more-link\" href=\"https:\/\/occasions-teile.ch\/en\/produkt\/ford-fiesta-sensoren-parkhilfe-vorne\/\">Continue reading <span class=\"screen-reader-text\">Ford Fiesta  Sensoren Parkhilfe vorne<\/span><\/a><\/p>\n","protected":false},"featured_media":337601,"template":"","meta":[],"product_brand":[],"product_cat":[23979,961,1929,627,957,624,621,3280,3278,3279,1586,1589,1592,959,1927,1928,24249,24250,24251],"product_tag":[],"class_list":{"0":"post-337604","1":"product","2":"type-product","3":"status-publish","4":"has-post-thumbnail","6":"product_cat-de-1-0-scti-de_slug_fiesta","7":"product_cat-fr-aide-au-stationnementcamera-de-recul","8":"product_cat-fr-capteurs-aide-au-stationnement-avant","9":"product_cat-fr-electricite-dispositifs-de-commande","10":"product_cat-de-einparkhilferueckfahrkamera","11":"product_cat-en-electrics-control-units","12":"product_cat-de-elektrik-steuergeraete","13":"product_cat-fr_slug_fiesta","14":"product_cat-de_slug_fiesta","15":"product_cat-en_slug_fiesta","16":"product_cat-de_ford","17":"product_cat-en_ford","18":"product_cat-fr_ford","19":"product_cat-en-parking-aidrear-view-camera","20":"product_cat-de-sensoren-parkhilfe-vorne","21":"product_cat-en-sensors-parking-assistancefront","22":"product_cat-de-wf0dxxgakdfm46803-200000409","23":"product_cat-en-wf0dxxgakdfm46803-200000409","24":"product_cat-fr-wf0dxxgakdfm46803-200000409","25":"product_shipping_class-tarif-1","26":"entry","28":"first","29":"instock","30":"taxable","31":"shipping-taxable","32":"purchasable","33":"product-type-simple"},"jetpack_sharing_enabled":true,"_links":{"self":[{"href":"https:\/\/occasions-teile.ch\/en\/wp-json\/wp\/v2\/product\/337604","targetHints":{"allow":["GET"]}}],"collection":[{"href":"https:\/\/occasions-teile.ch\/en\/wp-json\/wp\/v2\/product"}],"about":[{"href":"https:\/\/occasions-teile.ch\/en\/wp-json\/wp\/v2\/types\/product"}],"wp:featuredmedia":[{"embeddable":true,"href":"https:\/\/occasions-teile.ch\/en\/wp-json\/wp\/v2\/media\/337601"}],"wp:attachment":[{"href":"https:\/\/occasions-teile.ch\/en\/wp-json\/wp\/v2\/media?parent=337604"}],"wp:term":[{"taxonomy":"product_brand","embeddable":true,"href":"https:\/\/occasions-teile.ch\/en\/wp-json\/wp\/v2\/product_brand?post=337604"},{"taxonomy":"product_cat","embeddable":true,"href":"https:\/\/occasions-teile.ch\/en\/wp-json\/wp\/v2\/product_cat?post=337604"},{"taxonomy":"product_tag","embeddable":true,"href":"https:\/\/occasions-teile.ch\/en\/wp-json\/wp\/v2\/product_tag?post=337604"}],"curies":[{"name":"wp","href":"https:\/\/api.w.org\/{rel}","templated":true}]}}