{"id":337270,"date":"2024-12-09T13:55:27","date_gmt":"2024-12-09T13:55:27","guid":{"rendered":"https:\/\/occasions-teile.ch\/?post_type=product&#038;p=337270"},"modified":"2024-12-09T15:17:11","modified_gmt":"2024-12-09T15:17:11","slug":"1k0407271fp-antriebswelle-vorne-links-vw-touran","status":"publish","type":"product","link":"https:\/\/occasions-teile.ch\/en\/produkt\/1k0407271fp-antriebswelle-vorne-links-vw-touran\/","title":{"rendered":"1K0407271FP Antriebswelle vorne links VW Touran"},"content":{"rendered":"<p><b>Technische Daten<\/b><\/p>\n<p>Fahrzeug: VW Touran 1.4TSI<br \/>\nChassis Nr.: WVGYYY1TZ9W119665<br \/>\nBaujahr: 2009<br \/>\nKilometer: 132458 KM<br \/>\nLeistung: 140 PS<br \/>\nHubraum: 1390 ccm<br \/>\nTyp: 1VD386<br \/>\nFarbcode: LB9A Weiss<br \/>\nHinweise: &#8211;<\/p>\n<p>Versand: Versand nur in der Schweiz m\u00f6glich.Im Ausland ist der Transport k\u00e4uferseits.<br \/>\nGarantie: 3 Monate Garantie. Bitte beachten Sie, dass die Gew\u00e4hrleistung nur g\u00fcltig ist, wenn der Ersatzteileinbau durch eine Fachwerkstatt\/Meisterwerkstatt erfolgt. Das Ein- und Ausbau des Ersatzteiles kann nicht an uns verrechnet werden.<\/p>\n<p>Ersatzteil: f\u00fcr andere Fahrzeugen (Marken) verf\u00fcgbar auf anfrage. Tel.041 980 27 47. Mobil. 076 589 27 47<\/p>\n<p>Kontakt<br \/>\nAdresse: Autoverwertung Brun AG<br \/>\nM\u00f6\u00f6slimatten 13<br \/>\n6218 Ettiswil<br \/>\nTelefon: 0041 (041) 980 27 47<br \/>\nTelefax: 0041 (041) 980 03 47<\/p>\n<p>Wir bieten Ihnen weitere gebrauchte Autoteile zum Kauf an.<\/p>\n","protected":false},"excerpt":{"rendered":"<p>Technische Daten Fahrzeug: VW Touran 1.4TSI Chassis Nr.: WVGYYY1TZ9W119665 Baujahr: 2009 Kilometer: 132458 KM Leistung: 140 PS Hubraum: 1390 ccm Typ: 1VD386 Farbcode: LB9A Weiss Hinweise: &#8211; Versand: Versand nur in der Schweiz m\u00f6glich.Im Ausland ist der Transport k\u00e4uferseits. Garantie: 3 Monate Garantie. Bitte beachten Sie, dass die Gew\u00e4hrleistung nur g\u00fcltig ist, wenn der Ersatzteileinbau&hellip; <a class=\"more-link\" href=\"https:\/\/occasions-teile.ch\/en\/produkt\/1k0407271fp-antriebswelle-vorne-links-vw-touran\/\">Continue reading <span class=\"screen-reader-text\">1K0407271FP Antriebswelle vorne links VW Touran<\/span><\/a><\/p>\n","protected":false},"featured_media":337297,"template":"","meta":[],"product_brand":[],"product_cat":[15],"product_tag":[],"class_list":{"0":"post-337270","1":"product","2":"type-product","3":"status-publish","4":"has-post-thumbnail","6":"product_cat-default","7":"product_shipping_class-tarif-2","8":"entry","10":"first","11":"instock","12":"taxable","13":"shipping-taxable","14":"purchasable","15":"product-type-simple"},"jetpack_sharing_enabled":true,"_links":{"self":[{"href":"https:\/\/occasions-teile.ch\/en\/wp-json\/wp\/v2\/product\/337270","targetHints":{"allow":["GET"]}}],"collection":[{"href":"https:\/\/occasions-teile.ch\/en\/wp-json\/wp\/v2\/product"}],"about":[{"href":"https:\/\/occasions-teile.ch\/en\/wp-json\/wp\/v2\/types\/product"}],"wp:featuredmedia":[{"embeddable":true,"href":"https:\/\/occasions-teile.ch\/en\/wp-json\/wp\/v2\/media\/337297"}],"wp:attachment":[{"href":"https:\/\/occasions-teile.ch\/en\/wp-json\/wp\/v2\/media?parent=337270"}],"wp:term":[{"taxonomy":"product_brand","embeddable":true,"href":"https:\/\/occasions-teile.ch\/en\/wp-json\/wp\/v2\/product_brand?post=337270"},{"taxonomy":"product_cat","embeddable":true,"href":"https:\/\/occasions-teile.ch\/en\/wp-json\/wp\/v2\/product_cat?post=337270"},{"taxonomy":"product_tag","embeddable":true,"href":"https:\/\/occasions-teile.ch\/en\/wp-json\/wp\/v2\/product_tag?post=337270"}],"curies":[{"name":"wp","href":"https:\/\/api.w.org\/{rel}","templated":true}]}}