{"id":335740,"date":"2024-11-23T07:53:29","date_gmt":"2024-11-23T07:53:29","guid":{"rendered":"https:\/\/occasions-teile.ch\/product\/renault-clio-zierleisten-abdeckungen-verkleidungen-2\/"},"modified":"2024-11-23T08:47:16","modified_gmt":"2024-11-23T08:47:16","slug":"renault-clio-zierleisten-abdeckungen-verkleidungen-2","status":"publish","type":"product","link":"https:\/\/occasions-teile.ch\/en\/produkt\/renault-clio-zierleisten-abdeckungen-verkleidungen-2\/","title":{"rendered":"Renault Clio  Zierleisten, Abdeckungen, Verkleidungen"},"content":{"rendered":"<p><span><b>Technische Daten<\/b><\/p>\n<p> Fahrzeug: Renault Clio<br \/>\n Chassis Nr.: VF1RJA00767709050<br \/>\n Baujahr: 2021<br \/>\n Kilometer: 23500 KM<br \/>\n Leistung: 91 KW<br \/>\n Hubraum: 1598 ccm<br \/>\n Typ: 1RD893<br \/>\n Farbcode: White\/Weiss<br \/>\n Hinweise: &#8211;<\/p>\n<p> Versand: Versand nur in der Schweiz m\u00f6glich.Im Ausland ist der Transport k\u00e4uferseits.<br \/>\n Garantie: 3 Monate Garantie. Bitte beachten Sie, dass die Gew\u00e4hrleistung nur g\u00fcltig ist, wenn der Ersatzteileinbau durch eine Fachwerkstatt\/Meisterwerkstatt erfolgt. Das Ein- und Ausbau des Ersatzteiles kann nicht an uns verrechnet werden. <\/p>\n<p> Ersatzteil: f\u00fcr andere Fahrzeugen (Marken) verf\u00fcgbar auf anfrage. Tel.041 980 27 47. Mobil. 076 589 27 47<\/p>\n<p> Kontakt<br \/>\n  Adresse: Autoverwertung Brun AG<br \/>\n           M\u00f6\u00f6slimatten 13<br \/>\n           6218 Ettiswil<br \/>\n  Telefon: 0041 (041) 980 27 47<br \/>\n  Telefax: 0041 (041) 980 03 47<\/p>\n<p> Wir bieten Ihnen weitere gebrauchte Autoteile zum Kauf an.<br \/>\n Tags: Zierleisten, Abdeckungen, Verkleidungen, Trims, Covers, Fairings , Moulures, Couvertures, Habillages<br \/>\n<\/span><\/p>\n","protected":false},"excerpt":{"rendered":"<p>Technische Daten Fahrzeug: Renault Clio Chassis Nr.: VF1RJA00767709050 Baujahr: 2021 Kilometer: 23500 KM Leistung: 91 KW Hubraum: 1598 ccm Typ: 1RD893 Farbcode: White\/Weiss Hinweise: &#8211; Versand: Versand nur in der Schweiz m\u00f6glich.Im Ausland ist der Transport k\u00e4uferseits. Garantie: 3 Monate Garantie. Bitte beachten Sie, dass die Gew\u00e4hrleistung nur g\u00fcltig ist, wenn der Ersatzteileinbau durch eine&hellip; <a class=\"more-link\" href=\"https:\/\/occasions-teile.ch\/en\/produkt\/renault-clio-zierleisten-abdeckungen-verkleidungen-2\/\">Continue reading <span class=\"screen-reader-text\">Renault Clio  Zierleisten, Abdeckungen, Verkleidungen<\/span><\/a><\/p>\n","protected":false},"featured_media":335737,"template":"","meta":[],"product_brand":[],"product_cat":[24228,488,491,2446,2448,2450,485,1396,1395,2436,2439,2433,1394,1393,24225,24226,24227,1392,1391],"product_tag":[],"class_list":{"0":"post-335740","1":"product","2":"type-product","3":"status-publish","4":"has-post-thumbnail","6":"product_cat-de-1-6-e-tech","7":"product_cat-en-body-center","8":"product_cat-fr-centre-de-la-carrosserie","9":"product_cat-de_clio","10":"product_cat-en_clio","11":"product_cat-fr_clio","12":"product_cat-de-karosserie-mitte","13":"product_cat-fr-moulures-couvertures-habillages","14":"product_cat-fr-moulurescouvertureshabillages","15":"product_cat-en_renault","16":"product_cat-fr_renault","17":"product_cat-de_renault","18":"product_cat-en-trims-covers-fairings","19":"product_cat-en-trimscoversfairings","20":"product_cat-de-vf1rja00767709050-200000404","21":"product_cat-en-vf1rja00767709050-200000404","22":"product_cat-fr-vf1rja00767709050-200000404","23":"product_cat-de-zierleisten-abdeckungen-verkleidungen","24":"product_cat-de-zierleistenabdeckungenverkleidungen","25":"product_shipping_class-tarif-1","26":"entry","28":"first","29":"instock","30":"taxable","31":"shipping-taxable","32":"purchasable","33":"product-type-simple"},"jetpack_sharing_enabled":true,"_links":{"self":[{"href":"https:\/\/occasions-teile.ch\/en\/wp-json\/wp\/v2\/product\/335740","targetHints":{"allow":["GET"]}}],"collection":[{"href":"https:\/\/occasions-teile.ch\/en\/wp-json\/wp\/v2\/product"}],"about":[{"href":"https:\/\/occasions-teile.ch\/en\/wp-json\/wp\/v2\/types\/product"}],"wp:featuredmedia":[{"embeddable":true,"href":"https:\/\/occasions-teile.ch\/en\/wp-json\/wp\/v2\/media\/335737"}],"wp:attachment":[{"href":"https:\/\/occasions-teile.ch\/en\/wp-json\/wp\/v2\/media?parent=335740"}],"wp:term":[{"taxonomy":"product_brand","embeddable":true,"href":"https:\/\/occasions-teile.ch\/en\/wp-json\/wp\/v2\/product_brand?post=335740"},{"taxonomy":"product_cat","embeddable":true,"href":"https:\/\/occasions-teile.ch\/en\/wp-json\/wp\/v2\/product_cat?post=335740"},{"taxonomy":"product_tag","embeddable":true,"href":"https:\/\/occasions-teile.ch\/en\/wp-json\/wp\/v2\/product_tag?post=335740"}],"curies":[{"name":"wp","href":"https:\/\/api.w.org\/{rel}","templated":true}]}}