{"id":335533,"date":"2024-11-20T15:08:36","date_gmt":"2024-11-20T15:08:36","guid":{"rendered":"https:\/\/occasions-teile.ch\/product\/seat-altea-xl-wasserkuehler\/"},"modified":"2024-11-20T15:47:30","modified_gmt":"2024-11-20T15:47:30","slug":"seat-altea-xl-wasserkuehler","status":"publish","type":"product","link":"https:\/\/occasions-teile.ch\/en\/produkt\/seat-altea-xl-wasserkuehler\/","title":{"rendered":"SEAT Altea XL  Wasserk\u00fchler"},"content":{"rendered":"<p><span><b>Technische Daten<\/b><\/p>\n<p> Fahrzeug: SEAT Altea XL<br \/>\n Chassis Nr.: xxxxxxx<br \/>\n Baujahr: 2009<br \/>\n Kilometer: 0 KM<br \/>\n Leistung: 0 KW<br \/>\n Hubraum: 0 ccm<br \/>\n Typ: x<br \/>\n Farbcode: White\/Weiss<br \/>\n Hinweise: &#8211;<\/p>\n<p> Versand: Versand nur in der Schweiz m\u00f6glich.Im Ausland ist der Transport k\u00e4uferseits.<br \/>\n Garantie: 3 Monate Garantie. Bitte beachten Sie, dass die Gew\u00e4hrleistung nur g\u00fcltig ist, wenn der Ersatzteileinbau durch eine Fachwerkstatt\/Meisterwerkstatt erfolgt. Das Ein- und Ausbau des Ersatzteiles kann nicht an uns verrechnet werden. <\/p>\n<p> Ersatzteil: f\u00fcr andere Fahrzeugen (Marken) verf\u00fcgbar auf anfrage. Tel.041 980 27 47. Mobil. 076 589 27 47<\/p>\n<p> Kontakt<br \/>\n  Adresse: Autoverwertung Brun AG<br \/>\n           M\u00f6\u00f6slimatten 13<br \/>\n           6218 Ettiswil<br \/>\n  Telefon: 0041 (041) 980 27 47<br \/>\n  Telefax: 0041 (041) 980 03 47<\/p>\n<p> Wir bieten Ihnen weitere gebrauchte Autoteile zum Kauf an.<br \/>\n Tags: Wasserk\u00fchler, Water cooler, Refroidisseur d&#8217;eau<br \/>\n<\/span><\/p>\n","protected":false},"excerpt":{"rendered":"<p>Technische Daten Fahrzeug: SEAT Altea XL Chassis Nr.: xxxxxxx Baujahr: 2009 Kilometer: 0 KM Leistung: 0 KW Hubraum: 0 ccm Typ: x Farbcode: White\/Weiss Hinweise: &#8211; Versand: Versand nur in der Schweiz m\u00f6glich.Im Ausland ist der Transport k\u00e4uferseits. Garantie: 3 Monate Garantie. Bitte beachten Sie, dass die Gew\u00e4hrleistung nur g\u00fcltig ist, wenn der Ersatzteileinbau durch&hellip; <a class=\"more-link\" href=\"https:\/\/occasions-teile.ch\/en\/produkt\/seat-altea-xl-wasserkuehler\/\">Continue reading <span class=\"screen-reader-text\">SEAT Altea XL  Wasserk\u00fchler<\/span><\/a><\/p>\n","protected":false},"featured_media":335530,"template":"","meta":[],"product_brand":[],"product_cat":[23751,1647,1643,1645,515,518,512,1046,1049,1044,1500,1494,1497,1048,1045,1047,1646,1642,1644],"product_tag":[],"class_list":{"0":"post-335533","1":"product","2":"type-product","3":"status-publish","4":"has-post-thumbnail","6":"product_cat-de-2-0tdi-de_altea-xl","7":"product_cat-fr_altea-xl","8":"product_cat-de_altea-xl","9":"product_cat-en_altea-xl","10":"product_cat-en-body-front","11":"product_cat-fr-carrosserie-front","12":"product_cat-de-karosserie-front","13":"product_cat-en-lock-beamcooler","14":"product_cat-fr-refroidisseur-deau","15":"product_cat-de-schlosstraegerkuehler","16":"product_cat-fr_seat","17":"product_cat-de_seat","18":"product_cat-en_seat","19":"product_cat-fr-support-de-serrure-radiateur","20":"product_cat-de-wasserkuehler","21":"product_cat-en-water-cooler","22":"product_cat-fr-xxxxxxx","23":"product_cat-de-xxxxxxx","24":"product_cat-en-xxxxxxx","25":"product_shipping_class-tarif-2","26":"entry","28":"first","29":"instock","30":"taxable","31":"shipping-taxable","32":"purchasable","33":"product-type-simple"},"jetpack_sharing_enabled":true,"_links":{"self":[{"href":"https:\/\/occasions-teile.ch\/en\/wp-json\/wp\/v2\/product\/335533","targetHints":{"allow":["GET"]}}],"collection":[{"href":"https:\/\/occasions-teile.ch\/en\/wp-json\/wp\/v2\/product"}],"about":[{"href":"https:\/\/occasions-teile.ch\/en\/wp-json\/wp\/v2\/types\/product"}],"wp:featuredmedia":[{"embeddable":true,"href":"https:\/\/occasions-teile.ch\/en\/wp-json\/wp\/v2\/media\/335530"}],"wp:attachment":[{"href":"https:\/\/occasions-teile.ch\/en\/wp-json\/wp\/v2\/media?parent=335533"}],"wp:term":[{"taxonomy":"product_brand","embeddable":true,"href":"https:\/\/occasions-teile.ch\/en\/wp-json\/wp\/v2\/product_brand?post=335533"},{"taxonomy":"product_cat","embeddable":true,"href":"https:\/\/occasions-teile.ch\/en\/wp-json\/wp\/v2\/product_cat?post=335533"},{"taxonomy":"product_tag","embeddable":true,"href":"https:\/\/occasions-teile.ch\/en\/wp-json\/wp\/v2\/product_tag?post=335533"}],"curies":[{"name":"wp","href":"https:\/\/api.w.org\/{rel}","templated":true}]}}