{"id":334195,"date":"2024-11-11T14:41:48","date_gmt":"2024-11-11T14:41:48","guid":{"rendered":"https:\/\/occasions-teile.ch\/product\/vw-tiguan-kraftstoffpumpe-tankgeber-3\/"},"modified":"2024-11-13T15:01:44","modified_gmt":"2024-11-13T15:01:44","slug":"vw-tiguan-kraftstoffpumpe-tankgeber-3","status":"publish","type":"product","link":"https:\/\/occasions-teile.ch\/en\/produkt\/vw-tiguan-kraftstoffpumpe-tankgeber-3\/","title":{"rendered":"VW Tiguan  Kraftstoffpumpe Tankgeber"},"content":{"rendered":"<p><span><b>Technische Daten<\/b><\/p>\n<p> Fahrzeug: VW Tiguan<br \/>\n Chassis Nr.: WVGZZZ5NZEW509544<br \/>\n Baujahr: 2013<br \/>\n Kilometer: 111292 KM<br \/>\n Leistung: 160 KW<br \/>\n Hubraum: 1390 ccm<br \/>\n Typ: 1VE610<br \/>\n Farbcode: blau<br \/>\n Hinweise: &#8211;<\/p>\n<p> Versand: Versand nur in der Schweiz m\u00f6glich.Im Ausland ist der Transport k\u00e4uferseits.<br \/>\n Garantie: 3 Monate Garantie. Bitte beachten Sie, dass die Gew\u00e4hrleistung nur g\u00fcltig ist, wenn der Ersatzteileinbau durch eine Fachwerkstatt\/Meisterwerkstatt erfolgt. Das Ein- und Ausbau des Ersatzteiles kann nicht an uns verrechnet werden. <\/p>\n<p> Ersatzteil: f\u00fcr andere Fahrzeugen (Marken) verf\u00fcgbar auf anfrage. Tel.041 980 27 47. Mobil. 076 589 27 47<\/p>\n<p> Kontakt<br \/>\n  Adresse: Autoverwertung Brun AG<br \/>\n           M\u00f6\u00f6slimatten 13<br \/>\n           6218 Ettiswil<br \/>\n  Telefon: 0041 (041) 980 27 47<br \/>\n  Telefax: 0041 (041) 980 03 47<\/p>\n<p> Wir bieten Ihnen weitere gebrauchte Autoteile zum Kauf an.<br \/>\n Tags: Kraftstoffpumpe Tankgeber, Fuel pump\/tank sender, Pompe a` carburant\/re\u00b4servoir<br \/>\n<\/span><\/p>\n","protected":false},"excerpt":{"rendered":"<p>Technische Daten Fahrzeug: VW Tiguan Chassis Nr.: WVGZZZ5NZEW509544 Baujahr: 2013 Kilometer: 111292 KM Leistung: 160 KW Hubraum: 1390 ccm Typ: 1VE610 Farbcode: blau Hinweise: &#8211; Versand: Versand nur in der Schweiz m\u00f6glich.Im Ausland ist der Transport k\u00e4uferseits. Garantie: 3 Monate Garantie. Bitte beachten Sie, dass die Gew\u00e4hrleistung nur g\u00fcltig ist, wenn der Ersatzteileinbau durch eine&hellip; <a class=\"more-link\" href=\"https:\/\/occasions-teile.ch\/en\/produkt\/vw-tiguan-kraftstoffpumpe-tankgeber-3\/\">Continue reading <span class=\"screen-reader-text\">VW Tiguan  Kraftstoffpumpe Tankgeber<\/span><\/a><\/p>\n","protected":false},"featured_media":334192,"template":"","meta":[],"product_brand":[],"product_cat":[24190,6122,6371,6370,6121,500,494,497,6372,6123,1671,1667,1669,1280,1283,1286,24189,24187,24188],"product_tag":[],"class_list":{"0":"post-334195","1":"product","2":"type-product","3":"status-publish","4":"has-post-thumbnail","6":"product_cat-de-1-4-tsi-de_tiguan","7":"product_cat-en-air-fuel-system-motor","8":"product_cat-en-fuel-pump-tank-sender-luft-kraftstoffsystem","9":"product_cat-de-kraftstoffpumpe-tankgeber-luft-kraftstoffsystem","10":"product_cat-de-luft-kraftstoffsystem-motor","11":"product_cat-fr-moteur","12":"product_cat-de-motor","13":"product_cat-en-motor","14":"product_cat-fr-pompe-a-carburant-reservoir-luft-kraftstoffsystem","15":"product_cat-fr-systeme-de-carburant-a-air-motor","16":"product_cat-fr_tiguan","17":"product_cat-de_tiguan","18":"product_cat-en_tiguan","19":"product_cat-de_volkswagen","20":"product_cat-en_volkswagen","21":"product_cat-fr_volkswagen","22":"product_cat-fr-wvgzzz5nzew509544-200000395","23":"product_cat-de-wvgzzz5nzew509544-200000395","24":"product_cat-en-wvgzzz5nzew509544-200000395","25":"product_shipping_class-tarif-1","26":"entry","28":"first","29":"instock","30":"taxable","31":"shipping-taxable","32":"purchasable","33":"product-type-simple"},"jetpack_sharing_enabled":true,"_links":{"self":[{"href":"https:\/\/occasions-teile.ch\/en\/wp-json\/wp\/v2\/product\/334195","targetHints":{"allow":["GET"]}}],"collection":[{"href":"https:\/\/occasions-teile.ch\/en\/wp-json\/wp\/v2\/product"}],"about":[{"href":"https:\/\/occasions-teile.ch\/en\/wp-json\/wp\/v2\/types\/product"}],"wp:featuredmedia":[{"embeddable":true,"href":"https:\/\/occasions-teile.ch\/en\/wp-json\/wp\/v2\/media\/334192"}],"wp:attachment":[{"href":"https:\/\/occasions-teile.ch\/en\/wp-json\/wp\/v2\/media?parent=334195"}],"wp:term":[{"taxonomy":"product_brand","embeddable":true,"href":"https:\/\/occasions-teile.ch\/en\/wp-json\/wp\/v2\/product_brand?post=334195"},{"taxonomy":"product_cat","embeddable":true,"href":"https:\/\/occasions-teile.ch\/en\/wp-json\/wp\/v2\/product_cat?post=334195"},{"taxonomy":"product_tag","embeddable":true,"href":"https:\/\/occasions-teile.ch\/en\/wp-json\/wp\/v2\/product_tag?post=334195"}],"curies":[{"name":"wp","href":"https:\/\/api.w.org\/{rel}","templated":true}]}}