{"id":333800,"date":"2024-11-08T18:56:09","date_gmt":"2024-11-08T18:56:09","guid":{"rendered":"https:\/\/occasions-teile.ch\/product\/vw-passat-belag-kofferboden\/"},"modified":"2024-11-08T19:36:41","modified_gmt":"2024-11-08T19:36:41","slug":"vw-passat-belag-kofferboden","status":"publish","type":"product","link":"https:\/\/occasions-teile.ch\/en\/produkt\/vw-passat-belag-kofferboden\/","title":{"rendered":"VW Passat  Belag Kofferboden"},"content":{"rendered":"<p><span><b>Technische Daten<\/b><\/p>\n<p> Fahrzeug: VW Passat<br \/>\n Chassis Nr.: WVWZZZ3CZ9E073053<br \/>\n Baujahr: 2009<br \/>\n Kilometer: 223138 KM<br \/>\n Leistung: 160 KW<br \/>\n Hubraum: 1798 ccm<br \/>\n Typ: 1VD506<br \/>\n Farbcode: grau<br \/>\n Hinweise: &#8211;<\/p>\n<p> Versand: Versand nur in der Schweiz m\u00f6glich.Im Ausland ist der Transport k\u00e4uferseits.<br \/>\n Garantie: 3 Monate Garantie. Bitte beachten Sie, dass die Gew\u00e4hrleistung nur g\u00fcltig ist, wenn der Ersatzteileinbau durch eine Fachwerkstatt\/Meisterwerkstatt erfolgt. Das Ein- und Ausbau des Ersatzteiles kann nicht an uns verrechnet werden. <\/p>\n<p> Ersatzteil: f\u00fcr andere Fahrzeugen (Marken) verf\u00fcgbar auf anfrage. Tel.041 980 27 47. Mobil. 076 589 27 47<\/p>\n<p> Kontakt<br \/>\n  Adresse: Autoverwertung Brun AG<br \/>\n           M\u00f6\u00f6slimatten 13<br \/>\n           6218 Ettiswil<br \/>\n  Telefon: 0041 (041) 980 27 47<br \/>\n  Telefax: 0041 (041) 980 03 47<\/p>\n<p> Wir bieten Ihnen weitere gebrauchte Autoteile zum Kauf an.<br \/>\n Tags: Belag Kofferboden, Coating Case bottom, Reve^tement Fond de valise<br \/>\n<\/span><\/p>\n","protected":false},"excerpt":{"rendered":"<p>Technische Daten Fahrzeug: VW Passat Chassis Nr.: WVWZZZ3CZ9E073053 Baujahr: 2009 Kilometer: 223138 KM Leistung: 160 KW Hubraum: 1798 ccm Typ: 1VD506 Farbcode: grau Hinweise: &#8211; Versand: Versand nur in der Schweiz m\u00f6glich.Im Ausland ist der Transport k\u00e4uferseits. Garantie: 3 Monate Garantie. Bitte beachten Sie, dass die Gew\u00e4hrleistung nur g\u00fcltig ist, wenn der Ersatzteileinbau durch eine&hellip; <a class=\"more-link\" href=\"https:\/\/occasions-teile.ch\/en\/produkt\/vw-passat-belag-kofferboden\/\">Continue reading <span class=\"screen-reader-text\">VW Passat  Belag Kofferboden<\/span><\/a><\/p>\n","protected":false},"featured_media":333797,"template":"","meta":[],"product_brand":[],"product_cat":[24181,1207,1208,925,804,810,807,1299,1301,1303,1209,923,921,1286,1280,1283,24204,24205,24206],"product_tag":[],"class_list":{"0":"post-333800","1":"product","2":"type-product","3":"status-publish","4":"has-post-thumbnail","6":"product_cat-de-1-8tsi","7":"product_cat-de-belag-kofferboden","8":"product_cat-en-coating-case-bottom","9":"product_cat-fr-habillage-couverture-du-coffre","10":"product_cat-de-innenraum","11":"product_cat-fr-interieur","12":"product_cat-en-interior","13":"product_cat-de_passat","14":"product_cat-en_passat","15":"product_cat-fr_passat","16":"product_cat-fr-revetement-fond-de-valise","17":"product_cat-en-trimcovertrunk","18":"product_cat-de-verkleidungabdeckungkofferraum","19":"product_cat-fr_volkswagen","20":"product_cat-de_volkswagen","21":"product_cat-en_volkswagen","22":"product_cat-de-wvwzzz3cz9e073053-200000397","23":"product_cat-en-wvwzzz3cz9e073053-200000397","24":"product_cat-fr-wvwzzz3cz9e073053-200000397","25":"product_shipping_class-tarif-3","26":"entry","28":"first","29":"instock","30":"taxable","31":"shipping-taxable","32":"purchasable","33":"product-type-simple"},"jetpack_sharing_enabled":true,"_links":{"self":[{"href":"https:\/\/occasions-teile.ch\/en\/wp-json\/wp\/v2\/product\/333800","targetHints":{"allow":["GET"]}}],"collection":[{"href":"https:\/\/occasions-teile.ch\/en\/wp-json\/wp\/v2\/product"}],"about":[{"href":"https:\/\/occasions-teile.ch\/en\/wp-json\/wp\/v2\/types\/product"}],"wp:featuredmedia":[{"embeddable":true,"href":"https:\/\/occasions-teile.ch\/en\/wp-json\/wp\/v2\/media\/333797"}],"wp:attachment":[{"href":"https:\/\/occasions-teile.ch\/en\/wp-json\/wp\/v2\/media?parent=333800"}],"wp:term":[{"taxonomy":"product_brand","embeddable":true,"href":"https:\/\/occasions-teile.ch\/en\/wp-json\/wp\/v2\/product_brand?post=333800"},{"taxonomy":"product_cat","embeddable":true,"href":"https:\/\/occasions-teile.ch\/en\/wp-json\/wp\/v2\/product_cat?post=333800"},{"taxonomy":"product_tag","embeddable":true,"href":"https:\/\/occasions-teile.ch\/en\/wp-json\/wp\/v2\/product_tag?post=333800"}],"curies":[{"name":"wp","href":"https:\/\/api.w.org\/{rel}","templated":true}]}}