{"id":333054,"date":"2024-10-31T18:42:34","date_gmt":"2024-10-31T18:42:34","guid":{"rendered":"https:\/\/occasions-teile.ch\/product\/vw-tiguan-kombiinstrument-tacho-2\/"},"modified":"2024-10-31T19:37:49","modified_gmt":"2024-10-31T19:37:49","slug":"vw-tiguan-kombiinstrument-tacho-2","status":"publish","type":"product","link":"https:\/\/occasions-teile.ch\/en\/produkt\/vw-tiguan-kombiinstrument-tacho-2\/","title":{"rendered":"VW Tiguan  Kombiinstrument Tacho"},"content":{"rendered":"<p><span><b>Technische Daten<\/b><\/p>\n<p> Fahrzeug: VW Tiguan<br \/>\n Chassis Nr.: WVGZZZ5NZEW509544<br \/>\n Baujahr: 2013<br \/>\n Kilometer: 111292 KM<br \/>\n Leistung: 160 KW<br \/>\n Hubraum: 1390 ccm<br \/>\n Typ: 1VE610<br \/>\n Farbcode: blau<br \/>\n Hinweise: &#8211;<\/p>\n<p> Versand: Versand nur in der Schweiz m\u00f6glich.Im Ausland ist der Transport k\u00e4uferseits.<br \/>\n Garantie: 3 Monate Garantie. Bitte beachten Sie, dass die Gew\u00e4hrleistung nur g\u00fcltig ist, wenn der Ersatzteileinbau durch eine Fachwerkstatt\/Meisterwerkstatt erfolgt. Das Ein- und Ausbau des Ersatzteiles kann nicht an uns verrechnet werden. <\/p>\n<p> Ersatzteil: f\u00fcr andere Fahrzeugen (Marken) verf\u00fcgbar auf anfrage. Tel.041 980 27 47. Mobil. 076 589 27 47<\/p>\n<p> Kontakt<br \/>\n  Adresse: Autoverwertung Brun AG<br \/>\n           M\u00f6\u00f6slimatten 13<br \/>\n           6218 Ettiswil<br \/>\n  Telefon: 0041 (041) 980 27 47<br \/>\n  Telefax: 0041 (041) 980 03 47<\/p>\n<p> Wir bieten Ihnen weitere gebrauchte Autoteile zum Kauf an.<br \/>\n Tags: Kombiinstrument Tacho, Instrument cluster speedometer , Combine d\u00b4 instruments Tachymetre<br \/>\n<\/span><\/p>\n","protected":false},"excerpt":{"rendered":"<p>Technische Daten Fahrzeug: VW Tiguan Chassis Nr.: WVGZZZ5NZEW509544 Baujahr: 2013 Kilometer: 111292 KM Leistung: 160 KW Hubraum: 1390 ccm Typ: 1VE610 Farbcode: blau Hinweise: &#8211; Versand: Versand nur in der Schweiz m\u00f6glich.Im Ausland ist der Transport k\u00e4uferseits. Garantie: 3 Monate Garantie. Bitte beachten Sie, dass die Gew\u00e4hrleistung nur g\u00fcltig ist, wenn der Ersatzteileinbau durch eine&hellip; <a class=\"more-link\" href=\"https:\/\/occasions-teile.ch\/en\/produkt\/vw-tiguan-kombiinstrument-tacho-2\/\">Continue reading <span class=\"screen-reader-text\">VW Tiguan  Kombiinstrument Tacho<\/span><\/a><\/p>\n","protected":false},"featured_media":333051,"template":"","meta":[],"product_brand":[],"product_cat":[24190,827,627,624,621,825,823,824,822,826,1671,1667,1669,1280,1283,1286,24187,24188,24189],"product_tag":[],"class_list":{"0":"post-333054","1":"product","2":"type-product","3":"status-publish","4":"has-post-thumbnail","6":"product_cat-de-1-4-tsi-de_tiguan","7":"product_cat-fr-combine-d-instruments-tachymetre","8":"product_cat-fr-electricite-dispositifs-de-commande","9":"product_cat-en-electrics-control-units","10":"product_cat-de-elektrik-steuergeraete","11":"product_cat-en-instrument-clusterspeedometer","12":"product_cat-de-kombiinstrument-tacho","13":"product_cat-en-speedometerindicators","14":"product_cat-de-tachoanzeigegeraete","15":"product_cat-fr-tachymetreindicateurs","16":"product_cat-fr_tiguan","17":"product_cat-de_tiguan","18":"product_cat-en_tiguan","19":"product_cat-de_volkswagen","20":"product_cat-en_volkswagen","21":"product_cat-fr_volkswagen","22":"product_cat-de-wvgzzz5nzew509544-200000395","23":"product_cat-en-wvgzzz5nzew509544-200000395","24":"product_cat-fr-wvgzzz5nzew509544-200000395","25":"product_shipping_class-tarif-1","26":"entry","28":"first","29":"instock","30":"taxable","31":"shipping-taxable","32":"purchasable","33":"product-type-simple"},"jetpack_sharing_enabled":true,"_links":{"self":[{"href":"https:\/\/occasions-teile.ch\/en\/wp-json\/wp\/v2\/product\/333054","targetHints":{"allow":["GET"]}}],"collection":[{"href":"https:\/\/occasions-teile.ch\/en\/wp-json\/wp\/v2\/product"}],"about":[{"href":"https:\/\/occasions-teile.ch\/en\/wp-json\/wp\/v2\/types\/product"}],"wp:featuredmedia":[{"embeddable":true,"href":"https:\/\/occasions-teile.ch\/en\/wp-json\/wp\/v2\/media\/333051"}],"wp:attachment":[{"href":"https:\/\/occasions-teile.ch\/en\/wp-json\/wp\/v2\/media?parent=333054"}],"wp:term":[{"taxonomy":"product_brand","embeddable":true,"href":"https:\/\/occasions-teile.ch\/en\/wp-json\/wp\/v2\/product_brand?post=333054"},{"taxonomy":"product_cat","embeddable":true,"href":"https:\/\/occasions-teile.ch\/en\/wp-json\/wp\/v2\/product_cat?post=333054"},{"taxonomy":"product_tag","embeddable":true,"href":"https:\/\/occasions-teile.ch\/en\/wp-json\/wp\/v2\/product_tag?post=333054"}],"curies":[{"name":"wp","href":"https:\/\/api.w.org\/{rel}","templated":true}]}}