{"id":329475,"date":"2024-10-08T16:08:06","date_gmt":"2024-10-08T16:08:06","guid":{"rendered":"https:\/\/occasions-teile.ch\/?post_type=product&#038;p=329475"},"modified":"2024-10-23T20:51:19","modified_gmt":"2024-10-23T20:51:19","slug":"toyota-prius-steuergeraet-automatikgetriebe","status":"publish","type":"product","link":"https:\/\/occasions-teile.ch\/en\/produkt\/toyota-prius-steuergeraet-automatikgetriebe\/","title":{"rendered":"Toyota Prius  Steuerger\u00e4t Automatikgetriebe"},"content":{"rendered":"<p><span><b>Technische Daten<\/b><\/p>\n<p> Fahrzeug: Toyota Prius<br \/>\n Chassis Nr.: JTDKB20U503265013<br \/>\n Baujahr: 2007<br \/>\n Kilometer: 198217 KM<br \/>\n Leistung: 112 KW<br \/>\n Hubraum: 1497 ccm<br \/>\n Typ: 1TA287<br \/>\n Farbcode: dunkelgrau<br \/>\n Hinweise: &#8211;<\/p>\n<p> Versand: Versand nur in der Schweiz m\u00f6glich.Im Ausland ist der Transport k\u00e4uferseits.<br \/>\n Garantie: 3 Monate Garantie. Bitte beachten Sie, dass die Gew\u00e4hrleistung nur g\u00fcltig ist, wenn der Ersatzteileinbau durch eine Fachwerkstatt\/Meisterwerkstatt erfolgt. Das Ein- und Ausbau des Ersatzteiles kann nicht an uns verrechnet werden. <\/p>\n<p> Ersatzteil: f\u00fcr andere Fahrzeugen (Marken) verf\u00fcgbar auf anfrage. Tel.041 980 27 47. Mobil. 076 589 27 47<\/p>\n<p> Kontakt<br \/>\n  Adresse: Autoverwertung Brun AG<br \/>\n           M\u00f6\u00f6slimatten 13<br \/>\n           6218 Ettiswil<br \/>\n  Telefon: 0041 (041) 980 27 47<br \/>\n  Telefax: 0041 (041) 980 03 47<\/p>\n<p> Wir bieten Ihnen weitere gebrauchte Autoteile zum Kauf an.<br \/>\n Tags: Steuerger\u00e4t Automatikgetriebe, Automatic transmission control unit, Unit\u00e9 de commande de transmission automatique<br \/>\n<\/span><\/p>\n","protected":false},"excerpt":{"rendered":"<p>Technische Daten Fahrzeug: Toyota Prius Chassis Nr.: JTDKB20U503265013 Baujahr: 2007 Kilometer: 198217 KM Leistung: 112 KW Hubraum: 1497 ccm Typ: 1TA287 Farbcode: dunkelgrau Hinweise: &#8211; Versand: Versand nur in der Schweiz m\u00f6glich.Im Ausland ist der Transport k\u00e4uferseits. Garantie: 3 Monate Garantie. Bitte beachten Sie, dass die Gew\u00e4hrleistung nur g\u00fcltig ist, wenn der Ersatzteileinbau durch eine&hellip; <a class=\"more-link\" href=\"https:\/\/occasions-teile.ch\/en\/produkt\/toyota-prius-steuergeraet-automatikgetriebe\/\">Continue reading <span class=\"screen-reader-text\">Toyota Prius  Steuerger\u00e4t Automatikgetriebe<\/span><\/a><\/p>\n","protected":false},"featured_media":329476,"template":"","meta":[],"product_brand":[],"product_cat":[1052,2187,1050,1054,651,648,24141,24142,24143,5360,5361,5362,2186,1329,1332,1335,654,2188],"product_tag":[],"class_list":{"0":"post-329475","1":"product","2":"type-product","3":"status-publish","4":"has-post-thumbnail","6":"product_cat-en-automatic-transmission","7":"product_cat-en-automatic-transmission-control-unit","8":"product_cat-de-automatikgetriebe","9":"product_cat-fr-boite-de-vitesses-automatique","10":"product_cat-en-gearbox-drive","11":"product_cat-de-getriebe-antrieb","12":"product_cat-de-jtdkb20u503265013-200000387","13":"product_cat-en-jtdkb20u503265013-200000387","14":"product_cat-fr-jtdkb20u503265013-200000387","15":"product_cat-de_slug_toyota_prius_839","16":"product_cat-en_slug_toyota_prius_376","17":"product_cat-fr_slug_toyota_prius_771","18":"product_cat-de-steuergeraet-automatikgetriebe","19":"product_cat-de_toyota","20":"product_cat-en_toyota","21":"product_cat-fr_toyota","22":"product_cat-fr-transmission-entrainement","23":"product_cat-fr-unite-de-commande-de-transmission-automatique","24":"product_shipping_class-tarif-1","25":"entry","27":"first","28":"instock","29":"taxable","30":"shipping-taxable","31":"purchasable","32":"product-type-simple"},"jetpack_sharing_enabled":true,"_links":{"self":[{"href":"https:\/\/occasions-teile.ch\/en\/wp-json\/wp\/v2\/product\/329475","targetHints":{"allow":["GET"]}}],"collection":[{"href":"https:\/\/occasions-teile.ch\/en\/wp-json\/wp\/v2\/product"}],"about":[{"href":"https:\/\/occasions-teile.ch\/en\/wp-json\/wp\/v2\/types\/product"}],"wp:featuredmedia":[{"embeddable":true,"href":"https:\/\/occasions-teile.ch\/en\/wp-json\/wp\/v2\/media\/329476"}],"wp:attachment":[{"href":"https:\/\/occasions-teile.ch\/en\/wp-json\/wp\/v2\/media?parent=329475"}],"wp:term":[{"taxonomy":"product_brand","embeddable":true,"href":"https:\/\/occasions-teile.ch\/en\/wp-json\/wp\/v2\/product_brand?post=329475"},{"taxonomy":"product_cat","embeddable":true,"href":"https:\/\/occasions-teile.ch\/en\/wp-json\/wp\/v2\/product_cat?post=329475"},{"taxonomy":"product_tag","embeddable":true,"href":"https:\/\/occasions-teile.ch\/en\/wp-json\/wp\/v2\/product_tag?post=329475"}],"curies":[{"name":"wp","href":"https:\/\/api.w.org\/{rel}","templated":true}]}}