{"id":325994,"date":"2024-09-03T06:46:25","date_gmt":"2024-09-03T06:46:25","guid":{"rendered":"https:\/\/occasions-teile.ch\/product\/mazda-cx-30-katalysator\/"},"modified":"2024-09-03T07:06:43","modified_gmt":"2024-09-03T07:06:43","slug":"mazda-cx-30-katalysator","status":"publish","type":"product","link":"https:\/\/occasions-teile.ch\/en\/produkt\/mazda-cx-30-katalysator\/","title":{"rendered":"Mazda CX-30  Katalysator"},"content":{"rendered":"<p><span><b>Technische Daten<\/b><\/p>\n<p> Fahrzeug: Mazda CX-30<br \/>\n Chassis Nr.: JMZDM6WH200405943<br \/>\n Baujahr: 2023<br \/>\n Kilometer: 3525 KM<br \/>\n Leistung: 186 KW<br \/>\n Hubraum: 1998 ccm<br \/>\n Typ: 1MB780<br \/>\n Farbcode: rot<br \/>\n Hinweise: &#8211;<\/p>\n<p> Versand: Versand nur in der Schweiz m\u00f6glich.Im Ausland ist der Transport k\u00e4uferseits.<br \/>\n Garantie: 3 Monate Garantie. Bitte beachten Sie, dass die Gew\u00e4hrleistung nur g\u00fcltig ist, wenn der Ersatzteileinbau durch eine Fachwerkstatt\/Meisterwerkstatt erfolgt. Das Ein- und Ausbau des Ersatzteiles kann nicht an uns verrechnet werden. <\/p>\n<p> Ersatzteil: f\u00fcr andere Fahrzeugen (Marken) verf\u00fcgbar auf anfrage. Tel.041 980 27 47. Mobil. 076 589 27 47<\/p>\n<p> Kontakt<br \/>\n  Adresse: Autoverwertung Brun AG<br \/>\n           M\u00f6\u00f6slimatten 13<br \/>\n           6218 Ettiswil<br \/>\n  Telefon: 0041 (041) 980 27 47<br \/>\n  Telefax: 0041 (041) 980 03 47<\/p>\n<p> Wir bieten Ihnen weitere gebrauchte Autoteile zum Kauf an.<br \/>\n Tags: Katalysator , Catalyst, Catalyseur<br \/>\n<\/span><\/p>\n","protected":false},"excerpt":{"rendered":"<p>Technische Daten Fahrzeug: Mazda CX-30 Chassis Nr.: JMZDM6WH200405943 Baujahr: 2023 Kilometer: 3525 KM Leistung: 186 KW Hubraum: 1998 ccm Typ: 1MB780 Farbcode: rot Hinweise: &#8211; Versand: Versand nur in der Schweiz m\u00f6glich.Im Ausland ist der Transport k\u00e4uferseits. Garantie: 3 Monate Garantie. Bitte beachten Sie, dass die Gew\u00e4hrleistung nur g\u00fcltig ist, wenn der Ersatzteileinbau durch eine&hellip; <a class=\"more-link\" href=\"https:\/\/occasions-teile.ch\/en\/produkt\/mazda-cx-30-katalysator\/\">Continue reading <span class=\"screen-reader-text\">Mazda CX-30  Katalysator<\/span><\/a><\/p>\n","protected":false},"featured_media":325991,"template":"","meta":[],"product_brand":[],"product_cat":[597,646,647,644,645,24097,600,24093,24095,24091,642,643,1308,1311,1314,24094,24096,24092,603],"product_tag":[],"class_list":{"0":"post-325994","1":"product","2":"type-product","3":"status-publish","4":"has-post-thumbnail","6":"product_cat-de-abgasanlage","7":"product_cat-fr-catalyseur-filtre-a-particules","8":"product_cat-fr-catalyseur-filtre-a-particules-fr-catalyseur-filtre-a-particules","9":"product_cat-en-catalytic-converter-particle-filter","10":"product_cat-en-catalytic-converter-particle-filter-en-catalytic-converter-particle-filter","11":"product_cat-de-e-skyactiv-x-m-hybrid","12":"product_cat-en-exhaust-system","13":"product_cat-en-jmzdm6wh200405943-200000374","14":"product_cat-fr-jmzdm6wh200405943-200000374","15":"product_cat-de-jmzdm6wh200405943-200000374","16":"product_cat-de-katalysator-partikelfilter","17":"product_cat-de-katalysator-partikelfilter-de-katalysator-partikelfilter","18":"product_cat-de_mazda","19":"product_cat-en_mazda","20":"product_cat-fr_mazda","21":"product_cat-en_slug_mazda_mazda-cx-30_593","22":"product_cat-fr_slug_mazda_mazda-cx-30_61","23":"product_cat-de_slug_mazda_mazda-cx-30_516","24":"product_cat-fr-systeme-dechappement","25":"product_shipping_class-tarif-2","26":"entry","28":"first","29":"instock","30":"taxable","31":"shipping-taxable","32":"purchasable","33":"product-type-simple"},"jetpack_sharing_enabled":true,"_links":{"self":[{"href":"https:\/\/occasions-teile.ch\/en\/wp-json\/wp\/v2\/product\/325994","targetHints":{"allow":["GET"]}}],"collection":[{"href":"https:\/\/occasions-teile.ch\/en\/wp-json\/wp\/v2\/product"}],"about":[{"href":"https:\/\/occasions-teile.ch\/en\/wp-json\/wp\/v2\/types\/product"}],"wp:featuredmedia":[{"embeddable":true,"href":"https:\/\/occasions-teile.ch\/en\/wp-json\/wp\/v2\/media\/325991"}],"wp:attachment":[{"href":"https:\/\/occasions-teile.ch\/en\/wp-json\/wp\/v2\/media?parent=325994"}],"wp:term":[{"taxonomy":"product_brand","embeddable":true,"href":"https:\/\/occasions-teile.ch\/en\/wp-json\/wp\/v2\/product_brand?post=325994"},{"taxonomy":"product_cat","embeddable":true,"href":"https:\/\/occasions-teile.ch\/en\/wp-json\/wp\/v2\/product_cat?post=325994"},{"taxonomy":"product_tag","embeddable":true,"href":"https:\/\/occasions-teile.ch\/en\/wp-json\/wp\/v2\/product_tag?post=325994"}],"curies":[{"name":"wp","href":"https:\/\/api.w.org\/{rel}","templated":true}]}}