{"id":325761,"date":"2024-08-30T13:00:45","date_gmt":"2024-08-30T13:00:45","guid":{"rendered":"https:\/\/occasions-teile.ch\/product\/bmw-bmw-225-schlaeuche-rohre-ladeluftschlauch\/"},"modified":"2024-08-30T13:05:39","modified_gmt":"2024-08-30T13:05:39","slug":"bmw-bmw-225-schlaeuche-rohre-ladeluftschlauch","status":"publish","type":"product","link":"https:\/\/occasions-teile.ch\/en\/produkt\/bmw-bmw-225-schlaeuche-rohre-ladeluftschlauch\/","title":{"rendered":"BMW Bmw 225 Schl\u00e4uche Rohre Ladeluftschlauch"},"content":{"rendered":"<p><span><b>Technische Daten<\/b><\/p>\n<p> Fahrzeug: BMW Bmw 225<br \/>\n Chassis Nr.: WBA6Y310407G14351<br \/>\n Baujahr: 2020<br \/>\n Kilometer: 40277 KM<br \/>\n Leistung: 136 KW<br \/>\n Hubraum: 1499 ccm<br \/>\n Typ: 1BQ467<br \/>\n Farbcode: White\/Weiss<br \/>\n Hinweise: &#8211;<\/p>\n<p> Versand: Versand nur in der Schweiz m\u00f6glich.Im Ausland ist der Transport k\u00e4uferseits.<br \/>\n Garantie: 3 Monate Garantie. Bitte beachten Sie, dass die Gew\u00e4hrleistung nur g\u00fcltig ist, wenn der Ersatzteileinbau durch eine Fachwerkstatt\/Meisterwerkstatt erfolgt. Das Ein- und Ausbau des Ersatzteiles kann nicht an uns verrechnet werden. <\/p>\n<p> Ersatzteil: f\u00fcr andere Fahrzeugen (Marken) verf\u00fcgbar auf anfrage. Tel.041 980 27 47. Mobil. 076 589 27 47<\/p>\n<p> Kontakt<br \/>\n  Adresse: Autoverwertung Brun AG<br \/>\n           M\u00f6\u00f6slimatten 13<br \/>\n           6218 Ettiswil<br \/>\n  Telefon: 0041 (041) 980 27 47<br \/>\n  Telefax: 0041 (041) 980 03 47<\/p>\n<p> Wir bieten Ihnen weitere gebrauchte Autoteile zum Kauf an.<br \/>\n Tags: Schl\u00e4uche Rohre Ladeluftschlauch , Hoses&amp; Pipes Charge air , Tuyaux &amp; tubes Air de charge<br \/>\n<\/span><\/p>\n","protected":false},"excerpt":{"rendered":"<p>Technische Daten Fahrzeug: BMW Bmw 225 Chassis Nr.: WBA6Y310407G14351 Baujahr: 2020 Kilometer: 40277 KM Leistung: 136 KW Hubraum: 1499 ccm Typ: 1BQ467 Farbcode: White\/Weiss Hinweise: &#8211; Versand: Versand nur in der Schweiz m\u00f6glich.Im Ausland ist der Transport k\u00e4uferseits. Garantie: 3 Monate Garantie. Bitte beachten Sie, dass die Gew\u00e4hrleistung nur g\u00fcltig ist, wenn der Ersatzteileinbau durch&hellip; <a class=\"more-link\" href=\"https:\/\/occasions-teile.ch\/en\/produkt\/bmw-bmw-225-schlaeuche-rohre-ladeluftschlauch\/\">Continue reading <span class=\"screen-reader-text\">BMW Bmw 225 Schl\u00e4uche Rohre Ladeluftschlauch<\/span><\/a><\/p>\n","protected":false},"featured_media":325758,"template":"","meta":[],"product_brand":[],"product_cat":[6122,1509,1512,1515,23926,23922,23924,6386,6121,500,494,497,6385,6123,6387,23923,23925,23921,23927],"product_tag":[],"class_list":{"0":"post-325761","1":"product","2":"type-product","3":"status-publish","4":"has-post-thumbnail","6":"product_cat-en-air-fuel-system-motor","7":"product_cat-de_bmw","8":"product_cat-en_bmw","9":"product_cat-fr_bmw","10":"product_cat-fr_slug_bmw_bmw-225_656","11":"product_cat-de_slug_bmw_bmw-225_526","12":"product_cat-en_slug_bmw_bmw-225_138","13":"product_cat-en-hoses-pipes-charge-air-luft-kraftstoffsystem","14":"product_cat-de-luft-kraftstoffsystem-motor","15":"product_cat-fr-moteur","16":"product_cat-de-motor","17":"product_cat-en-motor","18":"product_cat-de-schlaeuche-rohre-ladeluftschlauch-luft-kraftstoffsystem","19":"product_cat-fr-systeme-de-carburant-a-air-motor","20":"product_cat-fr-tuyaux-tubes-air-de-charge-luft-kraftstoffsystem","21":"product_cat-en-wba6y310407g14351-200000329","22":"product_cat-fr-wba6y310407g14351-200000329","23":"product_cat-de-wba6y310407g14351-200000329","24":"product_cat-de-xe","25":"product_shipping_class-tarif-1","26":"entry","28":"first","29":"instock","30":"taxable","31":"shipping-taxable","32":"purchasable","33":"product-type-simple"},"jetpack_sharing_enabled":true,"_links":{"self":[{"href":"https:\/\/occasions-teile.ch\/en\/wp-json\/wp\/v2\/product\/325761","targetHints":{"allow":["GET"]}}],"collection":[{"href":"https:\/\/occasions-teile.ch\/en\/wp-json\/wp\/v2\/product"}],"about":[{"href":"https:\/\/occasions-teile.ch\/en\/wp-json\/wp\/v2\/types\/product"}],"wp:featuredmedia":[{"embeddable":true,"href":"https:\/\/occasions-teile.ch\/en\/wp-json\/wp\/v2\/media\/325758"}],"wp:attachment":[{"href":"https:\/\/occasions-teile.ch\/en\/wp-json\/wp\/v2\/media?parent=325761"}],"wp:term":[{"taxonomy":"product_brand","embeddable":true,"href":"https:\/\/occasions-teile.ch\/en\/wp-json\/wp\/v2\/product_brand?post=325761"},{"taxonomy":"product_cat","embeddable":true,"href":"https:\/\/occasions-teile.ch\/en\/wp-json\/wp\/v2\/product_cat?post=325761"},{"taxonomy":"product_tag","embeddable":true,"href":"https:\/\/occasions-teile.ch\/en\/wp-json\/wp\/v2\/product_tag?post=325761"}],"curies":[{"name":"wp","href":"https:\/\/api.w.org\/{rel}","templated":true}]}}