{"id":325638,"date":"2024-08-29T13:07:44","date_gmt":"2024-08-29T13:07:44","guid":{"rendered":"https:\/\/occasions-teile.ch\/product\/citroen-jumper-zuendschloss\/"},"modified":"2024-08-29T14:04:50","modified_gmt":"2024-08-29T14:04:50","slug":"citroen-jumper-zuendschloss","status":"publish","type":"product","link":"https:\/\/occasions-teile.ch\/en\/produkt\/citroen-jumper-zuendschloss\/","title":{"rendered":"Citroen Jumper  Z\u00fcndschloss"},"content":{"rendered":"<p><span><b>Technische Daten<\/b><\/p>\n<p> Fahrzeug: Citroen Jumper<br \/>\n Chassis Nr.: VF7YA1MFA12L94490<br \/>\n Baujahr: 2019<br \/>\n Kilometer: 173289 KM<br \/>\n Leistung: 110 KW<br \/>\n Hubraum: 1997 ccm<br \/>\n Typ: 3CC269<br \/>\n Farbcode: blau<br \/>\n Hinweise: &#8211;<\/p>\n<p> Versand: Versand nur in der Schweiz m\u00f6glich.Im Ausland ist der Transport k\u00e4uferseits.<br \/>\n Garantie: 3 Monate Garantie. Bitte beachten Sie, dass die Gew\u00e4hrleistung nur g\u00fcltig ist, wenn der Ersatzteileinbau durch eine Fachwerkstatt\/Meisterwerkstatt erfolgt. Das Ein- und Ausbau des Ersatzteiles kann nicht an uns verrechnet werden. <\/p>\n<p> Ersatzteil: f\u00fcr andere Fahrzeugen (Marken) verf\u00fcgbar auf anfrage. Tel.041 980 27 47. Mobil. 076 589 27 47<\/p>\n<p> Kontakt<br \/>\n  Adresse: Autoverwertung Brun AG<br \/>\n           M\u00f6\u00f6slimatten 13<br \/>\n           6218 Ettiswil<br \/>\n  Telefon: 0041 (041) 980 27 47<br \/>\n  Telefax: 0041 (041) 980 03 47<\/p>\n<p> Wir bieten Ihnen weitere gebrauchte Autoteile zum Kauf an.<br \/>\n Tags: Z\u00fcndschloss, Ignition lock, Serrure d&#8217;allumage<br \/>\n<\/span><\/p>\n","protected":false},"excerpt":{"rendered":"<p>Technische Daten Fahrzeug: Citroen Jumper Chassis Nr.: VF7YA1MFA12L94490 Baujahr: 2019 Kilometer: 173289 KM Leistung: 110 KW Hubraum: 1997 ccm Typ: 3CC269 Farbcode: blau Hinweise: &#8211; Versand: Versand nur in der Schweiz m\u00f6glich.Im Ausland ist der Transport k\u00e4uferseits. Garantie: 3 Monate Garantie. Bitte beachten Sie, dass die Gew\u00e4hrleistung nur g\u00fcltig ist, wenn der Ersatzteileinbau durch eine&hellip; <a class=\"more-link\" href=\"https:\/\/occasions-teile.ch\/en\/produkt\/citroen-jumper-zuendschloss\/\">Continue reading <span class=\"screen-reader-text\">Citroen Jumper  Z\u00fcndschloss<\/span><\/a><\/p>\n","protected":false},"featured_media":325635,"template":"","meta":[],"product_brand":[],"product_cat":[3006,3007,3005,661,659,1161,5461,5459,5460,24078,500,497,494,657,1162,24075,24076,24077,1160],"product_tag":[],"class_list":{"0":"post-325638","1":"product","2":"type-product","3":"status-publish","4":"has-post-thumbnail","6":"product_cat-en_citroen","7":"product_cat-fr_citroen","8":"product_cat-de_citroen","9":"product_cat-fr-commande-du-moteur-allumage","10":"product_cat-en-engine-control-ignition","11":"product_cat-en-ignition-lock","12":"product_cat-fr_slug_citroen_jumper_435","13":"product_cat-de_slug_citroen_jumper_986","14":"product_cat-en_slug_citroen_jumper_320","15":"product_cat-de-kasten-2-0-bluehdi-110","16":"product_cat-fr-moteur","17":"product_cat-en-motor","18":"product_cat-de-motor","19":"product_cat-de-motorsteuerung-zuendung","20":"product_cat-fr-serrure-dallumage","21":"product_cat-de-vf7ya1mfa12l94490-200000371","22":"product_cat-en-vf7ya1mfa12l94490-200000371","23":"product_cat-fr-vf7ya1mfa12l94490-200000371","24":"product_cat-de-zuendschloss","25":"product_shipping_class-tarif-1","26":"entry","28":"first","29":"instock","30":"taxable","31":"shipping-taxable","32":"purchasable","33":"product-type-simple"},"jetpack_sharing_enabled":true,"_links":{"self":[{"href":"https:\/\/occasions-teile.ch\/en\/wp-json\/wp\/v2\/product\/325638","targetHints":{"allow":["GET"]}}],"collection":[{"href":"https:\/\/occasions-teile.ch\/en\/wp-json\/wp\/v2\/product"}],"about":[{"href":"https:\/\/occasions-teile.ch\/en\/wp-json\/wp\/v2\/types\/product"}],"wp:featuredmedia":[{"embeddable":true,"href":"https:\/\/occasions-teile.ch\/en\/wp-json\/wp\/v2\/media\/325635"}],"wp:attachment":[{"href":"https:\/\/occasions-teile.ch\/en\/wp-json\/wp\/v2\/media?parent=325638"}],"wp:term":[{"taxonomy":"product_brand","embeddable":true,"href":"https:\/\/occasions-teile.ch\/en\/wp-json\/wp\/v2\/product_brand?post=325638"},{"taxonomy":"product_cat","embeddable":true,"href":"https:\/\/occasions-teile.ch\/en\/wp-json\/wp\/v2\/product_cat?post=325638"},{"taxonomy":"product_tag","embeddable":true,"href":"https:\/\/occasions-teile.ch\/en\/wp-json\/wp\/v2\/product_tag?post=325638"}],"curies":[{"name":"wp","href":"https:\/\/api.w.org\/{rel}","templated":true}]}}